{"id":15294,"date":"2025-09-16T15:52:06","date_gmt":"2025-09-16T13:52:06","guid":{"rendered":"https:\/\/boreait.com\/fr\/?post_type=product&#038;p=15294"},"modified":"2026-02-06T12:45:56","modified_gmt":"2026-02-06T11:45:56","slug":"carte-mere-lenovo-thinkpad-l530-48-4sf09-011-piece-de-rechange-dorigine","status":"publish","type":"product","link":"https:\/\/boreait.com\/fr\/produit\/carte-mere-lenovo-thinkpad-l530-48-4sf09-011-piece-de-rechange-dorigine\/","title":{"rendered":"Carte m\u00e8re Lenovo Thinkpad L530 48.4SF09.011 \u2013 Pi\u00e8ce de rechange d&rsquo;origine"},"content":{"rendered":"<p>Carte m\u00e8re Lenovo Thinkpad L530 (48.4SF09.011)<\/p>\n<p>Restaurez toutes les fonctionnalit\u00e9s de votre Lenovo Thinkpad L530 gr\u00e2ce \u00e0 cette carte m\u00e8re d&rsquo;origine, r\u00e9f\u00e9rence 48.4SF09.011. Id\u00e9ale pour remplacer une carte m\u00e8re d\u00e9fectueuse ou endommag\u00e9e, elle garantit le bon fonctionnement de votre ordinateur portable.<\/p>\n<p>**Caract\u00e9ristiques du produit\u00a0:**<\/p>\n<p>&#8211; **Compatibilit\u00e9\u00a0:** Con\u00e7ue sp\u00e9cifiquement pour le mod\u00e8le Lenovo Thinkpad L530.<\/p>\n<p>&#8211; **R\u00e9f\u00e9rence\u00a0:** 48.4SF09.011, garantissant un ajustement et une compatibilit\u00e9 parfaits.<\/p>\n<p>&#8211; **Fonctionnalit\u00e9\u00a0:** Remplace les cartes m\u00e8res d\u00e9fectueuses ou endommag\u00e9es, r\u00e9tablissant ainsi toutes les performances.<\/p>\n<p>&#8211; **\u00c9tat\u00a0:** Des photos r\u00e9elles de la carte sont fournies, illustrant l&rsquo;\u00e9tat r\u00e9el de la pi\u00e8ce que vous recevrez.<\/p>\n<p>**Pourquoi choisir cette carte m\u00e8re\u00a0?**<\/p>\n<p>&#8211; **Fiabilit\u00e9\u00a0:** Id\u00e9ale pour r\u00e9parer ou mettre \u00e0 niveau votre Lenovo Thinkpad L530, elle garantit des performances fiables.<\/p>\n<p>&#8211; **Remplacement direct**\u00a0: Installation facile sans aucune modification.<\/p>\n<p>&#8211; **Livraison internationale**\u00a0: Disponible pour les clients du monde entier, en particulier les march\u00e9s europ\u00e9ens.<\/p>\n<p>Veuillez noter que les instructions d&rsquo;installation ne sont pas incluses. Si vous avez besoin d&rsquo;aide pour l&rsquo;installation, n&rsquo;h\u00e9sitez pas \u00e0 nous contacter.<\/p>\n<p>**Important**\u00a0: Les photos de cette annonce montrent la carte m\u00e8re exacte que vous recevrez. Chaque unit\u00e9 est soigneusement inspect\u00e9e afin de garantir sa conformit\u00e9 \u00e0 nos normes de qualit\u00e9.<\/p>\n","protected":false},"excerpt":{"rendered":"<p>Carte m\u00e8re Lenovo Thinkpad L530 (48.4SF09.011) \u2013 Pi\u00e8ce de rechange d&rsquo;origine. Assurez le bon fonctionnement de votre Lenovo Thinkpad L530 gr\u00e2ce \u00e0 cette carte m\u00e8re fiable, id\u00e9ale pour remplacer une carte d\u00e9fectueuse ou endommag\u00e9e.<\/p>\n","protected":false},"featured_media":15344,"template":"","meta":[],"product_brand":[],"product_cat":[63],"product_tag":[62],"class_list":{"0":"post-15294","1":"product","2":"type-product","3":"status-publish","4":"has-post-thumbnail","6":"product_cat-motherboards-board-parts","7":"product_tag-lenovo","9":"first","10":"instock","11":"taxable","12":"shipping-taxable","13":"purchasable","14":"product-type-simple"},"_links":{"self":[{"href":"https:\/\/boreait.com\/fr\/wp-json\/wp\/v2\/product\/15294","targetHints":{"allow":["GET"]}}],"collection":[{"href":"https:\/\/boreait.com\/fr\/wp-json\/wp\/v2\/product"}],"about":[{"href":"https:\/\/boreait.com\/fr\/wp-json\/wp\/v2\/types\/product"}],"wp:featuredmedia":[{"embeddable":true,"href":"https:\/\/boreait.com\/fr\/wp-json\/wp\/v2\/media\/15344"}],"wp:attachment":[{"href":"https:\/\/boreait.com\/fr\/wp-json\/wp\/v2\/media?parent=15294"}],"wp:term":[{"taxonomy":"product_brand","embeddable":true,"href":"https:\/\/boreait.com\/fr\/wp-json\/wp\/v2\/product_brand?post=15294"},{"taxonomy":"product_cat","embeddable":true,"href":"https:\/\/boreait.com\/fr\/wp-json\/wp\/v2\/product_cat?post=15294"},{"taxonomy":"product_tag","embeddable":true,"href":"https:\/\/boreait.com\/fr\/wp-json\/wp\/v2\/product_tag?post=15294"}],"curies":[{"name":"wp","href":"https:\/\/api.w.org\/{rel}","templated":true}]}}