{"id":15262,"date":"2025-09-16T15:51:06","date_gmt":"2025-09-16T13:51:06","guid":{"rendered":"https:\/\/boreait.com\/fr\/?post_type=product&#038;p=15262"},"modified":"2025-09-16T15:51:46","modified_gmt":"2025-09-16T13:51:46","slug":"ecran-ips-fhd-14-pour-ordinateur-portable-nv140fhm-n65-mat-edp-30-broches-neuf-sans-supports","status":"publish","type":"product","link":"https:\/\/boreait.com\/fr\/produit\/ecran-ips-fhd-14-pour-ordinateur-portable-nv140fhm-n65-mat-edp-30-broches-neuf-sans-supports\/","title":{"rendered":"\u00c9cran IPS FHD 14&Prime; pour ordinateur portable NV140FHM-N65, mat, eDP 30 broches, neuf, sans supports"},"content":{"rendered":"<p>Mod\u00e8le d&rsquo;\u00e9cran actuel\u00a0: B140HAN04.D \/ B140HAN07.1 \/ NV140FHM-N4T V8.2 \/ N140HCA-EEK &#8211; Enti\u00e8rement compatible avec le NV140FHM-N65<\/p>\n<p>Le NV140FHM-N65 est un \u00e9cran IPS Full HD (1920 x 1080) haut de gamme pour ordinateur portable de 14 pouces, con\u00e7u pour am\u00e9liorer votre exp\u00e9rience informatique avec des images nettes et claires et des couleurs \u00e9clatantes. Cet \u00e9cran de haute qualit\u00e9 est \u00e9quip\u00e9 d&rsquo;un connecteur eDP 30 broches, garantissant sa compatibilit\u00e9 avec une large gamme d&rsquo;ordinateurs portables. Sa finition mate r\u00e9duit les reflets et offre un confort d&rsquo;affichage optimal dans diff\u00e9rentes conditions d&rsquo;\u00e9clairage, ce qui le rend id\u00e9al pour une utilisation prolong\u00e9e, que vous travailliez, \u00e9tudiiez ou profitiez de contenus multim\u00e9dias.<\/p>\n<p>Cet \u00e9cran est neuf et en parfait \u00e9tat. Il constitue un excellent remplacement pour votre \u00e9cran d&rsquo;ordinateur portable ancien ou endommag\u00e9. L&rsquo;installation est simplifi\u00e9e gr\u00e2ce aux supports de fixation sup\u00e9rieurs et inf\u00e9rieurs. Pour faciliter l&rsquo;installation, nous avons inclus des bandes autocollantes, garantissant une fixation s\u00fbre et sans tracas.<\/p>\n<p>Que vous soyez un professionnel \u00e0 la recherche d&rsquo;un \u00e9cran performant ou un utilisateur occasionnel \u00e0 la recherche d&rsquo;un \u00e9cran de remplacement fiable, le NV140FHM-N65 offre un rapport qualit\u00e9-prix exceptionnel.<\/p>\n","protected":false},"excerpt":{"rendered":"<p>Am\u00e9liorez l&rsquo;\u00e9cran de votre ordinateur portable avec le NV140FHM-N65, un \u00e9cran IPS FHD de 14 pouces dot\u00e9 d&rsquo;un connecteur eDP 30 broches et d&rsquo;une finition mate pour r\u00e9duire les reflets. Ce tout nouveau panneau offre des images \u00e9poustouflantes avec des couleurs \u00e9clatantes et des d\u00e9tails nets, parfaits pour le travail comme pour les loisirs. Remarque\u00a0: cet \u00e9cran est livr\u00e9 sans supports sup\u00e9rieur et inf\u00e9rieur, mais avec des bandes autocollantes pour une installation facile.<\/p>\n","protected":false},"featured_media":13454,"template":"","meta":[],"product_brand":[],"product_cat":[98,95],"product_tag":[],"class_list":{"0":"post-15262","1":"product","2":"type-product","3":"status-publish","4":"has-post-thumbnail","6":"product_cat-14-new-laptop-screens-lcd-panels","7":"product_cat-new-laptop-screens-lcd-panels","9":"first","10":"instock","11":"taxable","12":"shipping-taxable","13":"purchasable","14":"product-type-simple"},"_links":{"self":[{"href":"https:\/\/boreait.com\/fr\/wp-json\/wp\/v2\/product\/15262","targetHints":{"allow":["GET"]}}],"collection":[{"href":"https:\/\/boreait.com\/fr\/wp-json\/wp\/v2\/product"}],"about":[{"href":"https:\/\/boreait.com\/fr\/wp-json\/wp\/v2\/types\/product"}],"wp:featuredmedia":[{"embeddable":true,"href":"https:\/\/boreait.com\/fr\/wp-json\/wp\/v2\/media\/13454"}],"wp:attachment":[{"href":"https:\/\/boreait.com\/fr\/wp-json\/wp\/v2\/media?parent=15262"}],"wp:term":[{"taxonomy":"product_brand","embeddable":true,"href":"https:\/\/boreait.com\/fr\/wp-json\/wp\/v2\/product_brand?post=15262"},{"taxonomy":"product_cat","embeddable":true,"href":"https:\/\/boreait.com\/fr\/wp-json\/wp\/v2\/product_cat?post=15262"},{"taxonomy":"product_tag","embeddable":true,"href":"https:\/\/boreait.com\/fr\/wp-json\/wp\/v2\/product_tag?post=15262"}],"curies":[{"name":"wp","href":"https:\/\/api.w.org\/{rel}","templated":true}]}}