{"id":15260,"date":"2025-09-16T15:51:06","date_gmt":"2025-09-16T13:51:06","guid":{"rendered":"https:\/\/boreait.com\/fr\/?post_type=product&#038;p=15260"},"modified":"2025-09-16T15:51:45","modified_gmt":"2025-09-16T13:51:45","slug":"ecran-mat-ips-fhd-14-pour-ordinateur-portable-b140han04-d-edp-30-broches-neuf-avec-bandes-autocollantes","status":"publish","type":"product","link":"https:\/\/boreait.com\/fr\/produit\/ecran-mat-ips-fhd-14-pour-ordinateur-portable-b140han04-d-edp-30-broches-neuf-avec-bandes-autocollantes\/","title":{"rendered":"\u00c9cran mat IPS FHD 14&Prime; pour ordinateur portable B140HAN04.D, eDP 30 broches, neuf avec bandes autocollantes"},"content":{"rendered":"<p>Mod\u00e8le d&rsquo;\u00e9cran actuel\u00a0: B140HAN04.D \/ B140HA07.1 \/ NV140FHM-N4T V8.2 \/ N140HCA-EEK<\/p>\n<p>Am\u00e9liorez l&rsquo;affichage de votre ordinateur portable avec l&rsquo;\u00e9cran mat IPS Full HD 14&Prime; B140HAN04.D, con\u00e7u pour offrir une clart\u00e9 exceptionnelle et des couleurs \u00e9clatantes. Cet \u00e9cran de remplacement est id\u00e9al pour les utilisateurs souhaitant moderniser l&rsquo;\u00e9cran de leur ordinateur portable ou remplacer un \u00e9cran endommag\u00e9. Dot\u00e9 d&rsquo;une r\u00e9solution de 1920 x 1080, il offre des images nettes, tandis que la technologie IPS garantit des couleurs et une clart\u00e9 constantes quel que soit l&rsquo;angle de vue.<\/p>\n<p>L&rsquo;\u00e9cran est \u00e9quip\u00e9 d&rsquo;un connecteur eDP 30 broches, garantissant sa compatibilit\u00e9 avec une large gamme d&rsquo;ordinateurs portables. Livr\u00e9 sans crochets, il est fourni avec des bandes autocollantes, ce qui simplifie l&rsquo;installation. Que vous soyez professionnel, \u00e9tudiant ou utilisateur occasionnel, cet \u00e9cran vous offre Un \u00e9quilibre parfait entre performance et fiabilit\u00e9.<\/p>\n<p><strong>Caract\u00e9ristiques principales\u00a0:<\/strong><\/p>\n<ul>\n<li>\u00c9cran IPS 14 pouces Full HD (1920 x 1080)<\/li>\n<li>Finition mate pour r\u00e9duire les reflets<\/li>\n<li>Connecteur eDP 30 broches pour une compatibilit\u00e9 \u00e9tendue<\/li>\n<li>Bandes autocollantes incluses pour une installation facile<\/li>\n<li>Pi\u00e8ce de rechange neuve de haute qualit\u00e9<\/li>\n<\/ul>\n<p>Id\u00e9al pour tous ceux qui recherchent un \u00e9cran de remplacement durable et performant, le B140HAN04.D est le choix id\u00e9al pour moderniser l&rsquo;\u00e9cran de leur ordinateur portable.<\/p>\n","protected":false},"excerpt":{"rendered":"<p>Am\u00e9liorez l&rsquo;\u00e9cran de votre ordinateur portable avec l&rsquo;\u00e9cran mat IPS FHD 14&Prime; B140HAN04.D. Cet \u00e9cran de remplacement neuf et de haute qualit\u00e9 est dot\u00e9 d&rsquo;un connecteur eDP 30 broches, offrant des images nettes et des angles de vision larges. L&rsquo;\u00e9cran est livr\u00e9 sans crochets et des bandes autocollantes sont incluses pour une installation facile.<\/p>\n","protected":false},"featured_media":13454,"template":"","meta":[],"product_brand":[],"product_cat":[98,95],"product_tag":[],"class_list":{"0":"post-15260","1":"product","2":"type-product","3":"status-publish","4":"has-post-thumbnail","6":"product_cat-14-new-laptop-screens-lcd-panels","7":"product_cat-new-laptop-screens-lcd-panels","9":"first","10":"instock","11":"taxable","12":"shipping-taxable","13":"purchasable","14":"product-type-simple"},"_links":{"self":[{"href":"https:\/\/boreait.com\/fr\/wp-json\/wp\/v2\/product\/15260","targetHints":{"allow":["GET"]}}],"collection":[{"href":"https:\/\/boreait.com\/fr\/wp-json\/wp\/v2\/product"}],"about":[{"href":"https:\/\/boreait.com\/fr\/wp-json\/wp\/v2\/types\/product"}],"wp:featuredmedia":[{"embeddable":true,"href":"https:\/\/boreait.com\/fr\/wp-json\/wp\/v2\/media\/13454"}],"wp:attachment":[{"href":"https:\/\/boreait.com\/fr\/wp-json\/wp\/v2\/media?parent=15260"}],"wp:term":[{"taxonomy":"product_brand","embeddable":true,"href":"https:\/\/boreait.com\/fr\/wp-json\/wp\/v2\/product_brand?post=15260"},{"taxonomy":"product_cat","embeddable":true,"href":"https:\/\/boreait.com\/fr\/wp-json\/wp\/v2\/product_cat?post=15260"},{"taxonomy":"product_tag","embeddable":true,"href":"https:\/\/boreait.com\/fr\/wp-json\/wp\/v2\/product_tag?post=15260"}],"curies":[{"name":"wp","href":"https:\/\/api.w.org\/{rel}","templated":true}]}}