{"id":15259,"date":"2025-09-16T15:51:06","date_gmt":"2025-09-16T13:51:06","guid":{"rendered":"https:\/\/boreait.com\/fr\/?post_type=product&#038;p=15259"},"modified":"2025-09-16T15:51:45","modified_gmt":"2025-09-16T13:51:45","slug":"ecran-lcd-mat-ips-fhd-14-pour-lenovo-thinkpad-t480s-connecteur-edp-30-broches-neuf","status":"publish","type":"product","link":"https:\/\/boreait.com\/fr\/produit\/ecran-lcd-mat-ips-fhd-14-pour-lenovo-thinkpad-t480s-connecteur-edp-30-broches-neuf\/","title":{"rendered":"\u00c9cran LCD mat IPS FHD 14&Prime; pour Lenovo ThinkPad T480s, connecteur eDP 30 broches, NEUF"},"content":{"rendered":"<p>Mod\u00e8le d&rsquo;\u00e9cran actuel\u00a0: LP140WF8-SPFA \/ B140HAN01.1\/ B140HAN04.0\/ NV140FHM-N46 avec supports &#8211; Enti\u00e8rement compatible avec les ordinateurs portables ThinkPad T480s (20L7, 20L8)<\/p>\n<p>Optimisez l&rsquo;apparence de votre Lenovo ThinkPad T480s (mod\u00e8les 20L7 et 20L8) avec cet \u00e9cran LCD mat IPS FHD haut de gamme de 14 pouces. Con\u00e7u pour offrir des images nettes et pr\u00e9cises, cet \u00e9cran offre une r\u00e9solution Full HD qui donne vie \u00e0 vos contenus avec des couleurs vives et des d\u00e9tails pr\u00e9cis. La technologie IPS garantit de larges angles de vision, facilitant la collaboration et le partage de votre \u00e9cran avec d&rsquo;autres utilisateurs, sans compromettre la qualit\u00e9 de l&rsquo;image.<\/p>\n<p>Cet \u00e9cran de remplacement est neuf et \u00e9quip\u00e9 d&rsquo;un connecteur eDP 30 broches, pour une installation simple et sans tracas. Sa finition mate r\u00e9duit les reflets et les reflets, offrant une exp\u00e9rience visuelle confortable, m\u00eame dans des environnements lumineux. Que vous remplaciez un \u00e9cran endommag\u00e9 ou que vous mettiez \u00e0 niveau votre ordinateur portable, cet \u00e9cran LCD de haute qualit\u00e9 est le choix id\u00e9al pour redonner \u00e0 l&rsquo;\u00e9cran de votre ThinkPad son \u00e9clat d&rsquo;origine.<\/p>\n<p>Principales caract\u00e9ristiques\u00a0:<\/p>\n<ul>\n<li>Compatible avec le Lenovo ThinkPad T480s (20L7, 20L8)<\/li>\n<li>R\u00e9solution Full HD 14&Prime; (1920 x 1080)<\/li>\n<li>Technologie IPS pour de grands angles de vision<\/li>\n<li>Finition mate pour r\u00e9duire les reflets<\/li>\n<li>Connecteur eDP 30 broches<\/li>\n<li>\u00c9tat\u00a0: Neuf<\/li>\n<\/ul>\n<p>D\u00e9couvrez la diff\u00e9rence avec cet \u00e9cran de remplacement haut de gamme pour Lenovo ThinkPad T480s, con\u00e7u pour r\u00e9pondre \u00e0 vos exigences les plus \u00e9lev\u00e9es en mati\u00e8re de qualit\u00e9 d&rsquo;affichage.<\/p>\n","protected":false},"excerpt":{"rendered":"<p>Am\u00e9liorez votre Lenovo ThinkPad T480s (20L7, 20L8) avec un \u00e9cran LCD mat IPS FHD 14&Prime; de haute qualit\u00e9. Ce tout nouvel \u00e9cran de remplacement est dot\u00e9 d&rsquo;un connecteur eDP 30 broches, offrant des couleurs \u00e9clatantes et des images nettes, id\u00e9al pour les professionnels en d\u00e9placement.<\/p>\n","protected":false},"featured_media":15273,"template":"","meta":[],"product_brand":[],"product_cat":[98,95],"product_tag":[61],"class_list":{"0":"post-15259","1":"product","2":"type-product","3":"status-publish","4":"has-post-thumbnail","6":"product_cat-14-new-laptop-screens-lcd-panels","7":"product_cat-new-laptop-screens-lcd-panels","8":"product_tag-hp","10":"first","11":"instock","12":"taxable","13":"shipping-taxable","14":"purchasable","15":"product-type-simple"},"_links":{"self":[{"href":"https:\/\/boreait.com\/fr\/wp-json\/wp\/v2\/product\/15259","targetHints":{"allow":["GET"]}}],"collection":[{"href":"https:\/\/boreait.com\/fr\/wp-json\/wp\/v2\/product"}],"about":[{"href":"https:\/\/boreait.com\/fr\/wp-json\/wp\/v2\/types\/product"}],"wp:featuredmedia":[{"embeddable":true,"href":"https:\/\/boreait.com\/fr\/wp-json\/wp\/v2\/media\/15273"}],"wp:attachment":[{"href":"https:\/\/boreait.com\/fr\/wp-json\/wp\/v2\/media?parent=15259"}],"wp:term":[{"taxonomy":"product_brand","embeddable":true,"href":"https:\/\/boreait.com\/fr\/wp-json\/wp\/v2\/product_brand?post=15259"},{"taxonomy":"product_cat","embeddable":true,"href":"https:\/\/boreait.com\/fr\/wp-json\/wp\/v2\/product_cat?post=15259"},{"taxonomy":"product_tag","embeddable":true,"href":"https:\/\/boreait.com\/fr\/wp-json\/wp\/v2\/product_tag?post=15259"}],"curies":[{"name":"wp","href":"https:\/\/api.w.org\/{rel}","templated":true}]}}