{"id":15258,"date":"2025-09-16T15:51:06","date_gmt":"2025-09-16T13:51:06","guid":{"rendered":"https:\/\/boreait.com\/fr\/?post_type=product&#038;p=15258"},"modified":"2025-09-16T15:51:45","modified_gmt":"2025-09-16T13:51:45","slug":"ecran-mat-ips-fhd-14-pour-ordinateur-portable-hp-14-bp019nf-et-14-bp016nf-connecteur-edp-30-broches","status":"publish","type":"product","link":"https:\/\/boreait.com\/fr\/produit\/ecran-mat-ips-fhd-14-pour-ordinateur-portable-hp-14-bp019nf-et-14-bp016nf-connecteur-edp-30-broches\/","title":{"rendered":"\u00c9cran mat IPS FHD 14&Prime; pour ordinateur portable HP 14-BP019NF et 14-BP016NF, connecteur eDP 30 broches"},"content":{"rendered":"<p>Mod\u00e8le d&rsquo;\u00e9cran actuel\u00a0: LP140WF8-SPFA \/ B140HAN01.1\/ B140HAN04.0\/ NV140FHM-N46 avec supports &#8211; Enti\u00e8rement compatible avec les ordinateurs portables <span data-sheets-root=\"1\">HP 14-BP019NF, 14-BP016NF<\/span><\/strong><\/p>\n<p>Am\u00e9liorez votre exp\u00e9rience informatique avec un \u00e9cran de remplacement haut de gamme pour votre ordinateur portable HP. Sp\u00e9cialement con\u00e7u pour les mod\u00e8les HP 14-BP019NF et 14-BP016NF, cet \u00e9cran IPS Full HD de 14 pouces offre des couleurs \u00e9clatantes et des d\u00e9tails nets, id\u00e9al pour le travail comme pour les loisirs. Sa finition mate r\u00e9duit les reflets, offrant une exp\u00e9rience visuelle confortable, m\u00eame dans des environnements lumineux.<\/p>\n<p>Cet \u00e9cran d&rsquo;ordinateur portable est \u00e9quip\u00e9 d&rsquo;un connecteur eDP 30 broches, garantissant un ajustement parfait et une installation facile. Que vous souhaitiez remplacer un \u00e9cran endommag\u00e9 ou le mettre \u00e0 niveau pour de meilleures performances, cet \u00e9cran neuf de haute qualit\u00e9 est le choix id\u00e9al. Profitez d&rsquo;un affichage am\u00e9lior\u00e9 et d&rsquo;un look \u00e9l\u00e9gant et moderne avec cet \u00e9cran de remplacement fiable pour ordinateur portable. <\/p>\n<p><strong>Caract\u00e9ristiques principales\u00a0:<\/strong><\/p>\n<ul>\n<li><strong>Compatibilit\u00e9\u00a0:<\/strong> Con\u00e7u pour les mod\u00e8les HP 14-BP019NF et 14-BP016NF.<\/li>\n<li><strong>\u00c9cran\u00a0:<\/strong> \u00c9cran IPS Full HD 14 pouces (1920 x 1080) pour des couleurs \u00e9clatantes et une nettet\u00e9 exceptionnelle.<\/li>\n<li><strong>Finition\u00a0:<\/strong> Surface mate pour r\u00e9duire les reflets.<\/li>\n<li><strong>Connecteur\u00a0:<\/strong> Connecteur eDP 30 broches pour une installation facile.<\/li>\n<li><strong>\u00c9tat\u00a0:<\/strong> \u00c9cran de remplacement neuf et de haute qualit\u00e9.<\/li>\n<\/ul>\n<p>Faites le bon choix pour la mise \u00e0 niveau ou la r\u00e9paration de votre ordinateur portable avec cet \u00e9cran haut de gamme, garantissant des performances et une satisfaction durables.<\/p>\n","protected":false},"excerpt":{"rendered":"<p>\u00c9quipez votre ordinateur portable HP 14-BP019NF ou 14-BP016NF d&rsquo;un tout nouvel \u00e9cran mat IPS FHD de 14 pouces. Cet \u00e9cran de haute qualit\u00e9 offre des images nettes gr\u00e2ce \u00e0 sa r\u00e9solution Full HD et sa finition antireflet pour un confort de visionnage optimal. Il est \u00e9quip\u00e9 d&rsquo;un connecteur eDP 30 broches, garantissant la compatibilit\u00e9 avec votre appareil.<\/p>\n","protected":false},"featured_media":15273,"template":"","meta":[],"product_brand":[],"product_cat":[98,95],"product_tag":[61],"class_list":{"0":"post-15258","1":"product","2":"type-product","3":"status-publish","4":"has-post-thumbnail","6":"product_cat-14-new-laptop-screens-lcd-panels","7":"product_cat-new-laptop-screens-lcd-panels","8":"product_tag-hp","10":"first","11":"instock","12":"taxable","13":"shipping-taxable","14":"purchasable","15":"product-type-simple"},"_links":{"self":[{"href":"https:\/\/boreait.com\/fr\/wp-json\/wp\/v2\/product\/15258","targetHints":{"allow":["GET"]}}],"collection":[{"href":"https:\/\/boreait.com\/fr\/wp-json\/wp\/v2\/product"}],"about":[{"href":"https:\/\/boreait.com\/fr\/wp-json\/wp\/v2\/types\/product"}],"wp:featuredmedia":[{"embeddable":true,"href":"https:\/\/boreait.com\/fr\/wp-json\/wp\/v2\/media\/15273"}],"wp:attachment":[{"href":"https:\/\/boreait.com\/fr\/wp-json\/wp\/v2\/media?parent=15258"}],"wp:term":[{"taxonomy":"product_brand","embeddable":true,"href":"https:\/\/boreait.com\/fr\/wp-json\/wp\/v2\/product_brand?post=15258"},{"taxonomy":"product_cat","embeddable":true,"href":"https:\/\/boreait.com\/fr\/wp-json\/wp\/v2\/product_cat?post=15258"},{"taxonomy":"product_tag","embeddable":true,"href":"https:\/\/boreait.com\/fr\/wp-json\/wp\/v2\/product_tag?post=15258"}],"curies":[{"name":"wp","href":"https:\/\/api.w.org\/{rel}","templated":true}]}}