{"id":15257,"date":"2025-09-16T15:51:05","date_gmt":"2025-09-16T13:51:05","guid":{"rendered":"https:\/\/boreait.com\/fr\/?post_type=product&#038;p=15257"},"modified":"2025-09-16T15:51:44","modified_gmt":"2025-09-16T13:51:44","slug":"nouvel-ecran-lcd-mat-ips-fhd-14-pour-lenovo-thinkpad-t440s-t440p-edp-30-broches","status":"publish","type":"product","link":"https:\/\/boreait.com\/fr\/produit\/nouvel-ecran-lcd-mat-ips-fhd-14-pour-lenovo-thinkpad-t440s-t440p-edp-30-broches\/","title":{"rendered":"Nouvel \u00e9cran LCD mat IPS FHD 14&Prime; pour Lenovo ThinkPad T440s T440p, eDP 30 broches"},"content":{"rendered":"<p>Mod\u00e8le d&rsquo;\u00e9cran actuel\u00a0: LP140WF8-SPFA \/ B140HAN01.1\/ B140HAN04.0\/ NV140FHM-N46 avec supports &#8211; Enti\u00e8rement compatible avec les ordinateurs portables <span data-sheets-root=\"1\">Lenovo ThinkPad T440s et T440p<\/span><\/strong><\/p>\n<p>Am\u00e9liorez la qualit\u00e9 d&rsquo;affichage de votre Lenovo ThinkPad T440s ou T440p gr\u00e2ce \u00e0 cet \u00e9cran LCD IPS Full HD (FHD) haut de gamme de 14 pouces. Con\u00e7u sp\u00e9cifiquement pour ces mod\u00e8les, cet \u00e9cran de remplacement offre une r\u00e9solution exceptionnelle de 1920 x 1080, offrant des couleurs \u00e9clatantes et une nettet\u00e9 exceptionnelle. La technologie IPS garantit une pr\u00e9cision des couleurs constante et de larges angles de vision, ce qui en fait un \u00e9cran id\u00e9al pour le travail comme pour les loisirs.<\/p>\n<p>Cet \u00e9cran pr\u00e9sente une finition mate r\u00e9duisant les reflets et les reflets, id\u00e9al pour une utilisation dans des environnements lumineux ou pour de longues heures de travail. Le connecteur eDP 30 broches garantit une compatibilit\u00e9 optimale. avec votre appareil, garantissant une installation facile et des performances fiables.<\/p>\n<p>Que vous ayez un \u00e9cran fissur\u00e9 ou que vous souhaitiez simplement am\u00e9liorer l&rsquo;affichage de votre ordinateur portable, cet \u00e9cran de remplacement neuf et de haute qualit\u00e9 est le choix id\u00e9al. Redonnez \u00e0 votre Lenovo ThinkPad T440s ou T440p son aspect d&rsquo;origine gr\u00e2ce \u00e0 cet \u00e9cran durable et fiable.<\/p>\n","protected":false},"excerpt":{"rendered":"<p>Am\u00e9liorez votre Lenovo ThinkPad T440s ou T440p avec ce tout nouvel \u00e9cran LCD IPS FHD 14&Prime;. Dot\u00e9 d&rsquo;une finition mate et d&rsquo;un connecteur eDP 30 broches, cet \u00e9cran de remplacement de haute qualit\u00e9 garantit des images nettes et une exp\u00e9rience sans reflets. Id\u00e9al pour restaurer la qualit\u00e9 d&rsquo;affichage de votre ordinateur portable, c&rsquo;est la solution id\u00e9ale pour les \u00e9crans fissur\u00e9s ou d\u00e9fectueux.<\/p>\n","protected":false},"featured_media":15273,"template":"","meta":[],"product_brand":[],"product_cat":[98,95],"product_tag":[62],"class_list":{"0":"post-15257","1":"product","2":"type-product","3":"status-publish","4":"has-post-thumbnail","6":"product_cat-14-new-laptop-screens-lcd-panels","7":"product_cat-new-laptop-screens-lcd-panels","8":"product_tag-lenovo","10":"first","11":"instock","12":"taxable","13":"shipping-taxable","14":"purchasable","15":"product-type-simple"},"_links":{"self":[{"href":"https:\/\/boreait.com\/fr\/wp-json\/wp\/v2\/product\/15257","targetHints":{"allow":["GET"]}}],"collection":[{"href":"https:\/\/boreait.com\/fr\/wp-json\/wp\/v2\/product"}],"about":[{"href":"https:\/\/boreait.com\/fr\/wp-json\/wp\/v2\/types\/product"}],"wp:featuredmedia":[{"embeddable":true,"href":"https:\/\/boreait.com\/fr\/wp-json\/wp\/v2\/media\/15273"}],"wp:attachment":[{"href":"https:\/\/boreait.com\/fr\/wp-json\/wp\/v2\/media?parent=15257"}],"wp:term":[{"taxonomy":"product_brand","embeddable":true,"href":"https:\/\/boreait.com\/fr\/wp-json\/wp\/v2\/product_brand?post=15257"},{"taxonomy":"product_cat","embeddable":true,"href":"https:\/\/boreait.com\/fr\/wp-json\/wp\/v2\/product_cat?post=15257"},{"taxonomy":"product_tag","embeddable":true,"href":"https:\/\/boreait.com\/fr\/wp-json\/wp\/v2\/product_tag?post=15257"}],"curies":[{"name":"wp","href":"https:\/\/api.w.org\/{rel}","templated":true}]}}