{"id":15256,"date":"2025-09-16T15:51:05","date_gmt":"2025-09-16T13:51:05","guid":{"rendered":"https:\/\/boreait.com\/fr\/?post_type=product&#038;p=15256"},"modified":"2025-09-16T15:51:44","modified_gmt":"2025-09-16T13:51:44","slug":"ecran-lcd-mat-ips-fhd-14-pour-hp-chromebook-14-db-connecteur-edp-30-broches-neuf","status":"publish","type":"product","link":"https:\/\/boreait.com\/fr\/produit\/ecran-lcd-mat-ips-fhd-14-pour-hp-chromebook-14-db-connecteur-edp-30-broches-neuf\/","title":{"rendered":"\u00c9cran LCD mat IPS FHD 14&Prime; pour HP Chromebook 14-DB, connecteur eDP 30 broches, neuf"},"content":{"rendered":"<p>Mod\u00e8le d&rsquo;\u00e9cran actuel\u00a0: LP140WF8-SPFA \/ B140HAN01.1\/ B140HAN04.0\/ NV140FHM-N46 avec supports &#8211; Enti\u00e8rement compatible avec les Chromebooks HP de la s\u00e9rie 14-db<\/p>\n<p>Am\u00e9liorez votre exp\u00e9rience visuelle avec notre \u00e9cran LCD 14 pouces de qualit\u00e9 sup\u00e9rieure, sp\u00e9cialement con\u00e7u pour les Chromebooks HP de la s\u00e9rie 14-db. Cet \u00e9cran IPS Full HD (FHD) offre une clart\u00e9 exceptionnelle et des couleurs \u00e9clatantes, garantissant des images et des vid\u00e9os nettes et r\u00e9alistes. Sa finition mate lui conf\u00e8re non seulement un aspect \u00e9l\u00e9gant et professionnel, mais r\u00e9duit \u00e9galement consid\u00e9rablement les reflets, ce qui le rend id\u00e9al pour une utilisation dans diverses conditions d&rsquo;\u00e9clairage.<\/p>\n<p>Avec son connecteur eDP 30 broches, cet \u00e9cran est con\u00e7u pour une installation facile, garantissant la compatibilit\u00e9 avec votre appareil sans configuration complexe. Que vous remplaciez un \u00e9cran endommag\u00e9 ou que vous mettiez \u00e0 niveau l&rsquo;\u00e9cran de votre Chromebook, ce tout nouvel \u00e9cran d&rsquo;ordinateur portable offre les performances et la fiabilit\u00e9 que vous attendez. Offrez \u00e0 votre Chromebook HP S\u00e9rie 14 db : un nouveau souffle avec ce remplacement d&rsquo;\u00e9cran de haute qualit\u00e9.<\/p>\n","protected":false},"excerpt":{"rendered":"<p>Am\u00e9liorez votre HP Chromebook s\u00e9rie 14-db avec cet \u00e9cran LCD IPS FHD 14&Prime; haut de gamme. Profitez d&rsquo;images d&rsquo;une nettet\u00e9 exceptionnelle gr\u00e2ce \u00e0 sa finition mate qui r\u00e9duit les reflets. Le connecteur eDP \u00e0 30 broches assure une connexion fluide, pour une installation rapide et sans tracas. Cet \u00e9cran d&rsquo;ordinateur portable flambant neuf est le remplacement id\u00e9al pour restaurer la qualit\u00e9 d&rsquo;affichage de votre appareil.<\/p>\n","protected":false},"featured_media":15273,"template":"","meta":[],"product_brand":[],"product_cat":[98,95],"product_tag":[61],"class_list":{"0":"post-15256","1":"product","2":"type-product","3":"status-publish","4":"has-post-thumbnail","6":"product_cat-14-new-laptop-screens-lcd-panels","7":"product_cat-new-laptop-screens-lcd-panels","8":"product_tag-hp","10":"first","11":"instock","12":"taxable","13":"shipping-taxable","14":"purchasable","15":"product-type-simple"},"_links":{"self":[{"href":"https:\/\/boreait.com\/fr\/wp-json\/wp\/v2\/product\/15256","targetHints":{"allow":["GET"]}}],"collection":[{"href":"https:\/\/boreait.com\/fr\/wp-json\/wp\/v2\/product"}],"about":[{"href":"https:\/\/boreait.com\/fr\/wp-json\/wp\/v2\/types\/product"}],"wp:featuredmedia":[{"embeddable":true,"href":"https:\/\/boreait.com\/fr\/wp-json\/wp\/v2\/media\/15273"}],"wp:attachment":[{"href":"https:\/\/boreait.com\/fr\/wp-json\/wp\/v2\/media?parent=15256"}],"wp:term":[{"taxonomy":"product_brand","embeddable":true,"href":"https:\/\/boreait.com\/fr\/wp-json\/wp\/v2\/product_brand?post=15256"},{"taxonomy":"product_cat","embeddable":true,"href":"https:\/\/boreait.com\/fr\/wp-json\/wp\/v2\/product_cat?post=15256"},{"taxonomy":"product_tag","embeddable":true,"href":"https:\/\/boreait.com\/fr\/wp-json\/wp\/v2\/product_tag?post=15256"}],"curies":[{"name":"wp","href":"https:\/\/api.w.org\/{rel}","templated":true}]}}