{"id":15255,"date":"2025-09-16T15:51:05","date_gmt":"2025-09-16T13:51:05","guid":{"rendered":"https:\/\/boreait.com\/fr\/?post_type=product&#038;p=15255"},"modified":"2026-02-17T14:23:03","modified_gmt":"2026-02-17T13:23:03","slug":"ecran-lcd-ips-fhd-mat-30-broches-pour-dell-latitude-5480-5490-5491-14-189yj","status":"publish","type":"product","link":"https:\/\/boreait.com\/fr\/produit\/ecran-lcd-ips-fhd-mat-30-broches-pour-dell-latitude-5480-5490-5491-14-189yj\/","title":{"rendered":"\u00c9cran LCD IPS FHD mat 30 broches pour Dell Latitude 5480\/5490\/5491 14&Prime; (189YJ)"},"content":{"rendered":"<p>Mod\u00e8le d&rsquo;\u00e9cran actuel\u00a0: LP140WF8-SPFA \/ B140HAN01.1\/ B140HAN04.0\/ NV140FHM-N46 avec supports &#8211; Enti\u00e8rement compatible avec les Dell Latitude 5480, 5490, 5491 &#8211; 189YJ<\/p>\n<p>Am\u00e9liorez votre exp\u00e9rience utilisateur avec un nouvel \u00e9cran LCD IPS FHD 14 pouces de haute qualit\u00e9, sp\u00e9cialement con\u00e7u pour les mod\u00e8les Dell Latitude 5480, 5490 et 5491. Cet \u00e9cran de remplacement (r\u00e9f\u00e9rence\u00a0: 189YJ) offre des images \u00e9poustouflantes avec une r\u00e9solution Full HD, claires et nettes pour tous vos besoins informatiques. La technologie IPS garantit de larges angles de vision et une reproduction des couleurs homog\u00e8ne, ce qui le rend id\u00e9al pour un usage professionnel et personnel.<\/p>\n<p>L&rsquo;\u00e9cran pr\u00e9sente une finition mate qui r\u00e9duit consid\u00e9rablement les reflets et l&rsquo;\u00e9blouissement, pour une utilisation confortable Diff\u00e9rentes conditions d&rsquo;\u00e9clairage. Gr\u00e2ce \u00e0 son connecteur eDP 30 broches, l&rsquo;installation est simple et votre ordinateur portable sera op\u00e9rationnel en un rien de temps. Que vous remplaciez un \u00e9cran endommag\u00e9 ou que vous souhaitiez le mettre \u00e0 niveau pour de meilleures performances, cet \u00e9cran LCD offre la fiabilit\u00e9 et la qualit\u00e9 que vous attendez des composants Dell.<\/p>\n<p>Cet \u00e9cran est compatible avec les mod\u00e8les Dell Latitude 5480, 5490 et 5491, garantissant un ajustement pr\u00e9cis et un fonctionnement optimal. Investissez dans ce nouvel \u00e9cran d&rsquo;ordinateur portable pour restaurer ou am\u00e9liorer les performances d&rsquo;affichage de votre appareil et profitez d&rsquo;une meilleure exp\u00e9rience visuelle \u00e0 chaque utilisation.<\/p>\n","protected":false},"excerpt":{"rendered":"<p>Am\u00e9liorez votre Dell Latitude 5480, 5490 ou 5491 avec ce tout nouvel \u00e9cran LCD IPS FHD 14&Prime;. Dot\u00e9 d&rsquo;une finition mate r\u00e9duisant les reflets, cet \u00e9cran offre des images nettes en r\u00e9solution Full HD. Il est \u00e9quip\u00e9 d&rsquo;un connecteur eDP 30 broches pour une installation facile. Cette pi\u00e8ce de rechange d&rsquo;origine (r\u00e9f\u00e9rence\u00a0: 189YJ) garantit un ajustement parfait et des performances optimales pour votre ordinateur portable.<\/p>\n","protected":false},"featured_media":15273,"template":"","meta":[],"product_brand":[],"product_cat":[98,95],"product_tag":[53],"class_list":{"0":"post-15255","1":"product","2":"type-product","3":"status-publish","4":"has-post-thumbnail","6":"product_cat-14-new-laptop-screens-lcd-panels","7":"product_cat-new-laptop-screens-lcd-panels","8":"product_tag-dell","10":"first","11":"instock","12":"taxable","13":"shipping-taxable","14":"purchasable","15":"product-type-simple"},"_links":{"self":[{"href":"https:\/\/boreait.com\/fr\/wp-json\/wp\/v2\/product\/15255","targetHints":{"allow":["GET"]}}],"collection":[{"href":"https:\/\/boreait.com\/fr\/wp-json\/wp\/v2\/product"}],"about":[{"href":"https:\/\/boreait.com\/fr\/wp-json\/wp\/v2\/types\/product"}],"wp:featuredmedia":[{"embeddable":true,"href":"https:\/\/boreait.com\/fr\/wp-json\/wp\/v2\/media\/15273"}],"wp:attachment":[{"href":"https:\/\/boreait.com\/fr\/wp-json\/wp\/v2\/media?parent=15255"}],"wp:term":[{"taxonomy":"product_brand","embeddable":true,"href":"https:\/\/boreait.com\/fr\/wp-json\/wp\/v2\/product_brand?post=15255"},{"taxonomy":"product_cat","embeddable":true,"href":"https:\/\/boreait.com\/fr\/wp-json\/wp\/v2\/product_cat?post=15255"},{"taxonomy":"product_tag","embeddable":true,"href":"https:\/\/boreait.com\/fr\/wp-json\/wp\/v2\/product_tag?post=15255"}],"curies":[{"name":"wp","href":"https:\/\/api.w.org\/{rel}","templated":true}]}}