{"id":15252,"date":"2025-09-16T15:51:04","date_gmt":"2025-09-16T13:51:04","guid":{"rendered":"https:\/\/boreait.com\/fr\/?post_type=product&#038;p=15252"},"modified":"2025-09-16T15:51:42","modified_gmt":"2025-09-16T13:51:42","slug":"ecran-lcd-mat-ips-fhd-14-pour-ordinateur-portable-lp140wf6-sph1-connecteur-edp-30-broches-neuf","status":"publish","type":"product","link":"https:\/\/boreait.com\/fr\/produit\/ecran-lcd-mat-ips-fhd-14-pour-ordinateur-portable-lp140wf6-sph1-connecteur-edp-30-broches-neuf\/","title":{"rendered":"\u00c9cran LCD mat IPS FHD 14&Prime; pour ordinateur portable LP140WF6-SPH1, connecteur eDP 30 broches, neuf"},"content":{"rendered":"<p>Mod\u00e8le d&rsquo;\u00e9cran actuel\u00a0: LP140WF8-SPFA \/ B140HAN01.1\/ B140HAN04.0\/ NV140FHM-N46 avec supports &#8211; Enti\u00e8rement compatible avec LP140WF6-SPH1<\/p>\n<p>Am\u00e9liorez l&rsquo;\u00e9cran de votre ordinateur portable avec l&rsquo;\u00e9cran LCD LP140WF6-SPH1 (SP)(H1) 14&Prime;. Cet \u00e9cran de remplacement de qualit\u00e9 sup\u00e9rieure offre une r\u00e9solution Full HD (1920 x 1080), offrant des images nettes et pr\u00e9cises avec des d\u00e9tails \u00e9poustouflants. La technologie IPS (In-Plane Switching) garantit des couleurs \u00e9clatantes et de larges angles de vision, parfaits pour tous vos besoins informatiques. Sa finition mate r\u00e9duit les reflets, ce qui le rend id\u00e9al pour une utilisation en int\u00e9rieur comme en ext\u00e9rieur.<\/p>\n<p>Cet \u00e9cran LCD est \u00e9quip\u00e9 d&rsquo;un connecteur eDP 30 broches, ce qui le rend compatible avec une large gamme de mod\u00e8les d&rsquo;ordinateurs portables. Cet \u00e9cran 14 pouces est id\u00e9al pour ceux qui recherchent un \u00e9quilibre entre taille d&rsquo;\u00e9cran et portabilit\u00e9. Que vous soyez Que vous soyez \u00e9tudiant, professionnel ou utilisateur occasionnel, cet \u00e9cran am\u00e9liorera votre exp\u00e9rience avec votre ordinateur portable gr\u00e2ce \u00e0 ses performances et sa durabilit\u00e9 sup\u00e9rieures.<\/p>\n<p>L&rsquo;installation est simple et l&rsquo;\u00e9cran est con\u00e7u pour s&rsquo;int\u00e9grer parfaitement \u00e0 votre configuration existante. Le LP140WF6-SPH1 est neuf, vous garantissant un produit sans d\u00e9faut, pr\u00eat \u00e0 vous offrir la meilleure exp\u00e9rience visuelle possible.<\/p>\n","protected":false},"excerpt":{"rendered":"<p>B\u00e9n\u00e9ficiez d&rsquo;une qualit\u00e9 d&rsquo;image sup\u00e9rieure avec l&rsquo;\u00e9cran mat IPS FHD 14&Prime; LP140WF6-SPH1 pour ordinateur portable. Dot\u00e9 d&rsquo;un connecteur eDP 30 broches, ce nouvel \u00e9cran offre des couleurs \u00e9clatantes et des angles de vision larges, parfaits pour am\u00e9liorer la qualit\u00e9 d&rsquo;affichage de votre ordinateur portable.<\/p>\n","protected":false},"featured_media":15273,"template":"","meta":[],"product_brand":[],"product_cat":[98,95],"product_tag":[],"class_list":{"0":"post-15252","1":"product","2":"type-product","3":"status-publish","4":"has-post-thumbnail","6":"product_cat-14-new-laptop-screens-lcd-panels","7":"product_cat-new-laptop-screens-lcd-panels","9":"first","10":"instock","11":"taxable","12":"shipping-taxable","13":"purchasable","14":"product-type-simple"},"_links":{"self":[{"href":"https:\/\/boreait.com\/fr\/wp-json\/wp\/v2\/product\/15252","targetHints":{"allow":["GET"]}}],"collection":[{"href":"https:\/\/boreait.com\/fr\/wp-json\/wp\/v2\/product"}],"about":[{"href":"https:\/\/boreait.com\/fr\/wp-json\/wp\/v2\/types\/product"}],"wp:featuredmedia":[{"embeddable":true,"href":"https:\/\/boreait.com\/fr\/wp-json\/wp\/v2\/media\/15273"}],"wp:attachment":[{"href":"https:\/\/boreait.com\/fr\/wp-json\/wp\/v2\/media?parent=15252"}],"wp:term":[{"taxonomy":"product_brand","embeddable":true,"href":"https:\/\/boreait.com\/fr\/wp-json\/wp\/v2\/product_brand?post=15252"},{"taxonomy":"product_cat","embeddable":true,"href":"https:\/\/boreait.com\/fr\/wp-json\/wp\/v2\/product_cat?post=15252"},{"taxonomy":"product_tag","embeddable":true,"href":"https:\/\/boreait.com\/fr\/wp-json\/wp\/v2\/product_tag?post=15252"}],"curies":[{"name":"wp","href":"https:\/\/api.w.org\/{rel}","templated":true}]}}