{"id":15251,"date":"2025-09-16T15:51:04","date_gmt":"2025-09-16T13:51:04","guid":{"rendered":"https:\/\/boreait.com\/fr\/?post_type=product&#038;p=15251"},"modified":"2025-09-16T15:51:41","modified_gmt":"2025-09-16T13:51:41","slug":"ecran-mat-ips-fhd-14-pour-ordinateur-portable-ltn140hl05-901-connecteur-edp-30-broches-neuf","status":"publish","type":"product","link":"https:\/\/boreait.com\/fr\/produit\/ecran-mat-ips-fhd-14-pour-ordinateur-portable-ltn140hl05-901-connecteur-edp-30-broches-neuf\/","title":{"rendered":"\u00c9cran mat IPS FHD 14&Prime; pour ordinateur portable LTN140HL05-901 &#8211; Connecteur eDP 30 broches, neuf"},"content":{"rendered":"<p>Mod\u00e8le d&rsquo;\u00e9cran actuel\u00a0: LP140WF8-SPFA \/ B140HAN01.1\/ B140HAN04.0\/ NV140FHM-N46 avec supports &#8211; Enti\u00e8rement compatible avec <span data-sheets-root=\"1\">LTN140HL05-901<\/span><\/strong><\/p>\n<p>Profitez d&rsquo;une am\u00e9lioration visuelle significative avec l&rsquo;\u00e9cran LCD 14&Prime; pour ordinateur portable LTN140HL05-901. Con\u00e7u pour offrir une exp\u00e9rience visuelle immersive, cet \u00e9cran offre une r\u00e9solution Full HD (1920 x 1080) associ\u00e9e \u00e0 la technologie IPS (In-Plane Switching), garantissant des couleurs vives, de larges angles de vision et une luminosit\u00e9 constante. Sa finition mate r\u00e9duit les reflets, ce qui le rend id\u00e9al pour une utilisation dans diverses conditions d&rsquo;\u00e9clairage.<\/p>\n<p>Cet \u00e9cran est \u00e9quip\u00e9 d&rsquo;un connecteur eDP 30 broches, garantissant sa compatibilit\u00e9 avec de nombreux mod\u00e8les d&rsquo;ordinateurs portables. Il constitue un remplacement id\u00e9al pour votre \u00e9cran actuel, qu&rsquo;il soit endommag\u00e9, d\u00e9fectueux ou d\u00e9fectueux. Vous souhaitez simplement am\u00e9liorer la qualit\u00e9 d&rsquo;affichage de votre ordinateur portable.<\/p>\n<p>Ce tout nouvel \u00e9cran est con\u00e7u pour durer et garantir la clart\u00e9 et la nettet\u00e9 de l&rsquo;affichage de votre ordinateur portable pendant des ann\u00e9es. Facile \u00e0 installer, il vous permet de profiter d&rsquo;une meilleure exp\u00e9rience visuelle avec un minimum d&rsquo;effort. Passez \u00e0 la version sup\u00e9rieure d\u00e8s aujourd&rsquo;hui et constatez la diff\u00e9rence qu&rsquo;un \u00e9cran de haute qualit\u00e9 peut faire\u00a0!<\/p>\n","protected":false},"excerpt":{"rendered":"<p>Modernisez votre ordinateur portable avec l&rsquo;\u00e9cran LCD 14&Prime; LTN140HL05-901, offrant une r\u00e9solution Full HD (FHD) \u00e9poustouflante et des couleurs \u00e9clatantes gr\u00e2ce \u00e0 la technologie IPS. Ce tout nouvel \u00e9cran de haute qualit\u00e9 est dot\u00e9 d&rsquo;une finition mate pour r\u00e9duire les reflets et d&rsquo;un connecteur eDP 30 broches pour une installation facile. Id\u00e9al pour remplacer votre \u00e9cran ancien ou endommag\u00e9, cet \u00e9cran offre des images nettes et des performances constantes.<\/p>\n","protected":false},"featured_media":15273,"template":"","meta":[],"product_brand":[],"product_cat":[98,95],"product_tag":[],"class_list":{"0":"post-15251","1":"product","2":"type-product","3":"status-publish","4":"has-post-thumbnail","6":"product_cat-14-new-laptop-screens-lcd-panels","7":"product_cat-new-laptop-screens-lcd-panels","9":"first","10":"instock","11":"taxable","12":"shipping-taxable","13":"purchasable","14":"product-type-simple"},"_links":{"self":[{"href":"https:\/\/boreait.com\/fr\/wp-json\/wp\/v2\/product\/15251","targetHints":{"allow":["GET"]}}],"collection":[{"href":"https:\/\/boreait.com\/fr\/wp-json\/wp\/v2\/product"}],"about":[{"href":"https:\/\/boreait.com\/fr\/wp-json\/wp\/v2\/types\/product"}],"wp:featuredmedia":[{"embeddable":true,"href":"https:\/\/boreait.com\/fr\/wp-json\/wp\/v2\/media\/15273"}],"wp:attachment":[{"href":"https:\/\/boreait.com\/fr\/wp-json\/wp\/v2\/media?parent=15251"}],"wp:term":[{"taxonomy":"product_brand","embeddable":true,"href":"https:\/\/boreait.com\/fr\/wp-json\/wp\/v2\/product_brand?post=15251"},{"taxonomy":"product_cat","embeddable":true,"href":"https:\/\/boreait.com\/fr\/wp-json\/wp\/v2\/product_cat?post=15251"},{"taxonomy":"product_tag","embeddable":true,"href":"https:\/\/boreait.com\/fr\/wp-json\/wp\/v2\/product_tag?post=15251"}],"curies":[{"name":"wp","href":"https:\/\/api.w.org\/{rel}","templated":true}]}}