{"id":15247,"date":"2025-09-16T15:51:03","date_gmt":"2025-09-16T13:51:03","guid":{"rendered":"https:\/\/boreait.com\/fr\/?post_type=product&#038;p=15247"},"modified":"2025-09-16T15:51:39","modified_gmt":"2025-09-16T13:51:39","slug":"ecran-mat-ips-fhd-14-pour-ordinateur-portable-b140htn01-2-edp-30-broches-neuf","status":"publish","type":"product","link":"https:\/\/boreait.com\/fr\/produit\/ecran-mat-ips-fhd-14-pour-ordinateur-portable-b140htn01-2-edp-30-broches-neuf\/","title":{"rendered":"\u00c9cran mat IPS FHD 14&Prime; pour ordinateur portable &#8211; B140HTN01.2, eDP 30 broches, neuf"},"content":{"rendered":"<p>Mod\u00e8le d&rsquo;\u00e9cran actuel\u00a0: LP140WF8-SPFA \/ B140HAN01.1 \/ B140HAN04.0 \/ NV140FHM-N46 avec supports &#8211; Enti\u00e8rement compatible avec le B140HTN01.2<\/p>\n<p>Am\u00e9liorez l&rsquo;affichage de votre ordinateur portable avec l&rsquo;\u00e9cran LCD 14&Prime; B140HTN01.2. Con\u00e7u pour offrir une qualit\u00e9 d&rsquo;image exceptionnelle, cet \u00e9cran offre une r\u00e9solution Full HD (1920 x 1080) et la technologie IPS pour de larges angles de vision et une reproduction fid\u00e8le des couleurs. Sa finition mate minimise les reflets, ce qui le rend id\u00e9al pour une utilisation dans des environnements lumineux.<\/p>\n<p>L&rsquo;\u00e9cran est \u00e9quip\u00e9 d&rsquo;un connecteur eDP 30 broches, garantissant une connexion fluide et une compatibilit\u00e9 avec une large gamme de mod\u00e8les d&rsquo;ordinateurs portables. Que vous remplaciez un \u00e9cran endommag\u00e9 ou que vous souhaitiez le mettre \u00e0 niveau pour un meilleur affichage, le B140HTN01.2 est le choix id\u00e9al. Cet \u00e9cran neuf garantit des performances fiables et Long\u00e9vit\u00e9.<\/p>\n<p>Principales caract\u00e9ristiques\u00a0:<\/p>\n<ul>\n<li><strong>Taille<\/strong>\u00a0: 14 pouces<\/li>\n<li><strong>R\u00e9solution<\/strong>\u00a0: Full HD (1920 x 1080)<\/li>\n<li><strong>Type de dalle<\/strong>\u00a0: IPS pour de larges angles de vision et une pr\u00e9cision des couleurs optimale<\/li>\n<li><strong>Finition<\/strong>\u00a0: Mate pour r\u00e9duire les reflets<\/li>\n<li><strong>Connecteur<\/strong>\u00a0: eDP 30 broches<\/li>\n<li><strong>\u00c9tat<\/strong>\u00a0: Neuf<\/li>\n<\/ul>\n<p>Profitez d&rsquo;un affichage clair et net avec l&rsquo;\u00e9cran LCD B140HTN01.2, con\u00e7u pour r\u00e9pondre \u00e0 vos exigences \u00e9lev\u00e9es en mati\u00e8re de qualit\u00e9 et de performances.<\/p>\n","protected":false},"excerpt":{"rendered":"<p>Am\u00e9liorez l&rsquo;affichage de votre ordinateur portable avec l&rsquo;\u00e9cran LCD B140HTN01.2. Cette dalle IPS 14&Prime; FHD (1920 x 1080) offre des couleurs \u00e9clatantes et des images nettes. Dot\u00e9 d&rsquo;un connecteur eDP 30 broches et d&rsquo;une finition mate antireflet, cet \u00e9cran est id\u00e9al pour une exp\u00e9rience visuelle optimale. \u00c9tat\u00a0: Neuf.<\/p>\n","protected":false},"featured_media":15273,"template":"","meta":[],"product_brand":[],"product_cat":[98,95],"product_tag":[],"class_list":{"0":"post-15247","1":"product","2":"type-product","3":"status-publish","4":"has-post-thumbnail","6":"product_cat-14-new-laptop-screens-lcd-panels","7":"product_cat-new-laptop-screens-lcd-panels","9":"first","10":"instock","11":"taxable","12":"shipping-taxable","13":"purchasable","14":"product-type-simple"},"_links":{"self":[{"href":"https:\/\/boreait.com\/fr\/wp-json\/wp\/v2\/product\/15247","targetHints":{"allow":["GET"]}}],"collection":[{"href":"https:\/\/boreait.com\/fr\/wp-json\/wp\/v2\/product"}],"about":[{"href":"https:\/\/boreait.com\/fr\/wp-json\/wp\/v2\/types\/product"}],"wp:featuredmedia":[{"embeddable":true,"href":"https:\/\/boreait.com\/fr\/wp-json\/wp\/v2\/media\/15273"}],"wp:attachment":[{"href":"https:\/\/boreait.com\/fr\/wp-json\/wp\/v2\/media?parent=15247"}],"wp:term":[{"taxonomy":"product_brand","embeddable":true,"href":"https:\/\/boreait.com\/fr\/wp-json\/wp\/v2\/product_brand?post=15247"},{"taxonomy":"product_cat","embeddable":true,"href":"https:\/\/boreait.com\/fr\/wp-json\/wp\/v2\/product_cat?post=15247"},{"taxonomy":"product_tag","embeddable":true,"href":"https:\/\/boreait.com\/fr\/wp-json\/wp\/v2\/product_tag?post=15247"}],"curies":[{"name":"wp","href":"https:\/\/api.w.org\/{rel}","templated":true}]}}