{"id":15246,"date":"2025-09-16T15:51:02","date_gmt":"2025-09-16T13:51:02","guid":{"rendered":"https:\/\/boreait.com\/fr\/?post_type=product&#038;p=15246"},"modified":"2025-09-16T15:51:39","modified_gmt":"2025-09-16T13:51:39","slug":"ecran-mat-ips-fhd-14-pour-ordinateur-portable-n140hca-eab-ebb-connecteur-edp-30-broches-neuf","status":"publish","type":"product","link":"https:\/\/boreait.com\/fr\/produit\/ecran-mat-ips-fhd-14-pour-ordinateur-portable-n140hca-eab-ebb-connecteur-edp-30-broches-neuf\/","title":{"rendered":"\u00c9cran mat IPS FHD 14&Prime; pour ordinateur portable N140HCA-EAB\/EBB, connecteur eDP 30 broches, neuf"},"content":{"rendered":"<p>Mod\u00e8le d&rsquo;\u00e9cran actuel\u00a0: LP140WF8-SPFA \/ B140HAN01.1 \/ B140HAN04.0 \/ NV140FHM-N46 avec supports &#8211; Enti\u00e8rement compatible avec N140HCA-EAB \/ N140HCA-EBB<\/p>\n<p>Optimisez les performances d&rsquo;affichage de votre ordinateur portable gr\u00e2ce \u00e0 l&rsquo;\u00e9cran LCD 14 pouces N140HCA-EAB\/EBB. Con\u00e7u pour offrir des images nettes et \u00e9clatantes, cet \u00e9cran Full HD (1920 x 1080) est dot\u00e9 de la technologie IPS (In-Plane Switching), offrant de larges angles de vision et une pr\u00e9cision des couleurs exceptionnelle pour une exp\u00e9rience immersive. Sa finition mate minimise les reflets, ce qui le rend id\u00e9al pour une utilisation dans des environnements lumineux sans compromettre la clart\u00e9 de l&rsquo;image.<\/p>\n<p>Cet \u00e9cran est \u00e9quip\u00e9 d&rsquo;un connecteur eDP 30 broches, garantissant sa compatibilit\u00e9 avec une large gamme d&rsquo;ordinateurs portables. Que vous souhaitiez remplacer un \u00e9cran endommag\u00e9 ou le remplacer pour une meilleure qualit\u00e9, le N140HCA-EAB\/EBB est un choix fiable. Cet \u00e9cran est neuf, vous garantissant un produit de haute qualit\u00e9 qui r\u00e9pond \u00e0 tous vos besoins d&rsquo;affichage.<\/p>\n<p>Id\u00e9al pour les professionnels, les \u00e9tudiants et les utilisateurs quotidiens, cet \u00e9cran d&rsquo;ordinateur portable donne vie \u00e0 vos contenus, des documents et feuilles de calcul au streaming et aux jeux. Facile \u00e0 installer, il constitue une solution \u00e9conomique pour prolonger la dur\u00e9e de vie de votre ordinateur portable tout en am\u00e9liorant votre exp\u00e9rience visuelle.<\/p>\n","protected":false},"excerpt":{"rendered":"<p>Am\u00e9liorez l&rsquo;\u00e9cran de votre ordinateur portable avec l&rsquo;\u00e9cran LCD 14 pouces N140HCA-EAB\/EBB. Ce tout nouvel \u00e9cran Full HD (FHD) offre des images \u00e9poustouflantes gr\u00e2ce \u00e0 la technologie IPS (In-Plane Switching) pour de larges angles de vision et une reproduction fid\u00e8le des couleurs. Sa finition mate r\u00e9duit les reflets, garantissant une visibilit\u00e9 optimale dans toutes les conditions d&rsquo;\u00e9clairage. Compatible avec les connecteurs eDP 30 broches, il remplace id\u00e9alement l&rsquo;\u00e9cran actuel de votre appareil.<\/p>\n","protected":false},"featured_media":15273,"template":"","meta":[],"product_brand":[],"product_cat":[98,95],"product_tag":[],"class_list":{"0":"post-15246","1":"product","2":"type-product","3":"status-publish","4":"has-post-thumbnail","6":"product_cat-14-new-laptop-screens-lcd-panels","7":"product_cat-new-laptop-screens-lcd-panels","9":"first","10":"instock","11":"taxable","12":"shipping-taxable","13":"purchasable","14":"product-type-simple"},"_links":{"self":[{"href":"https:\/\/boreait.com\/fr\/wp-json\/wp\/v2\/product\/15246","targetHints":{"allow":["GET"]}}],"collection":[{"href":"https:\/\/boreait.com\/fr\/wp-json\/wp\/v2\/product"}],"about":[{"href":"https:\/\/boreait.com\/fr\/wp-json\/wp\/v2\/types\/product"}],"wp:featuredmedia":[{"embeddable":true,"href":"https:\/\/boreait.com\/fr\/wp-json\/wp\/v2\/media\/15273"}],"wp:attachment":[{"href":"https:\/\/boreait.com\/fr\/wp-json\/wp\/v2\/media?parent=15246"}],"wp:term":[{"taxonomy":"product_brand","embeddable":true,"href":"https:\/\/boreait.com\/fr\/wp-json\/wp\/v2\/product_brand?post=15246"},{"taxonomy":"product_cat","embeddable":true,"href":"https:\/\/boreait.com\/fr\/wp-json\/wp\/v2\/product_cat?post=15246"},{"taxonomy":"product_tag","embeddable":true,"href":"https:\/\/boreait.com\/fr\/wp-json\/wp\/v2\/product_tag?post=15246"}],"curies":[{"name":"wp","href":"https:\/\/api.w.org\/{rel}","templated":true}]}}