{"id":15243,"date":"2025-09-16T15:51:00","date_gmt":"2025-09-16T13:51:00","guid":{"rendered":"https:\/\/boreait.com\/fr\/?post_type=product&#038;p=15243"},"modified":"2025-09-16T15:51:27","modified_gmt":"2025-09-16T13:51:27","slug":"ecran-ips-fhd-14-pour-ordinateur-portable-b140han0101-b140han01-02-b140han01-3-edp-mat-neuf","status":"publish","type":"product","link":"https:\/\/boreait.com\/fr\/produit\/ecran-ips-fhd-14-pour-ordinateur-portable-b140han0101-b140han01-02-b140han01-3-edp-mat-neuf\/","title":{"rendered":"\u00c9cran IPS FHD 14&Prime; pour ordinateur portable B140HAN0101, B140HAN01.02, B140HAN01.3 eDP mat &#8211; Neuf"},"content":{"rendered":"<p>Mod\u00e8le d&rsquo;\u00e9cran actuel\u00a0: LP140WF8-SPFA \/ B140HAN01.1\/ B140HAN04.0\/ NV140FHM-N46 avec supports &#8211; Enti\u00e8rement compatible avec les mod\u00e8les B140HAN0101, B140HAN01.02 et B140HAN01.3<\/p>\n<p>Optimisez les performances de votre ordinateur portable gr\u00e2ce \u00e0 notre \u00e9cran LCD IPS FHD 14 pouces de haute qualit\u00e9, compatible avec les mod\u00e8les B140HAN01.1, B140HAN01.2 et B140HAN01.3. Cet \u00e9cran offre une clart\u00e9 exceptionnelle et des couleurs \u00e9clatantes gr\u00e2ce \u00e0 sa r\u00e9solution Full HD et \u00e0 sa technologie IPS, garantissant de larges angles de vision et une qualit\u00e9 d&rsquo;image constante. Sa finition mate minimise les reflets et les reflets, offrant une exp\u00e9rience visuelle confortable, m\u00eame dans des environnements lumineux. <\/p>\n<p>\u00c9quip\u00e9 d&rsquo;un connecteur eDP, cet \u00e9cran est facile \u00e0 installer et s&rsquo;int\u00e8gre parfaitement \u00e0 votre ordinateur portable. Que vous souhaitiez remplacer un \u00e9cran endommag\u00e9 ou le remplacer pour un meilleur affichage, ce nouvel \u00e9cran LCD redonnera vie \u00e0 votre appareil. Am\u00e9liorez votre exp\u00e9rience informatique avec des images plus nettes, des couleurs plus riches et un \u00e9cran mat \u00e9l\u00e9gant, parfait pour le travail comme pour les loisirs. <\/p>\n<p><strong>Caract\u00e9ristiques\u00a0:<\/strong><\/p>\n<ul>\n<li><strong>Taille\u00a0:<\/strong> 14 pouces<\/li>\n<li><strong>R\u00e9solution\u00a0:<\/strong> Full HD (1920 x 1080)<\/li>\n<li><strong>Type de dalle\u00a0:<\/strong> IPS pour de larges angles de vision<\/li>\n<li><strong>Finition\u00a0:<\/strong> Mate pour r\u00e9duire les reflets<\/li>\n<li><strong>Connecteur\u00a0:<\/strong> eDP \/ 30 broches<\/li>\n<li><strong>\u00c9tat\u00a0:<\/strong> Neuf<\/li>\n<\/ul>\n<p>Id\u00e9al pour tous ceux qui recherchent un \u00e9cran de remplacement fiable et performant, cet \u00e9cran LCD vous garantit des images claires et \u00e9clatantes sans compromis.<\/p>\n","protected":false},"excerpt":{"rendered":"<p>Am\u00e9liorez votre ordinateur portable avec notre \u00e9cran IPS FHD 14 pouces haut de gamme, compatible avec les mod\u00e8les B140HAN01.1, B140HAN01.2 et B140HAN01.3. Dot\u00e9 d&rsquo;une finition mate pour une r\u00e9duction des reflets, cet \u00e9cran offre des images \u00e9poustouflantes, une nettet\u00e9 exceptionnelle et des couleurs \u00e9clatantes. Id\u00e9al pour un remplacement ou une mise \u00e0 niveau en toute simplicit\u00e9, il est neuf et pr\u00eat \u00e0 am\u00e9liorer votre exp\u00e9rience d&rsquo;utilisation.<\/p>\n","protected":false},"featured_media":15273,"template":"","meta":[],"product_brand":[],"product_cat":[98,95],"product_tag":[],"class_list":{"0":"post-15243","1":"product","2":"type-product","3":"status-publish","4":"has-post-thumbnail","6":"product_cat-14-new-laptop-screens-lcd-panels","7":"product_cat-new-laptop-screens-lcd-panels","9":"first","10":"instock","11":"taxable","12":"shipping-taxable","13":"purchasable","14":"product-type-simple"},"_links":{"self":[{"href":"https:\/\/boreait.com\/fr\/wp-json\/wp\/v2\/product\/15243","targetHints":{"allow":["GET"]}}],"collection":[{"href":"https:\/\/boreait.com\/fr\/wp-json\/wp\/v2\/product"}],"about":[{"href":"https:\/\/boreait.com\/fr\/wp-json\/wp\/v2\/types\/product"}],"wp:featuredmedia":[{"embeddable":true,"href":"https:\/\/boreait.com\/fr\/wp-json\/wp\/v2\/media\/15273"}],"wp:attachment":[{"href":"https:\/\/boreait.com\/fr\/wp-json\/wp\/v2\/media?parent=15243"}],"wp:term":[{"taxonomy":"product_brand","embeddable":true,"href":"https:\/\/boreait.com\/fr\/wp-json\/wp\/v2\/product_brand?post=15243"},{"taxonomy":"product_cat","embeddable":true,"href":"https:\/\/boreait.com\/fr\/wp-json\/wp\/v2\/product_cat?post=15243"},{"taxonomy":"product_tag","embeddable":true,"href":"https:\/\/boreait.com\/fr\/wp-json\/wp\/v2\/product_tag?post=15243"}],"curies":[{"name":"wp","href":"https:\/\/api.w.org\/{rel}","templated":true}]}}