{"id":15233,"date":"2025-09-16T15:50:33","date_gmt":"2025-09-16T13:50:33","guid":{"rendered":"https:\/\/boreait.com\/fr\/?post_type=product&#038;p=15233"},"modified":"2025-09-16T15:50:52","modified_gmt":"2025-09-16T13:50:52","slug":"ecran-ips-mat-fhd-173-pour-asus-g752vs-xb72k-nouvel-ecran-lcd-edp-30-broches","status":"publish","type":"product","link":"https:\/\/boreait.com\/fr\/produit\/ecran-ips-mat-fhd-173-pour-asus-g752vs-xb72k-nouvel-ecran-lcd-edp-30-broches\/","title":{"rendered":"\u00c9cran IPS mat FHD 17,3&Prime; pour ASUS G752VS-XB72K &#8211; Nouvel \u00e9cran LCD eDP 30 broches"},"content":{"rendered":"<p>Mod\u00e8le d&rsquo;\u00e9cran actuel\u00a0: N173HCE-E31 Rev. C2 \/ NV173FHM-N41 v8.0 &#8211; Enti\u00e8rement compatible avec l&rsquo;ordinateur portable ASUS G752VS-XB72K<\/p>\n<p>Mettez votre ordinateur portable ASUS G752VS-XB72K \u00e0 niveau avec cet \u00e9cran LCD IPS Full HD haut de gamme de 17,3 pouces. Con\u00e7u pour offrir des images d&rsquo;une nettet\u00e9 exceptionnelle, cet \u00e9cran offre une r\u00e9solution exceptionnelle de 1920 x 1080, garantissant des d\u00e9tails nets et des couleurs \u00e9clatantes. Sa finition mate minimise les reflets, ce qui le rend id\u00e9al pour une utilisation dans diverses conditions d&rsquo;\u00e9clairage, que vous jouiez, travailliez ou regardiez des vid\u00e9os.<\/p>\n<p>L&rsquo;\u00e9cran est \u00e9quip\u00e9 d&rsquo;un connecteur eDP 30 broches, garantissant une compatibilit\u00e9 optimale et une installation facile. Dot\u00e9 de la technologie IPS, il offre de larges angles de vision pour des couleurs et une clart\u00e9 constantes sous presque tous les angles. Cet \u00e9cran neuf et fabriqu\u00e9 selon les normes de qualit\u00e9 les plus strictes, constitue une mise \u00e0 niveau fiable et durable. votre ordinateur portable.<\/p>\n<p><strong>Caract\u00e9ristiques\u00a0:<\/strong><\/p>\n<ul>\n<li><strong>Compatibilit\u00e9\u00a0:<\/strong> Sp\u00e9cialement con\u00e7u pour ASUS G752VS-XB72K<\/li>\n<li><strong>Taille de l&rsquo;\u00e9cran\u00a0:<\/strong> 17,3 pouces<\/li>\n<li><strong>R\u00e9solution\u00a0:<\/strong> Full HD 1920 x 1080<\/li>\n<li><strong>Type de dalle\u00a0:<\/strong> IPS pour de larges angles de vision<\/li>\n<li><strong>Surface\u00a0:<\/strong> Finition mate pour r\u00e9duire les reflets<\/li>\n<li><strong>Connecteur\u00a0:<\/strong> eDP 30 broches<\/li>\n<li><strong>\u00c9tat\u00a0:<\/strong> Pi\u00e8ce de rechange neuve et de haute qualit\u00e9<\/li>\n<\/ul>\n<p>Am\u00e9liorez l&rsquo;\u00e9cran de votre ordinateur portable avec cet \u00e9cran LCD hautes performances et profitez d&rsquo;images am\u00e9lior\u00e9es qui donnent vie \u00e0 vos contenus num\u00e9riques. Que vous soyez un joueur, un designer ou un professionnel, cet \u00e9cran offre la clart\u00e9 et les performances dont vous avez besoin.<\/p>\n","protected":false},"excerpt":{"rendered":"<p>Am\u00e9liorez votre ASUS G752VS-XB72K avec un nouvel \u00e9cran mat IPS FHD de 17,3 pouces. Cet \u00e9cran LCD de remplacement offre des couleurs \u00e9clatantes, de larges angles de vision et une finition mate antireflet. Facile \u00e0 installer gr\u00e2ce \u00e0 son connecteur eDP 30 broches, il constitue la mise \u00e0 niveau id\u00e9ale pour un affichage optimal.<\/p>\n","protected":false},"featured_media":15237,"template":"","meta":[],"product_brand":[],"product_cat":[96,95],"product_tag":[66],"class_list":{"0":"post-15233","1":"product","2":"type-product","3":"status-publish","4":"has-post-thumbnail","6":"product_cat-17-3","7":"product_cat-new-laptop-screens-lcd-panels","8":"product_tag-asus","10":"first","11":"instock","12":"taxable","13":"shipping-taxable","14":"purchasable","15":"product-type-simple"},"_links":{"self":[{"href":"https:\/\/boreait.com\/fr\/wp-json\/wp\/v2\/product\/15233","targetHints":{"allow":["GET"]}}],"collection":[{"href":"https:\/\/boreait.com\/fr\/wp-json\/wp\/v2\/product"}],"about":[{"href":"https:\/\/boreait.com\/fr\/wp-json\/wp\/v2\/types\/product"}],"wp:featuredmedia":[{"embeddable":true,"href":"https:\/\/boreait.com\/fr\/wp-json\/wp\/v2\/media\/15237"}],"wp:attachment":[{"href":"https:\/\/boreait.com\/fr\/wp-json\/wp\/v2\/media?parent=15233"}],"wp:term":[{"taxonomy":"product_brand","embeddable":true,"href":"https:\/\/boreait.com\/fr\/wp-json\/wp\/v2\/product_brand?post=15233"},{"taxonomy":"product_cat","embeddable":true,"href":"https:\/\/boreait.com\/fr\/wp-json\/wp\/v2\/product_cat?post=15233"},{"taxonomy":"product_tag","embeddable":true,"href":"https:\/\/boreait.com\/fr\/wp-json\/wp\/v2\/product_tag?post=15233"}],"curies":[{"name":"wp","href":"https:\/\/api.w.org\/{rel}","templated":true}]}}