{"id":15221,"date":"2025-09-16T15:50:31","date_gmt":"2025-09-16T13:50:31","guid":{"rendered":"https:\/\/boreait.com\/fr\/?post_type=product&#038;p=15221"},"modified":"2025-09-16T15:50:46","modified_gmt":"2025-09-16T13:50:46","slug":"ecran-mat-ips-fhd-173-pour-ordinateur-portable-b173han01-0-b173han01-1-b173han01-3-neuf","status":"publish","type":"product","link":"https:\/\/boreait.com\/fr\/produit\/ecran-mat-ips-fhd-173-pour-ordinateur-portable-b173han01-0-b173han01-1-b173han01-3-neuf\/","title":{"rendered":"\u00c9cran mat IPS FHD 17,3&Prime; pour ordinateur portable B173HAN01.0 B173HAN01.1 B173HAN01.3 Neuf"},"content":{"rendered":"<p>Mod\u00e8le d&rsquo;\u00e9cran actuel\u00a0: N173HCE-E31 Rev. C2 \/ NV173FHM-N41 v8.0 &#8211; enti\u00e8rement compatible avec les mod\u00e8les B173HAN01.0, B173HAN01.1 et B173HAN01.3<\/p>\n<p>Am\u00e9liorez les performances et l&rsquo;esth\u00e9tique de votre ordinateur portable gr\u00e2ce \u00e0 nos \u00e9crans mats IPS FHD haut de gamme de 17,3\u00a0pouces, con\u00e7us pour les mod\u00e8les B173HAN01.0, B173HAN01.1 et B173HAN01.3. Offrant une r\u00e9solution Full HD de 1\u00a0920\u00a0x\u00a01\u00a0080\u00a0pixels, ces \u00e9crans offrent des images nettes et \u00e9clatantes, id\u00e9ales pour le travail comme pour les loisirs.<\/p>\n<p>La technologie IPS (In-Plane Switching) garantit des couleurs homog\u00e8nes et pr\u00e9cises quel que soit l&rsquo;angle de vue, pour une exp\u00e9rience immersive, que vous regardiez des vid\u00e9os, jouiez \u00e0 des jeux ou retouchiez des photos. La finition mate r\u00e9duit les reflets et l&rsquo;\u00e9blouissement, vous permettant de travailler confortablement m\u00eame en plein air. dans des environnements lumineux.<\/p>\n<p>Principales caract\u00e9ristiques\u00a0:<\/p>\n<ul>\n<li><strong>Taille\u00a0:<\/strong> 17,3 pouces<\/li>\n<li><strong>R\u00e9solution\u00a0:<\/strong> Full HD 1920 x 1080<\/li>\n<li><strong>Type de dalle\u00a0:<\/strong> IPS<\/li>\n<li><strong>Finition\u00a0:<\/strong> Mate (antireflet)<\/li>\n<li><strong>Connecteur\u00a0:<\/strong> eDP 30 broches<\/li>\n<li><strong>\u00c9tat\u00a0:<\/strong> Neuf<\/li>\n<\/ul>\n<p>Ces \u00e9crans sont fabriqu\u00e9s selon les normes les plus strictes, garantissant des performances fiables et une qualit\u00e9 durable. L&rsquo;installation est simple gr\u00e2ce au connecteur eDP 30 broches standard. Que vous remplaciez un \u00e9cran endommag\u00e9 ou que vous souhaitiez le remplacer pour une meilleure qualit\u00e9 visuelle, nos \u00e9crans LCD offrent un rapport qualit\u00e9-prix exceptionnel.<\/p>\n<p>Commandez d\u00e8s aujourd&rsquo;hui et profitez d&rsquo;une livraison rapide et d&rsquo;une excellente qualit\u00e9. Service client. Transformez votre ordinateur portable avec un \u00e9cran qui am\u00e9liore votre exp\u00e9rience visuelle et r\u00e9pond \u00e0 vos besoins.<\/p>\n","protected":false},"excerpt":{"rendered":"<p>Am\u00e9liorez votre ordinateur portable avec nos \u00e9crans mats IPS FHD 17,3&Prime; de haute qualit\u00e9, compatibles avec les mod\u00e8les B173HAN01.0, B173HAN01.1 et B173HAN01.3. Profitez d&rsquo;images \u00e9poustouflantes gr\u00e2ce \u00e0 une r\u00e9solution Full HD et \u00e0 de larges angles de vision. Dot\u00e9s d&rsquo;une finition mate r\u00e9sistante r\u00e9duisant les reflets, ces \u00e9crans garantissent un confort visuel optimal. Faciles \u00e0 installer gr\u00e2ce \u00e0 un connecteur eDP 30 broches, ces \u00e9crans neufs sont parfaits pour remplacer les \u00e9crans endommag\u00e9s ou obsol\u00e8tes. Commandez d\u00e8s maintenant pour une livraison rapide\u00a0!<\/p>\n","protected":false},"featured_media":15237,"template":"","meta":[],"product_brand":[],"product_cat":[96,95],"product_tag":[],"class_list":{"0":"post-15221","1":"product","2":"type-product","3":"status-publish","4":"has-post-thumbnail","6":"product_cat-17-3","7":"product_cat-new-laptop-screens-lcd-panels","9":"first","10":"instock","11":"taxable","12":"shipping-taxable","13":"purchasable","14":"product-type-simple"},"_links":{"self":[{"href":"https:\/\/boreait.com\/fr\/wp-json\/wp\/v2\/product\/15221","targetHints":{"allow":["GET"]}}],"collection":[{"href":"https:\/\/boreait.com\/fr\/wp-json\/wp\/v2\/product"}],"about":[{"href":"https:\/\/boreait.com\/fr\/wp-json\/wp\/v2\/types\/product"}],"wp:featuredmedia":[{"embeddable":true,"href":"https:\/\/boreait.com\/fr\/wp-json\/wp\/v2\/media\/15237"}],"wp:attachment":[{"href":"https:\/\/boreait.com\/fr\/wp-json\/wp\/v2\/media?parent=15221"}],"wp:term":[{"taxonomy":"product_brand","embeddable":true,"href":"https:\/\/boreait.com\/fr\/wp-json\/wp\/v2\/product_brand?post=15221"},{"taxonomy":"product_cat","embeddable":true,"href":"https:\/\/boreait.com\/fr\/wp-json\/wp\/v2\/product_cat?post=15221"},{"taxonomy":"product_tag","embeddable":true,"href":"https:\/\/boreait.com\/fr\/wp-json\/wp\/v2\/product_tag?post=15221"}],"curies":[{"name":"wp","href":"https:\/\/api.w.org\/{rel}","templated":true}]}}