{"id":15217,"date":"2025-09-16T15:50:30","date_gmt":"2025-09-16T13:50:30","guid":{"rendered":"https:\/\/boreait.com\/fr\/?post_type=product&#038;p=15217"},"modified":"2025-10-15T14:12:34","modified_gmt":"2025-10-15T12:12:34","slug":"nouvel-ecran-lcd-mat-ips-fhd-156-pour-hp-15-fc0013-et-modeles-superieurs-30-broches-sans-support","status":"publish","type":"product","link":"https:\/\/boreait.com\/fr\/produit\/nouvel-ecran-lcd-mat-ips-fhd-156-pour-hp-15-fc0013-et-modeles-superieurs-30-broches-sans-support\/","title":{"rendered":"Nouvel \u00e9cran LCD mat IPS FHD 15,6&Prime; pour HP 15-fc0013 et mod\u00e8les sup\u00e9rieurs, 30 broches, sans support"},"content":{"rendered":"<p>Mod\u00e8le d&rsquo;\u00e9cran LCD actuel\u00a0: B156ZAN03.6 ou N156HCA-EAB Rev C.4 &#8211; Enti\u00e8rement compatible avec les ordinateurs portables HP 15-fc0013, 15-fc0013od, 15-fc0037wm, HP 15-fc0093dx, 15-fd0055tg, 15-fd0075tg, 15-fd0707st et 15-FC0017NA.<\/p>\n<p>Am\u00e9liorez votre ordinateur portable HP avec notre \u00e9cran LCD IPS Full HD haut de gamme de 15,6 pouces, compatible avec de nombreux mod\u00e8les HP, notamment les mod\u00e8les HP 15-fc0013, 15-fc0013od, 15-fc0037wm, 15-fc0093dx, 15-fd0055tg. 15-fd0075tg et 15-fd0707st. Cet \u00e9cran haute qualit\u00e9 offre des images \u00e9poustouflantes avec sa r\u00e9solution de 1920 x 1080, vous offrant des images nettes et \u00e9clatantes et une exp\u00e9rience visuelle sup\u00e9rieure.<\/p>\n<p>La finition mate de cet \u00e9cran r\u00e9duit les reflets et les reflets, ce qui le rend id\u00e9al pour une utilisation dans des environnements tr\u00e8s \u00e9clair\u00e9s. Que vous travailliez sur des projets, regardiez vos s\u00e9ries pr\u00e9f\u00e9r\u00e9es en streaming ou naviguiez sur le Web, cet \u00e9cran offre clart\u00e9 et confort.<\/p>\n<p>Con\u00e7u pour une installation facile, cet \u00e9cran est dot\u00e9 d&rsquo;un connecteur eDP 30 broches et est fourni avec des bandes adh\u00e9sives double-face, \u00e9liminant ainsi le besoin de supports. Sa construction robuste garantit sa durabilit\u00e9, tandis que la technologie IPS offre de larges angles de vision, parfaits pour le travail collaboratif ou le divertissement.<\/p>\n<p><strong>Caract\u00e9ristiques<\/strong>\u00a0:<\/p>\n<ul>\n<li><strong>Compatibilit\u00e9<\/strong>\u00a0: Compatible avec les mod\u00e8les HP\u00a0: 15-fc0013, 15-fc0013od, 15-fc0037wm, 15-fc0093dx, 15-fd0055tg, 15-fd0075tg, 15-fd0707st et 15-FC0017NA.<\/li>\n<li><strong>Taille et r\u00e9solution\u00a0:<\/strong> \u00c9cran Full HD 15,6 pouces (1920 x 1080) pour des images claires et nettes.<\/li>\n<li><strong>Finition mate\u00a0:<\/strong> R\u00e9duit les reflets pour un confort visuel optimal dans diff\u00e9rentes conditions d&rsquo;\u00e9clairage.<\/li>\n<li><strong>Technologie IPS\u00a0:<\/strong> Profitez de larges angles de vision et de couleurs \u00e9clatantes.<\/li>\n<li><strong>Installation facile\u00a0:<\/strong> Connecteur eDP 30 broches avec bandes adh\u00e9sives double face incluses.<\/li>\n<\/ul>\n<p>Am\u00e9liorez votre exp\u00e9rience d&rsquo;utilisation avec cet ordinateur portable d\u00e8s aujourd&rsquo;hui. \u00e9cran LCD haut de gamme, con\u00e7u pour les professionnels et les utilisateurs occasionnels qui exigent le meilleur.<\/p>\n","protected":false},"excerpt":{"rendered":"<p>Optimisez la performance de votre ordinateur portable HP avec notre \u00e9cran LCD IPS FHD 15,6&Prime;. Dot\u00e9 d&rsquo;une finition mate et d&rsquo;un connecteur eDP 30 broches, cet \u00e9cran offre des images nettes et de larges angles de vision, compatibles avec plusieurs mod\u00e8les HP. Installation facile gr\u00e2ce aux bandes adh\u00e9sives fournies. Id\u00e9al pour r\u00e9duire les reflets, quelles que soient les conditions d&rsquo;\u00e9clairage.<\/p>\n","protected":false},"featured_media":15205,"template":"","meta":[],"product_brand":[],"product_cat":[105,95],"product_tag":[],"class_list":{"0":"post-15217","1":"product","2":"type-product","3":"status-publish","4":"has-post-thumbnail","6":"product_cat-15-6-new-laptop-screens-lcd-panels","7":"product_cat-new-laptop-screens-lcd-panels","9":"first","10":"instock","11":"taxable","12":"shipping-taxable","13":"purchasable","14":"product-type-simple"},"_links":{"self":[{"href":"https:\/\/boreait.com\/fr\/wp-json\/wp\/v2\/product\/15217","targetHints":{"allow":["GET"]}}],"collection":[{"href":"https:\/\/boreait.com\/fr\/wp-json\/wp\/v2\/product"}],"about":[{"href":"https:\/\/boreait.com\/fr\/wp-json\/wp\/v2\/types\/product"}],"wp:featuredmedia":[{"embeddable":true,"href":"https:\/\/boreait.com\/fr\/wp-json\/wp\/v2\/media\/15205"}],"wp:attachment":[{"href":"https:\/\/boreait.com\/fr\/wp-json\/wp\/v2\/media?parent=15217"}],"wp:term":[{"taxonomy":"product_brand","embeddable":true,"href":"https:\/\/boreait.com\/fr\/wp-json\/wp\/v2\/product_brand?post=15217"},{"taxonomy":"product_cat","embeddable":true,"href":"https:\/\/boreait.com\/fr\/wp-json\/wp\/v2\/product_cat?post=15217"},{"taxonomy":"product_tag","embeddable":true,"href":"https:\/\/boreait.com\/fr\/wp-json\/wp\/v2\/product_tag?post=15217"}],"curies":[{"name":"wp","href":"https:\/\/api.w.org\/{rel}","templated":true}]}}