{"id":15216,"date":"2025-09-16T15:50:30","date_gmt":"2025-09-16T13:50:30","guid":{"rendered":"https:\/\/boreait.com\/fr\/?post_type=product&#038;p=15216"},"modified":"2025-10-15T14:12:34","modified_gmt":"2025-10-15T12:12:34","slug":"nouvel-ecran-lcd-mat-fhd-156-pouces-pour-asus-vivobook-x513ea-connecteur-edp-30-broches","status":"publish","type":"product","link":"https:\/\/boreait.com\/fr\/produit\/nouvel-ecran-lcd-mat-fhd-156-pouces-pour-asus-vivobook-x513ea-connecteur-edp-30-broches\/","title":{"rendered":"Nouvel \u00e9cran LCD mat FHD 15,6 pouces pour ASUS VivoBook X513EA &#8211; Connecteur eDP 30 broches"},"content":{"rendered":"<p>Mod\u00e8le d&rsquo;\u00e9cran LCD actuel\u00a0: B156ZAN03.6 ou N156HCA-EAB Rev C.4 &#8211; Enti\u00e8rement compatible avec <span data-sheets-root=\"1\" data-sheets-value=\"{&quot;1&quot;:2,&quot;2&quot;:&quot;ASUS VIVOBOOK X513EA-BH79-CB&quot;}\" data-sheets-userformat=\"{&quot;2&quot;:513,&quot;3&quot;:{&quot;1&quot;:0},&quot;12&quot;:0}\">ASUS VIVOBOOK X513EA-BH79-CB<\/span><\/strong><\/p>\n<p>Optimisez votre ordinateur portable ASUS VivoBook X513EA-BH79-CB avec notre \u00e9cran LCD IPS FHD haut de gamme de 15,6 pouces. Con\u00e7u pour offrir des images \u00e9poustouflantes, cet \u00e9cran offre\u00a0:<\/p>\n<ul>\n<li><strong>R\u00e9solution Full HD<\/strong>\u00a0: Profitez d&rsquo;images nettes et claires et de couleurs \u00e9clatantes avec un \u00e9cran de 1\u00a0920 x 1\u00a0080 pixels, id\u00e9al pour le travail et les loisirs.<\/li>\n<li><strong>Technologie IPS<\/strong>\u00a0: De larges angles de vision garantissent une reproduction des couleurs homog\u00e8ne et pr\u00e9cise, id\u00e9ale pour la conception graphique, les jeux et la lecture vid\u00e9o.<\/li>\n<li><strong>Finition mate<\/strong>\u00a0: La surface antireflet minimise les reflets et la fatigue oculaire, offrant un confort de visionnage optimal dans diff\u00e9rentes conditions d&rsquo;\u00e9clairage.<\/li>\n<li><strong>Installation facile<\/strong>\u00a0: Gr\u00e2ce \u00e0 un connecteur eDP 30 broches, l&rsquo;installation est simple et rapide. Des bandes adh\u00e9sives double-face sont incluses pour garantir un maintien s\u00fbr et un aspect professionnel.<\/li>\n<li><strong>Durable et fiable<\/strong>\u00a0: Fabriqu\u00e9 avec des mat\u00e9riaux de haute qualit\u00e9 pour r\u00e9sister \u00e0 une utilisation quotidienne et offrir des performances durables.<\/li>\n<\/ul>\n<p>Mettez \u00e0 niveau l&rsquo;\u00e9cran de votre ordinateur portable en toute confiance, sachant que vous investissez dans un \u00e9cran de remplacement haut de gamme conforme aux normes les plus hauts standards de qualit\u00e9 et de performance.<\/p>\n","protected":false},"excerpt":{"rendered":"<p>Am\u00e9liorez votre ASUS VivoBook X513EA-BH79-CB avec cet \u00e9cran LCD IPS FHD 15,6&Prime; de haute qualit\u00e9. Dot\u00e9 d&rsquo;une finition mate et de couleurs \u00e9clatantes, cet \u00e9cran offre une exp\u00e9rience visuelle haut de gamme sans reflets. \u00c9quip\u00e9 d&rsquo;un connecteur eDP 30 broches, il garantit une compatibilit\u00e9 optimale et une installation facile. Des bandes adh\u00e9sives double face sont incluses pour un ajustement s\u00fbr et pr\u00e9cis, simplifiant ainsi le remplacement.<\/p>\n","protected":false},"featured_media":15205,"template":"","meta":[],"product_brand":[],"product_cat":[105,95],"product_tag":[66],"class_list":{"0":"post-15216","1":"product","2":"type-product","3":"status-publish","4":"has-post-thumbnail","6":"product_cat-15-6-new-laptop-screens-lcd-panels","7":"product_cat-new-laptop-screens-lcd-panels","8":"product_tag-asus","10":"first","11":"instock","12":"taxable","13":"shipping-taxable","14":"purchasable","15":"product-type-simple"},"_links":{"self":[{"href":"https:\/\/boreait.com\/fr\/wp-json\/wp\/v2\/product\/15216","targetHints":{"allow":["GET"]}}],"collection":[{"href":"https:\/\/boreait.com\/fr\/wp-json\/wp\/v2\/product"}],"about":[{"href":"https:\/\/boreait.com\/fr\/wp-json\/wp\/v2\/types\/product"}],"wp:featuredmedia":[{"embeddable":true,"href":"https:\/\/boreait.com\/fr\/wp-json\/wp\/v2\/media\/15205"}],"wp:attachment":[{"href":"https:\/\/boreait.com\/fr\/wp-json\/wp\/v2\/media?parent=15216"}],"wp:term":[{"taxonomy":"product_brand","embeddable":true,"href":"https:\/\/boreait.com\/fr\/wp-json\/wp\/v2\/product_brand?post=15216"},{"taxonomy":"product_cat","embeddable":true,"href":"https:\/\/boreait.com\/fr\/wp-json\/wp\/v2\/product_cat?post=15216"},{"taxonomy":"product_tag","embeddable":true,"href":"https:\/\/boreait.com\/fr\/wp-json\/wp\/v2\/product_tag?post=15216"}],"curies":[{"name":"wp","href":"https:\/\/api.w.org\/{rel}","templated":true}]}}