{"id":15209,"date":"2025-09-16T15:50:29","date_gmt":"2025-09-16T13:50:29","guid":{"rendered":"https:\/\/boreait.com\/fr\/?post_type=product&#038;p=15209"},"modified":"2025-10-15T14:12:35","modified_gmt":"2025-10-15T12:12:35","slug":"ecran-mat-ips-fhd-156-pour-ordinateur-portable-30-broches-edp-mb156cs01-8","status":"publish","type":"product","link":"https:\/\/boreait.com\/fr\/produit\/ecran-mat-ips-fhd-156-pour-ordinateur-portable-30-broches-edp-mb156cs01-8\/","title":{"rendered":"\u00c9cran mat IPS FHD 15,6&Prime; pour ordinateur portable, 30 broches, eDP &#8211; MB156CS01-8"},"content":{"rendered":"<p>Mod\u00e8le d&rsquo;\u00e9cran LCD actuel\u00a0: B156ZAN03.6 ou N156HCA-EAB Rev C.4 &#8211; Enti\u00e8rement compatible avec <span data-sheets-root=\"1\" data-sheets-value=\"{&quot;1&quot;:2,&quot;2&quot;:&quot;MB156CS01-8&quot;}\" data-sheets-userformat=\"{&quot;2&quot;:513,&quot;3&quot;:{&quot;1&quot;:0},&quot;12&quot;:0}\">MB156CS01-8<\/span><\/strong><\/p>\n<p><strong>\u00c9cran d&rsquo;ordinateur portable IPS FHD 15,6&Prime; MB156CS01-8<\/strong><\/p>\n<p>Transformez l&rsquo;exp\u00e9rience visuelle de votre ordinateur portable avec l&rsquo;\u00e9cran LCD <strong>MB156CS01-8<\/strong>. Con\u00e7u pour offrir une clart\u00e9 et des couleurs exceptionnelles, cet \u00e9cran Full HD 15,6 pouces L&rsquo;\u00e9cran HD offre une r\u00e9solution de 1920 x 1080, ce qui le rend id\u00e9al pour toutes les t\u00e2ches, de la navigation et du travail de bureau au montage vid\u00e9o et aux jeux. La technologie IPS (In-Plane Switching) garantit une pr\u00e9cision des couleurs et une luminosit\u00e9 exceptionnelles, avec de larges angles de vision qui pr\u00e9servent la qualit\u00e9 sous tous les angles.<\/p>\n<p>L&rsquo;\u00e9cran est dot\u00e9 d&rsquo;une finition mate qui r\u00e9duit efficacement les reflets, offrant une exp\u00e9rience visuelle confortable dans tous les environnements lumineux. Que vous soyez dans un bureau lumineux ou une pi\u00e8ce faiblement \u00e9clair\u00e9e, le rev\u00eatement antireflet minimise les reflets, r\u00e9duisant la fatigue oculaire et am\u00e9liorant le confort visuel.<\/p>\n<h4>Principales caract\u00e9ristiques\u00a0:<\/h4>\n<ul>\n<li><strong>R\u00e9solution Full HD\u00a0:<\/strong> Profitez de d\u00e9tails haute d\u00e9finition avec une r\u00e9solution de 1920 x 1080 qui donne vie aux images et aux vid\u00e9os avec une clart\u00e9 \u00e9clatante.<\/li>\n<li><strong>Technologie IPS\u00a0:<\/strong> Obtenez des couleurs homog\u00e8nes et des images nettes sur un grand angle de vision de 178 degr\u00e9s, garantissant un affichage optimal sous tous les angles. Point de vue.<\/li>\n<li><strong>Finition mate<\/strong>\u00a0: La surface antireflet minimise les reflets, ce qui pr\u00e9serve la vue pendant les longues heures d&rsquo;utilisation et dans les environnements tr\u00e8s \u00e9clair\u00e9s.<\/li>\n<li><strong>Connecteur eDP 30 broches<\/strong>\u00a0: Cet \u00e9cran est \u00e9quip\u00e9 d&rsquo;un connecteur DisplayPort int\u00e9gr\u00e9 (eDP) 30 broches, garantissant une large compatibilit\u00e9 avec diff\u00e9rents mod\u00e8les d&rsquo;ordinateurs portables et une installation simple.<\/li>\n<li><strong>Installation facile<\/strong>\u00a0: Comprend des bandes adh\u00e9sives double-face pour une installation facile.<\/li>\n<\/ul>\n<p>L&rsquo;\u00e9cran LCD <strong>MB156CS01-8<\/strong> est un excellent choix pour remplacer un \u00e9cran endommag\u00e9 ou mettre \u00e0 niveau l&rsquo;\u00e9cran de son ordinateur portable. Avec sa qualit\u00e9 d&rsquo;image impressionnante et sa simplicit\u00e9 d&rsquo;installation, cet \u00e9cran est con\u00e7u pour am\u00e9liorer votre exp\u00e9rience informatique. Avant d&rsquo;acheter, assurez-vous de la compatibilit\u00e9 avec votre mod\u00e8le d&rsquo;ordinateur portable concernant le type de connecteur, la taille de l&rsquo;\u00e9cran et la r\u00e9solution.<\/p>\n","protected":false},"excerpt":{"rendered":"<p>Am\u00e9liorez votre ordinateur portable avec l&rsquo;\u00e9cran IPS Full HD 15,6&Prime; <strong>MB156CS01-8<\/strong>. Profitez de couleurs vives et d&rsquo;une qualit\u00e9 d&rsquo;image constante gr\u00e2ce \u00e0 la technologie IPS et \u00e0 une finition mate qui r\u00e9duit les reflets. Livr\u00e9 avec un connecteur eDP 30 broches et des bandes adh\u00e9sives double face pour une installation facile. V\u00e9rifiez la compatibilit\u00e9 avec votre mod\u00e8le d&rsquo;ordinateur portable avant l&rsquo;achat.<\/p>\n","protected":false},"featured_media":15205,"template":"","meta":[],"product_brand":[],"product_cat":[105,95],"product_tag":[],"class_list":{"0":"post-15209","1":"product","2":"type-product","3":"status-publish","4":"has-post-thumbnail","6":"product_cat-15-6-new-laptop-screens-lcd-panels","7":"product_cat-new-laptop-screens-lcd-panels","9":"first","10":"instock","11":"taxable","12":"shipping-taxable","13":"purchasable","14":"product-type-simple"},"_links":{"self":[{"href":"https:\/\/boreait.com\/fr\/wp-json\/wp\/v2\/product\/15209","targetHints":{"allow":["GET"]}}],"collection":[{"href":"https:\/\/boreait.com\/fr\/wp-json\/wp\/v2\/product"}],"about":[{"href":"https:\/\/boreait.com\/fr\/wp-json\/wp\/v2\/types\/product"}],"wp:featuredmedia":[{"embeddable":true,"href":"https:\/\/boreait.com\/fr\/wp-json\/wp\/v2\/media\/15205"}],"wp:attachment":[{"href":"https:\/\/boreait.com\/fr\/wp-json\/wp\/v2\/media?parent=15209"}],"wp:term":[{"taxonomy":"product_brand","embeddable":true,"href":"https:\/\/boreait.com\/fr\/wp-json\/wp\/v2\/product_brand?post=15209"},{"taxonomy":"product_cat","embeddable":true,"href":"https:\/\/boreait.com\/fr\/wp-json\/wp\/v2\/product_cat?post=15209"},{"taxonomy":"product_tag","embeddable":true,"href":"https:\/\/boreait.com\/fr\/wp-json\/wp\/v2\/product_tag?post=15209"}],"curies":[{"name":"wp","href":"https:\/\/api.w.org\/{rel}","templated":true}]}}