{"id":15204,"date":"2025-09-16T15:50:10","date_gmt":"2025-09-16T13:50:10","guid":{"rendered":"https:\/\/boreait.com\/fr\/?post_type=product&#038;p=15204"},"modified":"2025-10-15T14:12:35","modified_gmt":"2025-10-15T12:12:35","slug":"ecran-dordinateur-portable-lp156wf9-spc1-156-fhd-ips-mat-30-broches-edp","status":"publish","type":"product","link":"https:\/\/boreait.com\/fr\/produit\/ecran-dordinateur-portable-lp156wf9-spc1-156-fhd-ips-mat-30-broches-edp\/","title":{"rendered":"\u00c9cran d&rsquo;ordinateur portable LP156WF9-SPC1 15,6&Prime; FHD IPS mat 30 broches eDP"},"content":{"rendered":"<p>Mod\u00e8le d&rsquo;\u00e9cran LCD actuel\u00a0: B156ZAN03.6 ou N156HCA-EAB Rev C.4 &#8211; Enti\u00e8rement compatible avec <span data-sheets-root=\"1\" data-sheets-value=\"{&quot;1&quot;:2,&quot;2&quot;:&quot;LP156WF9 SPC1&quot;}\" data-sheets-userformat=\"{&quot;2&quot;:513,&quot;3&quot;:{&quot;1&quot;:0},&quot;12&quot;:0}\">LP156WF9 SPC1<\/span><\/strong><\/p>\n<p><strong>\u00c9cran d&rsquo;ordinateur portable 15,6&Prime; IPS FHD LP156WF9-SPC1<\/strong><\/p>\n<p>Am\u00e9liorez l&rsquo;affichage de votre ordinateur portable avec l&rsquo;\u00e9cran LCD LP156WF9-SPC1, con\u00e7u pour offrir des images \u00e9poustouflantes et des performances sup\u00e9rieures. Cet \u00e9cran de 15,6 pouces est dot\u00e9 d&rsquo;une r\u00e9solution Full HD. R\u00e9solution de 1920 x 1080, offrant des images nettes et \u00e9clatantes qui optimisent votre exp\u00e9rience visuelle. Gr\u00e2ce \u00e0 la technologie IPS (In-Plane Switching), cet \u00e9cran offre une reproduction fid\u00e8le des couleurs et une luminosit\u00e9 constante sur de larges angles de vision, ce qui le rend id\u00e9al pour une vari\u00e9t\u00e9 d&rsquo;utilisations, du travail professionnel au divertissement.<\/p>\n<h4>Principales caract\u00e9ristiques\u00a0:<\/h4>\n<ul>\n<li><strong>R\u00e9solution Full HD\u00a0:<\/strong> Profitez d&rsquo;une clart\u00e9 et d&rsquo;un niveau de d\u00e9tail exceptionnels avec une r\u00e9solution de 1920 x 1080, id\u00e9ale pour le streaming vid\u00e9o, les jeux et les t\u00e2ches de productivit\u00e9.<\/li>\n<li><strong>Technologie IPS\u00a0:<\/strong> Profitez de couleurs r\u00e9alistes et d&rsquo;un angle de vision large de 178 degr\u00e9s, garantissant des images claires et homog\u00e8nes sous tous les angles.<\/li>\n<li><strong>Finition mate\u00a0:<\/strong> La surface mate minimise les reflets, offrant une exp\u00e9rience visuelle confortable m\u00eame dans des environnements tr\u00e8s \u00e9clair\u00e9s et r\u00e9duisant la fatigue oculaire en cas d&rsquo;utilisation prolong\u00e9e.<\/li>\n<li><strong>30 broches Connecteur eDP\u00a0: Le connecteur DisplayPort int\u00e9gr\u00e9 (eDP) \u00e0 30 broches assure la compatibilit\u00e9 avec une large gamme de mod\u00e8les d&rsquo;ordinateurs portables et facilite l&rsquo;installation.\n<li><strong>Installation simple\u00a0:<\/strong> Livr\u00e9 avec des bandes adh\u00e9sives double-face pour une installation facile et s\u00e9curis\u00e9e.\n<\/ul>\n<p>L&rsquo;\u00e9cran LCD LP156WF9-SPC1 pour ordinateur portable est un excellent choix pour remplacer un \u00e9cran endommag\u00e9 ou pour am\u00e9liorer la qualit\u00e9 visuelle de votre \u00e9cran. Ses performances \u00e9lev\u00e9es et sa facilit\u00e9 d&rsquo;installation en font une option fiable pour am\u00e9liorer l&rsquo;affichage de votre ordinateur portable. Avant l&rsquo;achat, assurez-vous de la compatibilit\u00e9 avec votre mod\u00e8le d&rsquo;ordinateur portable concernant le type de connecteur, la taille de l&rsquo;\u00e9cran et la r\u00e9solution.<\/p>\n","protected":false},"excerpt":{"rendered":"<p>Optimisez la performance de votre ordinateur portable avec l&rsquo;\u00e9cran IPS Full HD LP156WF9-SPC1 de 15,6 pouces. Cet \u00e9cran offre des couleurs \u00e9clatantes et de larges angles de vision gr\u00e2ce \u00e0 la technologie IPS, tandis que sa finition mate r\u00e9duit les reflets pour un confort visuel optimal. Il est \u00e9quip\u00e9 d&rsquo;un connecteur eDP 30 broches et de bandes adh\u00e9sives double face pour une installation facile. V\u00e9rifiez la compatibilit\u00e9 avec votre mod\u00e8le d&rsquo;ordinateur portable avant l&rsquo;achat.<\/p>\n","protected":false},"featured_media":15205,"template":"","meta":[],"product_brand":[],"product_cat":[105,95],"product_tag":[],"class_list":{"0":"post-15204","1":"product","2":"type-product","3":"status-publish","4":"has-post-thumbnail","6":"product_cat-15-6-new-laptop-screens-lcd-panels","7":"product_cat-new-laptop-screens-lcd-panels","9":"first","10":"instock","11":"taxable","12":"shipping-taxable","13":"purchasable","14":"product-type-simple"},"_links":{"self":[{"href":"https:\/\/boreait.com\/fr\/wp-json\/wp\/v2\/product\/15204","targetHints":{"allow":["GET"]}}],"collection":[{"href":"https:\/\/boreait.com\/fr\/wp-json\/wp\/v2\/product"}],"about":[{"href":"https:\/\/boreait.com\/fr\/wp-json\/wp\/v2\/types\/product"}],"wp:featuredmedia":[{"embeddable":true,"href":"https:\/\/boreait.com\/fr\/wp-json\/wp\/v2\/media\/15205"}],"wp:attachment":[{"href":"https:\/\/boreait.com\/fr\/wp-json\/wp\/v2\/media?parent=15204"}],"wp:term":[{"taxonomy":"product_brand","embeddable":true,"href":"https:\/\/boreait.com\/fr\/wp-json\/wp\/v2\/product_brand?post=15204"},{"taxonomy":"product_cat","embeddable":true,"href":"https:\/\/boreait.com\/fr\/wp-json\/wp\/v2\/product_cat?post=15204"},{"taxonomy":"product_tag","embeddable":true,"href":"https:\/\/boreait.com\/fr\/wp-json\/wp\/v2\/product_tag?post=15204"}],"curies":[{"name":"wp","href":"https:\/\/api.w.org\/{rel}","templated":true}]}}