{"id":15202,"date":"2025-09-16T15:50:09","date_gmt":"2025-09-16T13:50:09","guid":{"rendered":"https:\/\/boreait.com\/fr\/?post_type=product&#038;p=15202"},"modified":"2025-10-15T14:12:35","modified_gmt":"2025-10-15T12:12:35","slug":"ecran-ips-fhd-mat-156-pour-ordinateur-portable-30-broches-edp-nv156fhm-n3d","status":"publish","type":"product","link":"https:\/\/boreait.com\/fr\/produit\/ecran-ips-fhd-mat-156-pour-ordinateur-portable-30-broches-edp-nv156fhm-n3d\/","title":{"rendered":"\u00c9cran IPS FHD mat 15,6&Prime; pour ordinateur portable, 30 broches, eDP &#8211; NV156FHM-N3D"},"content":{"rendered":"<p>Mod\u00e8le d&rsquo;\u00e9cran LCD actuel\u00a0: B156ZAN03.6 ou N156HCA-EAB Rev C.4 &#8211; Enti\u00e8rement compatible avec <span data-sheets-root=\"1\" data-sheets-value=\"{&quot;1&quot;:2,&quot;2&quot;:&quot;NV156FHM-N3D&quot;}\" data-sheets-userformat=\"{&quot;2&quot;:513,&quot;3&quot;:{&quot;1&quot;:0},&quot;12&quot;:0}\">NV156FHM-N3D<\/span><\/strong><\/p>\n<p><strong>\u00c9cran d&rsquo;ordinateur portable IPS FHD 15,6&Prime; NV156FHM-N3D<\/strong><\/p>\n<p>Redynamisez l&rsquo;\u00e9cran de votre ordinateur portable avec l&rsquo;\u00e9cran LCD NV156FHM-N3D, con\u00e7u pour offrir une clart\u00e9 exceptionnelle et des images \u00e9clatantes. L&rsquo;\u00e9cran Full HD de 15,6 pouces offre une r\u00e9solution de 1920 x 1080, offrant des images nettes et d\u00e9taill\u00e9es, id\u00e9ales pour toutes les t\u00e2ches. Gr\u00e2ce \u00e0 la technologie IPS (In-Plane Switching), cet \u00e9cran offre une reproduction fid\u00e8le des couleurs et une luminosit\u00e9 constante sur de larges angles de vision, ce qui le rend id\u00e9al pour les professionnels, les joueurs et les utilisateurs quotidiens.<\/p>\n<h4>Principales caract\u00e9ristiques\u00a0:<\/h4>\n<ul>\n<li><strong>R\u00e9solution Full HD\u00a0:<\/strong> Profitez d&rsquo;images d&rsquo;une nettet\u00e9 exceptionnelle et d&rsquo;un niveau de d\u00e9tail exceptionnel avec une r\u00e9solution de 1920 x 1080, id\u00e9ale pour regarder des vid\u00e9os, jouer et effectuer des t\u00e2ches d\u00e9taill\u00e9es.<\/li>\n<li><strong>Technologie IPS\u00a0:<\/strong> B\u00e9n\u00e9ficiez d&rsquo;une pr\u00e9cision des couleurs sup\u00e9rieure et d&rsquo;un angle de vision large de 178 degr\u00e9s, garantissant une qualit\u00e9 d&rsquo;image constante sous tous les angles.<\/li>\n<li><strong>Finition mate\u00a0:<\/strong> La surface mate antireflet r\u00e9duit les reflets et la fatigue oculaire, offrant une exp\u00e9rience visuelle confortable, m\u00eame en cas de forte luminosit\u00e9.<\/li>\n<li><strong>Connecteur eDP 30 broches<\/strong>\u00a0: \u00c9quip\u00e9 d&rsquo;un connecteur DisplayPort int\u00e9gr\u00e9 (eDP) 30 broches, cet \u00e9cran est compatible avec une large gamme de mod\u00e8les d&rsquo;ordinateurs portables et garantit une installation facile.<\/li>\n<li><strong>Installation facile<\/strong>\u00a0: Comprend des bandes adh\u00e9sives double-face pour une installation simple et s\u00e9curis\u00e9e.<\/li>\n<\/ul>\n<p>L&rsquo;\u00e9cran LCD NV156FHM-N3D pour ordinateur portable est un excellent choix pour remplacer un \u00e9cran cass\u00e9 ou am\u00e9liorer ses performances. Sa qualit\u00e9 visuelle sup\u00e9rieure et sa simplicit\u00e9 d&rsquo;installation en font une option fiable pour am\u00e9liorer l&rsquo;affichage de votre ordinateur portable. Avant d&rsquo;acheter, v\u00e9rifiez la compatibilit\u00e9 avec votre mod\u00e8le d&rsquo;ordinateur portable\u00a0: type de connecteur, taille de l&rsquo;\u00e9cran et r\u00e9solution.<\/p>\n","protected":false},"excerpt":{"rendered":"<p>Am\u00e9liorez votre ordinateur portable avec l&rsquo;\u00e9cran IPS Full HD 15,6&Prime; NV156FHM-N3D. Profitez de couleurs \u00e9clatantes et d&rsquo;angles de vision larges gr\u00e2ce \u00e0 la technologie IPS, et appr\u00e9ciez la finition mate qui r\u00e9duit les reflets. Il est \u00e9quip\u00e9 d&rsquo;un connecteur eDP 30 broches et de bandes adh\u00e9sives double face pour une installation facile. V\u00e9rifiez la compatibilit\u00e9 avec votre mod\u00e8le d&rsquo;ordinateur portable avant l&rsquo;achat.<\/p>\n","protected":false},"featured_media":15205,"template":"","meta":[],"product_brand":[],"product_cat":[105,95],"product_tag":[],"class_list":{"0":"post-15202","1":"product","2":"type-product","3":"status-publish","4":"has-post-thumbnail","6":"product_cat-15-6-new-laptop-screens-lcd-panels","7":"product_cat-new-laptop-screens-lcd-panels","9":"first","10":"instock","11":"taxable","12":"shipping-taxable","13":"purchasable","14":"product-type-simple"},"_links":{"self":[{"href":"https:\/\/boreait.com\/fr\/wp-json\/wp\/v2\/product\/15202","targetHints":{"allow":["GET"]}}],"collection":[{"href":"https:\/\/boreait.com\/fr\/wp-json\/wp\/v2\/product"}],"about":[{"href":"https:\/\/boreait.com\/fr\/wp-json\/wp\/v2\/types\/product"}],"wp:featuredmedia":[{"embeddable":true,"href":"https:\/\/boreait.com\/fr\/wp-json\/wp\/v2\/media\/15205"}],"wp:attachment":[{"href":"https:\/\/boreait.com\/fr\/wp-json\/wp\/v2\/media?parent=15202"}],"wp:term":[{"taxonomy":"product_brand","embeddable":true,"href":"https:\/\/boreait.com\/fr\/wp-json\/wp\/v2\/product_brand?post=15202"},{"taxonomy":"product_cat","embeddable":true,"href":"https:\/\/boreait.com\/fr\/wp-json\/wp\/v2\/product_cat?post=15202"},{"taxonomy":"product_tag","embeddable":true,"href":"https:\/\/boreait.com\/fr\/wp-json\/wp\/v2\/product_tag?post=15202"}],"curies":[{"name":"wp","href":"https:\/\/api.w.org\/{rel}","templated":true}]}}