{"id":15200,"date":"2025-09-16T15:50:08","date_gmt":"2025-09-16T13:50:08","guid":{"rendered":"https:\/\/boreait.com\/fr\/?post_type=product&#038;p=15200"},"modified":"2025-10-15T14:12:35","modified_gmt":"2025-10-15T12:12:35","slug":"ecran-ips-fhd-mat-156-pour-ordinateur-portable-30-broches-edp-lp156wf9-spc1","status":"publish","type":"product","link":"https:\/\/boreait.com\/fr\/produit\/ecran-ips-fhd-mat-156-pour-ordinateur-portable-30-broches-edp-lp156wf9-spc1\/","title":{"rendered":"\u00c9cran IPS FHD mat 15,6&Prime; pour ordinateur portable, 30 broches, eDP &#8211; LP156WF9-SPC1"},"content":{"rendered":"<p>Mod\u00e8le d&rsquo;\u00e9cran LCD actuel\u00a0: B156ZAN03.6 ou N156HCA-EAB Rev C.4 &#8211; Enti\u00e8rement compatible avec <span data-sheets-root=\"1\" data-sheets-value=\"{&quot;1&quot;:2,&quot;2&quot;:&quot;LP156WF9-SPC1&quot;}\" data-sheets-userformat=\"{&quot;2&quot;:513,&quot;3&quot;:{&quot;1&quot;:0},&quot;12&quot;:0}\">LP156WF9-SPC1<\/span><\/strong><\/p>\n<p><strong>\u00c9cran d&rsquo;ordinateur portable 15,6&Prime; FHD IPS LP156WF9-SPC1<\/strong><\/p>\n<p>Am\u00e9liorez l&rsquo;affichage de votre ordinateur portable avec l&rsquo;\u00e9cran LCD LP156WF9-SPC1, con\u00e7u pour offrir une qualit\u00e9 d&rsquo;image et un confort d&rsquo;utilisation exceptionnels. Cet \u00e9cran Full HD 15,6 pouces L&rsquo;\u00e9cran HD offre une r\u00e9solution de 1920 x 1080, offrant des images nettes et d\u00e9taill\u00e9es qui optimisent votre exp\u00e9rience informatique. Dot\u00e9 de la technologie IPS (In-Plane Switching), cet \u00e9cran garantit des couleurs vives et une luminosit\u00e9 constante sur de larges angles de vision, ce qui le rend id\u00e9al pour les professionnels, les joueurs et les utilisateurs lambda.<\/p>\n<h4>Principales caract\u00e9ristiques\u00a0:<\/h4>\n<ul>\n<li><strong>R\u00e9solution Full HD\u00a0:<\/strong> Profitez d&rsquo;une clart\u00e9 et d&rsquo;un niveau de d\u00e9tail exceptionnels avec une r\u00e9solution de 1920 x 1080, id\u00e9ale pour la lecture de vid\u00e9os haute d\u00e9finition, les jeux et les t\u00e2ches de travail d\u00e9taill\u00e9es.<\/li>\n<li><strong>Technologie IPS\u00a0:<\/strong> Les dalles IPS offrent une pr\u00e9cision des couleurs sup\u00e9rieure et maintiennent une qualit\u00e9 d&rsquo;image constante sur des angles de vision larges de 178 degr\u00e9s, ce qui en fait un choix id\u00e9al pour le travail collaboratif et le visionnage multim\u00e9dia.<\/li>\n<li><strong>Finition mate\u00a0:<\/strong> La finition mate antireflet r\u00e9duit les reflets, offrant un meilleur confort visuel dans les environnements tr\u00e8s \u00e9clair\u00e9s et r\u00e9duisant la fatigue oculaire.<\/li>\n<li><strong>Connecteur eDP 30 broches<\/strong>\u00a0: \u00c9quip\u00e9 d&rsquo;un connecteur DisplayPort int\u00e9gr\u00e9 (eDP) 30 broches, cet \u00e9cran est compatible avec de nombreux mod\u00e8les d&rsquo;ordinateurs portables et garantit une installation facile.<\/li>\n<li><strong>Installation facile\u00a0:<\/strong> L&#8217;emballage comprend des bandes adh\u00e9sives double-face pour une installation facile.<\/li>\n<\/ul>\n<p>L&rsquo;\u00e9cran LCD pour ordinateur portable LP156WF9-SPC1 est le choix id\u00e9al pour ceux qui souhaitent am\u00e9liorer la qualit\u00e9 d&rsquo;affichage de leur ordinateur portable. Que ce soit pour remplacer un \u00e9cran cass\u00e9 ou pour une mise \u00e0 niveau vers de meilleures performances, cet \u00e9cran offre une clart\u00e9 visuelle exceptionnelle et une installation facile. Avant d&rsquo;acheter, v\u00e9rifiez la compatibilit\u00e9 avec votre mod\u00e8le d&rsquo;ordinateur portable concernant le type de connecteur, la taille de l&rsquo;\u00e9cran et la r\u00e9solution.<\/p>\n","protected":false},"excerpt":{"rendered":"<p>Am\u00e9liorez votre exp\u00e9rience d&rsquo;utilisation avec l&rsquo;\u00e9cran IPS Full HD LP156WF9-SPC1 de 15,6 pouces. Il offre des couleurs \u00e9clatantes et des angles de vision larges gr\u00e2ce \u00e0 la technologie IPS, tandis que sa finition mate r\u00e9duit les reflets. Cet \u00e9cran est \u00e9quip\u00e9 d&rsquo;un connecteur eDP 30 broches et de bandes adh\u00e9sives double face pour une installation facile. V\u00e9rifiez la compatibilit\u00e9 avec votre mod\u00e8le d&rsquo;ordinateur portable avant l&rsquo;achat.<\/p>\n","protected":false},"featured_media":15205,"template":"","meta":[],"product_brand":[],"product_cat":[105,95],"product_tag":[],"class_list":{"0":"post-15200","1":"product","2":"type-product","3":"status-publish","4":"has-post-thumbnail","6":"product_cat-15-6-new-laptop-screens-lcd-panels","7":"product_cat-new-laptop-screens-lcd-panels","9":"first","10":"instock","11":"taxable","12":"shipping-taxable","13":"purchasable","14":"product-type-simple"},"_links":{"self":[{"href":"https:\/\/boreait.com\/fr\/wp-json\/wp\/v2\/product\/15200","targetHints":{"allow":["GET"]}}],"collection":[{"href":"https:\/\/boreait.com\/fr\/wp-json\/wp\/v2\/product"}],"about":[{"href":"https:\/\/boreait.com\/fr\/wp-json\/wp\/v2\/types\/product"}],"wp:featuredmedia":[{"embeddable":true,"href":"https:\/\/boreait.com\/fr\/wp-json\/wp\/v2\/media\/15205"}],"wp:attachment":[{"href":"https:\/\/boreait.com\/fr\/wp-json\/wp\/v2\/media?parent=15200"}],"wp:term":[{"taxonomy":"product_brand","embeddable":true,"href":"https:\/\/boreait.com\/fr\/wp-json\/wp\/v2\/product_brand?post=15200"},{"taxonomy":"product_cat","embeddable":true,"href":"https:\/\/boreait.com\/fr\/wp-json\/wp\/v2\/product_cat?post=15200"},{"taxonomy":"product_tag","embeddable":true,"href":"https:\/\/boreait.com\/fr\/wp-json\/wp\/v2\/product_tag?post=15200"}],"curies":[{"name":"wp","href":"https:\/\/api.w.org\/{rel}","templated":true}]}}