{"id":15187,"date":"2025-09-16T15:49:40","date_gmt":"2025-09-16T13:49:40","guid":{"rendered":"https:\/\/boreait.com\/fr\/?post_type=product&#038;p=15187"},"modified":"2025-10-15T14:12:35","modified_gmt":"2025-10-15T12:12:35","slug":"ecran-dordinateur-portable-156-fhd-ips-mat-30-broches-edp-remplacement-nv156fhm-n63-v8-0","status":"publish","type":"product","link":"https:\/\/boreait.com\/fr\/produit\/ecran-dordinateur-portable-156-fhd-ips-mat-30-broches-edp-remplacement-nv156fhm-n63-v8-0\/","title":{"rendered":"\u00c9cran d&rsquo;ordinateur portable 15,6&Prime; FHD IPS mat 30 broches eDP &#8211; Remplacement NV156FHM-N63 V8.0"},"content":{"rendered":"<p>Mod\u00e8le d&rsquo;\u00e9cran LCD actuel\u00a0: B156ZAN03.6 ou N156HCA-EAB Rev C.4 &#8211; enti\u00e8rement compatible avec le NV156FHM-N63 V8.0.<\/p>\n<p>Am\u00e9liorez l&rsquo;affichage de votre ordinateur portable avec l&rsquo;\u00e9cran LCD NV156FHM-N63 V8.0, con\u00e7u pour des performances visuelles et un confort d&rsquo;utilisation sup\u00e9rieurs. Cet \u00e9cran Full HD de 15,6 pouces offre une r\u00e9solution de 1920 x 1080, offrant des images d&rsquo;une nettet\u00e9 exceptionnelle et des couleurs \u00e9clatantes. Dot\u00e9 de la technologie IPS avanc\u00e9e, cet \u00e9cran garantit une pr\u00e9cision des couleurs constante et de larges angles de vision, ce qui le rend id\u00e9al pour une utilisation professionnelle et r\u00e9cr\u00e9ative. <\/p>\n<h4>Principales caract\u00e9ristiques\u00a0:<\/h4>\n<ul>\n<li><strong>R\u00e9solution Full HD\u00a0:<\/strong> Profitez d&rsquo;images d\u00e9taill\u00e9es et nettes avec la r\u00e9solution 1920 x 1080, id\u00e9ale pour le streaming, les jeux et le travail professionnel.<\/li>\n<li><strong>Technologie IPS\u00a0:<\/strong> Profitez de couleurs riches et d&rsquo;un angle de vision large de 178 degr\u00e9s, pour un affichage optimal quelle que soit la position.<\/li>\n<li><strong>Finition mate\u00a0:<\/strong> La surface mate antireflet r\u00e9duit les reflets et la fatigue oculaire, offrant une exp\u00e9rience visuelle confortable m\u00eame en cas de forte luminosit\u00e9.<\/li>\n<li><strong>Connecteur eDP 30 broches\u00a0:<\/strong> Le connecteur DisplayPort int\u00e9gr\u00e9 (eDP) 30 broches assure la compatibilit\u00e9 avec une vari\u00e9t\u00e9 d&rsquo;ordinateurs portables, facilitant ainsi l&rsquo;int\u00e9gration.<\/li>\n<li><strong>Installation facile\u00a0:<\/strong> Livr\u00e9 avec des bandes adh\u00e9sives double face pour une installation facile Installation.<\/li>\n<\/ul>\n<p>L&rsquo;\u00e9cran LCD NV156FHM-N63 V8.0 pour ordinateur portable est la solution id\u00e9ale pour am\u00e9liorer l&rsquo;affichage de votre ordinateur portable. Que vous souhaitiez remplacer un \u00e9cran cass\u00e9 ou am\u00e9liorer la qualit\u00e9 visuelle, ce mod\u00e8le offre des performances et une fiabilit\u00e9 impressionnantes. Avant d&rsquo;acheter, v\u00e9rifiez la compatibilit\u00e9 avec le mod\u00e8le, le type de connecteur et la r\u00e9solution de votre ordinateur portable.<\/p>\n","protected":false},"excerpt":{"rendered":"<p>Optimisez la performance de votre ordinateur portable avec l&rsquo;\u00e9cran IPS Full HD 15,6&Prime; NV156FHM-N63 V8.0. Dot\u00e9 de couleurs vives et d&rsquo;angles de vision larges gr\u00e2ce \u00e0 la technologie IPS, cet \u00e9cran mat minimise les reflets pour un confort visuel optimal quelles que soient les conditions d&rsquo;\u00e9clairage. Il est \u00e9quip\u00e9 d&rsquo;un connecteur eDP 30 broches et de bandes adh\u00e9sives double face pour une installation facile. V\u00e9rifiez la compatibilit\u00e9 avec votre mod\u00e8le d&rsquo;ordinateur portable avant l&rsquo;achat.<\/p>\n","protected":false},"featured_media":15205,"template":"","meta":[],"product_brand":[],"product_cat":[105,95],"product_tag":[],"class_list":{"0":"post-15187","1":"product","2":"type-product","3":"status-publish","4":"has-post-thumbnail","6":"product_cat-15-6-new-laptop-screens-lcd-panels","7":"product_cat-new-laptop-screens-lcd-panels","9":"first","10":"instock","11":"taxable","12":"shipping-taxable","13":"purchasable","14":"product-type-simple"},"_links":{"self":[{"href":"https:\/\/boreait.com\/fr\/wp-json\/wp\/v2\/product\/15187","targetHints":{"allow":["GET"]}}],"collection":[{"href":"https:\/\/boreait.com\/fr\/wp-json\/wp\/v2\/product"}],"about":[{"href":"https:\/\/boreait.com\/fr\/wp-json\/wp\/v2\/types\/product"}],"wp:featuredmedia":[{"embeddable":true,"href":"https:\/\/boreait.com\/fr\/wp-json\/wp\/v2\/media\/15205"}],"wp:attachment":[{"href":"https:\/\/boreait.com\/fr\/wp-json\/wp\/v2\/media?parent=15187"}],"wp:term":[{"taxonomy":"product_brand","embeddable":true,"href":"https:\/\/boreait.com\/fr\/wp-json\/wp\/v2\/product_brand?post=15187"},{"taxonomy":"product_cat","embeddable":true,"href":"https:\/\/boreait.com\/fr\/wp-json\/wp\/v2\/product_cat?post=15187"},{"taxonomy":"product_tag","embeddable":true,"href":"https:\/\/boreait.com\/fr\/wp-json\/wp\/v2\/product_tag?post=15187"}],"curies":[{"name":"wp","href":"https:\/\/api.w.org\/{rel}","templated":true}]}}