{"id":15163,"date":"2025-09-16T15:49:14","date_gmt":"2025-09-16T13:49:14","guid":{"rendered":"https:\/\/boreait.com\/fr\/?post_type=product&#038;p=15163"},"modified":"2026-02-06T12:11:07","modified_gmt":"2026-02-06T11:11:07","slug":"cache-ram-pour-fujitsu-siemens-esprimo-mobile-d9500-piece-de-rechange-dorigine","status":"publish","type":"product","link":"https:\/\/boreait.com\/fr\/produit\/cache-ram-pour-fujitsu-siemens-esprimo-mobile-d9500-piece-de-rechange-dorigine\/","title":{"rendered":"Cache RAM pour Fujitsu Siemens Esprimo Mobile D9500 \u2013 Pi\u00e8ce de rechange d&rsquo;origine"},"content":{"rendered":"<p>Cache RAM pour Fujitsu Siemens Esprimo Mobile D9500<\/p>\n<p>Prot\u00e9gez votre Fujitsu Siemens Esprimo Mobile D9500 gr\u00e2ce \u00e0 ce cache RAM d&rsquo;origine. Con\u00e7u sp\u00e9cifiquement pour le mod\u00e8le D9500, ce cache prot\u00e8ge parfaitement le compartiment RAM de votre ordinateur portable.<\/p>\n<p>**Caract\u00e9ristiques du produit\u00a0:**<\/p>\n<p>&#8211; **Compatibilit\u00e9\u00a0:** Con\u00e7u sur mesure pour le mod\u00e8le d&rsquo;ordinateur portable Fujitsu Siemens Esprimo Mobile D9500.<\/p>\n<p>&#8211; **Qualit\u00e9\u00a0:** Pi\u00e8ce de rechange d&rsquo;origine pour des performances et une durabilit\u00e9 fiables.<\/p>\n<p>&#8211; **\u00c9tat\u00a0:** Comme neuf, avec de vraies photos illustrant le cache que vous recevrez.<\/p>\n<p>**Pourquoi choisir ce cache RAM\u00a0?**<\/p>\n<p>&#8211; **S\u00e9curise le compartiment RAM\u00a0:** Prot\u00e8ge le compartiment RAM et le prot\u00e8ge de la poussi\u00e8re.<\/p>\n<p>&#8211; **Remplacement direct\u00a0:** Remplacez facilement un cache perdu ou endommag\u00e9 sans aucune modification. **Livraison internationale**\u00a0: Disponible \u00e0 l&rsquo;achat et \u00e0 la livraison dans le monde entier, en particulier en Europe.<\/p>\n<p>Veuillez noter que les instructions d&rsquo;installation ne sont pas fournies. Si vous avez besoin d&rsquo;aide pour l&rsquo;installation, n&rsquo;h\u00e9sitez pas \u00e0 nous contacter. Notre \u00e9quipe d\u00e9di\u00e9e est l\u00e0 pour vous aider \u00e0 assurer un remplacement sans probl\u00e8me.<\/p>\n<p>Important\u00a0: Les photos de cette annonce montrent exactement le cache de la RAM que vous recevrez. La qualit\u00e9 de chaque composant est contr\u00f4l\u00e9e pour garantir votre enti\u00e8re satisfaction.<\/p>\n","protected":false},"excerpt":{"rendered":"<p>Cache RAM Fujitsu Siemens Esprimo Mobile D9500 \u2013 Remplacement d&rsquo;origine. Ce cache RAM de haute qualit\u00e9 est con\u00e7u pour l&rsquo;ordinateur portable Fujitsu Siemens Esprimo Mobile D9500. Id\u00e9al pour remplacer un cache perdu ou endommag\u00e9, il assure une protection optimale et un acc\u00e8s facile aux compartiments RAM de votre ordinateur portable.<\/p>\n","protected":false},"featured_media":15193,"template":"","meta":[],"product_brand":[],"product_cat":[52],"product_tag":[64],"class_list":{"0":"post-15163","1":"product","2":"type-product","3":"status-publish","4":"has-post-thumbnail","6":"product_cat-laptop-housing","7":"product_tag-fujitsu","9":"first","10":"instock","11":"taxable","12":"shipping-taxable","13":"purchasable","14":"product-type-simple"},"_links":{"self":[{"href":"https:\/\/boreait.com\/fr\/wp-json\/wp\/v2\/product\/15163","targetHints":{"allow":["GET"]}}],"collection":[{"href":"https:\/\/boreait.com\/fr\/wp-json\/wp\/v2\/product"}],"about":[{"href":"https:\/\/boreait.com\/fr\/wp-json\/wp\/v2\/types\/product"}],"wp:featuredmedia":[{"embeddable":true,"href":"https:\/\/boreait.com\/fr\/wp-json\/wp\/v2\/media\/15193"}],"wp:attachment":[{"href":"https:\/\/boreait.com\/fr\/wp-json\/wp\/v2\/media?parent=15163"}],"wp:term":[{"taxonomy":"product_brand","embeddable":true,"href":"https:\/\/boreait.com\/fr\/wp-json\/wp\/v2\/product_brand?post=15163"},{"taxonomy":"product_cat","embeddable":true,"href":"https:\/\/boreait.com\/fr\/wp-json\/wp\/v2\/product_cat?post=15163"},{"taxonomy":"product_tag","embeddable":true,"href":"https:\/\/boreait.com\/fr\/wp-json\/wp\/v2\/product_tag?post=15163"}],"curies":[{"name":"wp","href":"https:\/\/api.w.org\/{rel}","templated":true}]}}