{"id":15129,"date":"2025-09-16T15:47:56","date_gmt":"2025-09-16T13:47:56","guid":{"rendered":"https:\/\/boreait.com\/fr\/?post_type=product&#038;p=15129"},"modified":"2026-02-06T12:08:34","modified_gmt":"2026-02-06T11:08:34","slug":"carte-son-fujitsu-siemens-esprimo-mobile-d9500-avec-cable-piece-de-rechange-dorigine","status":"publish","type":"product","link":"https:\/\/boreait.com\/fr\/produit\/carte-son-fujitsu-siemens-esprimo-mobile-d9500-avec-cable-piece-de-rechange-dorigine\/","title":{"rendered":"Carte son Fujitsu Siemens Esprimo Mobile D9500 avec c\u00e2ble \u2013 Pi\u00e8ce de rechange d&rsquo;origine"},"content":{"rendered":"<p>Carte son Fujitsu Siemens Esprimo Mobile D9500 avec c\u00e2ble<\/p>\n<p>Am\u00e9liorez ou r\u00e9parez votre Fujitsu Siemens Esprimo Mobile D9500 avec cette carte son d&rsquo;origine, fournie avec le c\u00e2ble n\u00e9cessaire. Cette pi\u00e8ce de rechange est con\u00e7ue pour restaurer toutes les fonctionnalit\u00e9s audio de votre ordinateur portable, garantissant un son clair et fiable.<\/p>\n<p>**Caract\u00e9ristiques du produit\u00a0:**<\/p>\n<p>&#8211; **Compatibilit\u00e9\u00a0:** Sp\u00e9cialement con\u00e7u pour le mod\u00e8le Fujitsu Siemens Esprimo Mobile D9500.<\/p>\n<p>&#8211; **Inclus\u00a0:** Carte son et c\u00e2ble pour une installation facile.<\/p>\n<p>&#8211; **Qualit\u00e9\u00a0:** Pi\u00e8ce de rechange d&rsquo;origine pour garantir des performances et une compatibilit\u00e9 optimales.<\/p>\n<p>&#8211; **\u00c9tat\u00a0:** Comme neuf, avec photos r\u00e9elles fournies pour montrer les pi\u00e8ces exactes que vous recevrez.<\/p>\n<p>**Pourquoi choisir cette carte son\u00a0?**<\/p>\n<p>&#8211; **R\u00e9tablit les fonctionnalit\u00e9s audio\u00a0:** Id\u00e9al pour remplacer une carte son d\u00e9fectueuse ou endommag\u00e9e afin de garantir une excellente qualit\u00e9 audio.<\/p>\n<p>&#8211; **Remplacement direct\u00a0:** Livr\u00e9 avec un c\u00e2ble, pour une installation rapide et sans tracas.<\/p>\n<p>&#8211; **Livraison internationale\u00a0:** Disponible \u00e0 l&rsquo;achat et \u00e0 la livraison dans le monde entier, nous privil\u00e9gions un service efficace.<\/p>\n<p>Veuillez noter que les instructions d&rsquo;installation ne sont pas incluses. Si vous avez besoin d&rsquo;aide pour l&rsquo;installation, veuillez nous contacter. Nous nous engageons \u00e0 vous aider \u00e0 effectuer un remplacement en toute simplicit\u00e9.<\/p>\n<p>**Important\u00a0:** Les photos de cette annonce montrent la carte son et le c\u00e2ble exacts que vous recevrez. Chaque composant est inspect\u00e9 afin de garantir sa conformit\u00e9 \u00e0 nos normes de qualit\u00e9 \u00e9lev\u00e9es.<\/p>\n","protected":false},"excerpt":{"rendered":"<p>Carte son Fujitsu Siemens Esprimo Mobile D9500 avec c\u00e2ble \u2013 Remplacement d&rsquo;origine. Am\u00e9liorez ou r\u00e9parez votre Fujitsu Siemens Esprimo Mobile D9500 avec cette carte son authentique. C\u00e2ble inclus pour une installation facile et des performances audio fiables.<\/p>\n","protected":false},"featured_media":15170,"template":"","meta":[],"product_brand":[],"product_cat":[63],"product_tag":[64],"class_list":{"0":"post-15129","1":"product","2":"type-product","3":"status-publish","4":"has-post-thumbnail","6":"product_cat-motherboards-board-parts","7":"product_tag-fujitsu","9":"first","10":"instock","11":"taxable","12":"shipping-taxable","13":"purchasable","14":"product-type-simple"},"_links":{"self":[{"href":"https:\/\/boreait.com\/fr\/wp-json\/wp\/v2\/product\/15129","targetHints":{"allow":["GET"]}}],"collection":[{"href":"https:\/\/boreait.com\/fr\/wp-json\/wp\/v2\/product"}],"about":[{"href":"https:\/\/boreait.com\/fr\/wp-json\/wp\/v2\/types\/product"}],"wp:featuredmedia":[{"embeddable":true,"href":"https:\/\/boreait.com\/fr\/wp-json\/wp\/v2\/media\/15170"}],"wp:attachment":[{"href":"https:\/\/boreait.com\/fr\/wp-json\/wp\/v2\/media?parent=15129"}],"wp:term":[{"taxonomy":"product_brand","embeddable":true,"href":"https:\/\/boreait.com\/fr\/wp-json\/wp\/v2\/product_brand?post=15129"},{"taxonomy":"product_cat","embeddable":true,"href":"https:\/\/boreait.com\/fr\/wp-json\/wp\/v2\/product_cat?post=15129"},{"taxonomy":"product_tag","embeddable":true,"href":"https:\/\/boreait.com\/fr\/wp-json\/wp\/v2\/product_tag?post=15129"}],"curies":[{"name":"wp","href":"https:\/\/api.w.org\/{rel}","templated":true}]}}