{"id":15091,"date":"2025-09-16T15:46:37","date_gmt":"2025-09-16T13:46:37","guid":{"rendered":"https:\/\/boreait.com\/fr\/?post_type=product&#038;p=15091"},"modified":"2025-09-16T15:48:00","modified_gmt":"2025-09-16T13:48:00","slug":"ecran-lcd-de-remplacement-de-haute-qualite-pour-fujitsu-siemens-esprimo-mobile-d9500","status":"publish","type":"product","link":"https:\/\/boreait.com\/fr\/produit\/ecran-lcd-de-remplacement-de-haute-qualite-pour-fujitsu-siemens-esprimo-mobile-d9500\/","title":{"rendered":"\u00c9cran LCD de remplacement de haute qualit\u00e9 pour Fujitsu Siemens Esprimo Mobile D9500"},"content":{"rendered":"<p>\u00c9cran LCD pour Fujitsu Siemens Esprimo Mobile D9500<\/p>\n<p>Redonnez un nouveau souffle \u00e0 votre Fujitsu Siemens Esprimo Mobile D9500 avec cet \u00e9cran LCD de qualit\u00e9 sup\u00e9rieure. Que vous ayez besoin de remplacer un \u00e9cran fissur\u00e9 ou de remplacer un \u00e9cran d\u00e9fectueux, cet \u00e9cran de remplacement d&rsquo;origine offre des images nettes et claires et des performances fiables.<\/p>\n<p>**Caract\u00e9ristiques du produit\u00a0:**<\/p>\n<p>&#8211; **Compatibilit\u00e9\u00a0:** Con\u00e7u sp\u00e9cifiquement pour le mod\u00e8le Fujitsu Siemens Esprimo Mobile D9500.<\/p>\n<p>&#8211; **\u00c9tat\u00a0:** \u00c9cran LCD d&rsquo;occasion de haute qualit\u00e9, avec de vraies photos fournies pour montrer le produit exact que vous recevrez.<\/p>\n<p>&#8211; **R\u00e9solution\u00a0:** Offre des images nettes et \u00e9clatantes pour une exp\u00e9rience utilisateur optimale.<\/p>\n<p>**Pourquoi choisir cet \u00e9cran LCD\u00a0?**<\/p>\n<p>&#8211; **Affichage clair et \u00e9clatant\u00a0:** Restaure la clart\u00e9 et la pr\u00e9cision des couleurs d&rsquo;origine de l&rsquo;\u00e9cran de votre ordinateur portable.<\/p>\n<p>&#8211; **Remplacement direct\u00a0:** Aucune modification requise\u00a0: installation facile pour une mise \u00e0 niveau sans tracas.<br \/>\nLivraison internationale\u00a0:** Disponible \u00e0 l&rsquo;achat et \u00e0 la livraison dans le monde entier, en particulier en Europe.<\/p>\n<p>Veuillez noter que les instructions d&rsquo;installation ne sont pas incluses. Si vous avez besoin d&rsquo;aide pour l&rsquo;installation, veuillez nous contacter. Nous nous engageons \u00e0 vous accompagner dans le processus de remplacement.<\/p>\n<p>Important\u00a0:** Les photos de cette annonce illustrent exactement l&rsquo;\u00e9cran LCD que vous recevrez. Chaque \u00e9cran est soigneusement inspect\u00e9 afin de garantir une qualit\u00e9 optimale et la satisfaction de nos clients.<\/p>\n","protected":false},"excerpt":{"rendered":"<p>\u00c9cran LCD Fujitsu Siemens Esprimo Mobile D9500 \u2013 \u00c9cran de remplacement haut de gamme. Restaurez l&rsquo;\u00e9cran de votre ordinateur portable avec cet \u00e9cran LCD de haute qualit\u00e9 con\u00e7u pour le Fujitsu Siemens Esprimo Mobile D9500. Id\u00e9al pour remplacer un \u00e9cran fissur\u00e9 ou d\u00e9fectueux, il garantit des images nettes et \u00e9clatantes.<\/p>\n","protected":false},"featured_media":15132,"template":"","meta":[],"product_brand":[],"product_cat":[86,57],"product_tag":[64],"class_list":{"0":"post-15091","1":"product","2":"type-product","3":"status-publish","4":"has-post-thumbnail","6":"product_cat-15-4","7":"product_cat-laptop-screens-lcd-panels","8":"product_tag-fujitsu","10":"first","11":"instock","12":"taxable","13":"shipping-taxable","14":"purchasable","15":"product-type-simple"},"_links":{"self":[{"href":"https:\/\/boreait.com\/fr\/wp-json\/wp\/v2\/product\/15091","targetHints":{"allow":["GET"]}}],"collection":[{"href":"https:\/\/boreait.com\/fr\/wp-json\/wp\/v2\/product"}],"about":[{"href":"https:\/\/boreait.com\/fr\/wp-json\/wp\/v2\/types\/product"}],"wp:featuredmedia":[{"embeddable":true,"href":"https:\/\/boreait.com\/fr\/wp-json\/wp\/v2\/media\/15132"}],"wp:attachment":[{"href":"https:\/\/boreait.com\/fr\/wp-json\/wp\/v2\/media?parent=15091"}],"wp:term":[{"taxonomy":"product_brand","embeddable":true,"href":"https:\/\/boreait.com\/fr\/wp-json\/wp\/v2\/product_brand?post=15091"},{"taxonomy":"product_cat","embeddable":true,"href":"https:\/\/boreait.com\/fr\/wp-json\/wp\/v2\/product_cat?post=15091"},{"taxonomy":"product_tag","embeddable":true,"href":"https:\/\/boreait.com\/fr\/wp-json\/wp\/v2\/product_tag?post=15091"}],"curies":[{"name":"wp","href":"https:\/\/api.w.org\/{rel}","templated":true}]}}