{"id":15088,"date":"2025-09-16T15:46:36","date_gmt":"2025-09-16T13:46:36","guid":{"rendered":"https:\/\/boreait.com\/fr\/?post_type=product&#038;p=15088"},"modified":"2026-02-06T11:07:52","modified_gmt":"2026-02-06T10:07:52","slug":"onduleur-ambit-lenovo-thinkpad-x40-t621228-00-piece-de-rechange-dorigine","status":"publish","type":"product","link":"https:\/\/boreait.com\/fr\/produit\/onduleur-ambit-lenovo-thinkpad-x40-t621228-00-piece-de-rechange-dorigine\/","title":{"rendered":"Onduleur Ambit Lenovo ThinkPad X40 T621228.00 \u2013 Pi\u00e8ce de rechange d&rsquo;origine"},"content":{"rendered":"<p>Onduleur Ambit Lenovo Thinkpad X40 T621228.00<\/p>\n<p>Remplacez ou am\u00e9liorez l&rsquo;\u00e9cran de votre Lenovo Thinkpad X40 avec cet onduleur Ambit d&rsquo;origine (T621228.00). Cette pi\u00e8ce de rechange de haute qualit\u00e9 est essentielle au bon fonctionnement du r\u00e9tro\u00e9clairage de votre ordinateur portable, offrant des images claires et lumineuses.<\/p>\n<p>**Caract\u00e9ristiques du produit\u00a0:**<\/p>\n<p>&#8211; **Compatibilit\u00e9\u00a0:** Sp\u00e9cialement con\u00e7u pour le mod\u00e8le Lenovo Thinkpad X40.<\/p>\n<p>&#8211; **R\u00e9f\u00e9rence\u00a0:** T621228.00.<\/p>\n<p>&#8211; **Qualit\u00e9\u00a0:** Un onduleur Ambit d&rsquo;origine garantit des performances fiables et une durabilit\u00e9 accrue.<\/p>\n<p>&#8211; **\u00c9tat\u00a0:** Comme neuf, avec des photos r\u00e9elles pour montrer l&rsquo;onduleur que vous recevrez.<\/p>\n<p>**Pourquoi choisir cet onduleur\u00a0?**<\/p>\n<p>&#8211; **Restaure l&rsquo;affichage\u00a0:** Id\u00e9al pour r\u00e9soudre les probl\u00e8mes d&rsquo;\u00e9crans d&rsquo;ordinateurs portables faibles ou d\u00e9fectueux. **Remplacement direct**\u00a0: Con\u00e7u pour s&rsquo;adapter parfaitement \u00e0 votre Thinkpad X40 sans modification.<\/p>\n<p>**Livraison internationale**\u00a0: Disponible \u00e0 l&rsquo;achat et \u00e0 la livraison dans le monde entier, en particulier en Europe.<\/p>\n<p>Veuillez noter que les instructions d&rsquo;installation ne sont pas incluses. Si vous avez besoin d&rsquo;aide pour l&rsquo;installation, veuillez nous contacter. Notre \u00e9quipe s&rsquo;engage \u00e0 vous garantir un remplacement sans probl\u00e8me.<\/p>\n<p>**Important**\u00a0: Les photos de cette annonce montrent l&rsquo;onduleur exact que vous recevrez. Chaque pi\u00e8ce est soigneusement inspect\u00e9e afin de garantir sa conformit\u00e9 \u00e0 nos normes de qualit\u00e9 \u00e9lev\u00e9es.<\/p>\n","protected":false},"excerpt":{"rendered":"<p>Onduleur Ambit Lenovo Thinkpad X40 T621228.00 \u2013 Remplacement d&rsquo;origine. Restaurez les fonctionnalit\u00e9s de l&rsquo;\u00e9cran de votre Thinkpad X40 gr\u00e2ce \u00e0 cet onduleur Ambit authentique. Con\u00e7u pour des performances fiables et un remplacement facile, cet onduleur garantit un r\u00e9tro\u00e9clairage optimal et des images claires et lumineuses.<\/p>\n","protected":false},"featured_media":15120,"template":"","meta":[],"product_brand":[],"product_cat":[63],"product_tag":[62],"class_list":{"0":"post-15088","1":"product","2":"type-product","3":"status-publish","4":"has-post-thumbnail","6":"product_cat-motherboards-board-parts","7":"product_tag-lenovo","9":"first","10":"instock","11":"taxable","12":"shipping-taxable","13":"purchasable","14":"product-type-simple"},"_links":{"self":[{"href":"https:\/\/boreait.com\/fr\/wp-json\/wp\/v2\/product\/15088","targetHints":{"allow":["GET"]}}],"collection":[{"href":"https:\/\/boreait.com\/fr\/wp-json\/wp\/v2\/product"}],"about":[{"href":"https:\/\/boreait.com\/fr\/wp-json\/wp\/v2\/types\/product"}],"wp:featuredmedia":[{"embeddable":true,"href":"https:\/\/boreait.com\/fr\/wp-json\/wp\/v2\/media\/15120"}],"wp:attachment":[{"href":"https:\/\/boreait.com\/fr\/wp-json\/wp\/v2\/media?parent=15088"}],"wp:term":[{"taxonomy":"product_brand","embeddable":true,"href":"https:\/\/boreait.com\/fr\/wp-json\/wp\/v2\/product_brand?post=15088"},{"taxonomy":"product_cat","embeddable":true,"href":"https:\/\/boreait.com\/fr\/wp-json\/wp\/v2\/product_cat?post=15088"},{"taxonomy":"product_tag","embeddable":true,"href":"https:\/\/boreait.com\/fr\/wp-json\/wp\/v2\/product_tag?post=15088"}],"curies":[{"name":"wp","href":"https:\/\/api.w.org\/{rel}","templated":true}]}}