{"id":15087,"date":"2025-09-16T15:46:35","date_gmt":"2025-09-16T13:46:35","guid":{"rendered":"https:\/\/boreait.com\/fr\/?post_type=product&#038;p=15087"},"modified":"2026-02-06T11:07:37","modified_gmt":"2026-02-06T10:07:37","slug":"microphone-interne-pour-lenovo-thinkpad-x40-piece-de-rechange-dorigine","status":"publish","type":"product","link":"https:\/\/boreait.com\/fr\/produit\/microphone-interne-pour-lenovo-thinkpad-x40-piece-de-rechange-dorigine\/","title":{"rendered":"Microphone interne pour Lenovo Thinkpad X40 \u2013 Pi\u00e8ce de rechange d&rsquo;origine"},"content":{"rendered":"<p>Microphone interne pour Lenovo Thinkpad X40<\/p>\n<p>Am\u00e9liorez la qualit\u00e9 audio de votre Lenovo Thinkpad X40 gr\u00e2ce \u00e0 ce microphone interne d&rsquo;origine. Con\u00e7u pour remplacer un microphone d\u00e9fectueux ou endommag\u00e9, ce microphone garantit un son clair et net pour tous vos besoins d&rsquo;enregistrement et de communication.<\/p>\n<p>**Caract\u00e9ristiques du produit\u00a0:**<\/p>\n<p>&#8211; **Compatibilit\u00e9\u00a0:** Sp\u00e9cialement con\u00e7u pour le mod\u00e8le d&rsquo;ordinateur portable Lenovo Thinkpad X40.<\/p>\n<p>&#8211; **Qualit\u00e9\u00a0:** Pi\u00e8ce de rechange d&rsquo;origine garantissant des performances fiables et une clart\u00e9 audio optimale.<\/p>\n<p>&#8211; **\u00c9tat\u00a0:** Comme neuf, avec de vraies photos pour illustrer la pi\u00e8ce que vous recevrez.<\/p>\n<p>**Pourquoi choisir ce microphone\u00a0?**<\/p>\n<p>&#8211; **Restaure la fonctionnalit\u00e9 audio\u00a0:** Id\u00e9al pour r\u00e9soudre les probl\u00e8mes audio caus\u00e9s par un microphone interne d\u00e9fectueux.<\/p>\n<p>&#8211; **Remplacement direct\u00a0:** Aucune modification ni r\u00e9glage requis\u00a0: installez-le et profitez d&rsquo;une qualit\u00e9 audio am\u00e9lior\u00e9e.<\/p>\n<p>&#8211; **Livraison internationale\u00a0:** Disponible \u00e0 l&rsquo;achat et \u00e0 la livraison dans le monde entier, en particulier en Europe.<br \/>\nVeuillez noter qu&rsquo;aucune instruction d&rsquo;installation n&rsquo;est fournie. Si vous avez besoin d&rsquo;aide pour l&rsquo;installation, n&rsquo;h\u00e9sitez pas \u00e0 nous contacter. Notre \u00e9quipe d\u00e9di\u00e9e est l\u00e0 pour vous aider \u00e0 assurer un remplacement sans probl\u00e8me.<\/p>\n<p>Important\u00a0: Les photos de cette annonce montrent le microphone exact que vous recevrez. La qualit\u00e9 de chaque composant est contr\u00f4l\u00e9e pour garantir votre enti\u00e8re satisfaction.<\/p>\n","protected":false},"excerpt":{"rendered":"<p>Microphone interne Lenovo Thinkpad X40 \u2013 Remplacement d&rsquo;origine. Am\u00e9liorez la qualit\u00e9 audio de votre Thinkpad X40 gr\u00e2ce \u00e0 ce microphone interne de haute qualit\u00e9. Id\u00e9al pour remplacer les microphones d\u00e9fectueux ou endommag\u00e9s, il garantit un son clair et net.<\/p>\n","protected":false},"featured_media":15119,"template":"","meta":[],"product_brand":[],"product_cat":[63],"product_tag":[62],"class_list":{"0":"post-15087","1":"product","2":"type-product","3":"status-publish","4":"has-post-thumbnail","6":"product_cat-motherboards-board-parts","7":"product_tag-lenovo","9":"first","10":"instock","11":"taxable","12":"shipping-taxable","13":"purchasable","14":"product-type-simple"},"_links":{"self":[{"href":"https:\/\/boreait.com\/fr\/wp-json\/wp\/v2\/product\/15087","targetHints":{"allow":["GET"]}}],"collection":[{"href":"https:\/\/boreait.com\/fr\/wp-json\/wp\/v2\/product"}],"about":[{"href":"https:\/\/boreait.com\/fr\/wp-json\/wp\/v2\/types\/product"}],"wp:featuredmedia":[{"embeddable":true,"href":"https:\/\/boreait.com\/fr\/wp-json\/wp\/v2\/media\/15119"}],"wp:attachment":[{"href":"https:\/\/boreait.com\/fr\/wp-json\/wp\/v2\/media?parent=15087"}],"wp:term":[{"taxonomy":"product_brand","embeddable":true,"href":"https:\/\/boreait.com\/fr\/wp-json\/wp\/v2\/product_brand?post=15087"},{"taxonomy":"product_cat","embeddable":true,"href":"https:\/\/boreait.com\/fr\/wp-json\/wp\/v2\/product_cat?post=15087"},{"taxonomy":"product_tag","embeddable":true,"href":"https:\/\/boreait.com\/fr\/wp-json\/wp\/v2\/product_tag?post=15087"}],"curies":[{"name":"wp","href":"https:\/\/api.w.org\/{rel}","templated":true}]}}