{"id":15078,"date":"2025-09-16T15:46:08","date_gmt":"2025-09-16T13:46:08","guid":{"rendered":"https:\/\/boreait.com\/fr\/?post_type=product&#038;p=15078"},"modified":"2026-02-06T11:07:22","modified_gmt":"2026-02-06T10:07:22","slug":"interrupteur-de-couvercle-pour-lenovo-thinkpad-x40-piece-de-rechange-dorigine","status":"publish","type":"product","link":"https:\/\/boreait.com\/fr\/produit\/interrupteur-de-couvercle-pour-lenovo-thinkpad-x40-piece-de-rechange-dorigine\/","title":{"rendered":"Interrupteur de couvercle pour Lenovo Thinkpad X40 \u2013 Pi\u00e8ce de rechange d&rsquo;origine"},"content":{"rendered":"<p>Interrupteur de couvercle pour Lenovo Thinkpad X40<\/p>\n<p>Maintenez le bon fonctionnement de votre Lenovo Thinkpad X40 gr\u00e2ce \u00e0 cet interrupteur de couvercle d&rsquo;origine. Con\u00e7u pour remplacer les interrupteurs d\u00e9fectueux ou endommag\u00e9s, il garantit le bon fonctionnement de votre ordinateur portable \u00e0 l&rsquo;ouverture et \u00e0 la fermeture du couvercle.<\/p>\n<p>**Caract\u00e9ristiques du produit\u00a0:**<\/p>\n<p>&#8211; **Compatibilit\u00e9\u00a0:** Sp\u00e9cialement con\u00e7u pour le mod\u00e8le d&rsquo;ordinateur portable Lenovo Thinkpad X40.<\/p>\n<p>&#8211; **Qualit\u00e9\u00a0:** Pi\u00e8ce de rechange d&rsquo;origine pour des performances fiables.<\/p>\n<p>&#8211; **\u00c9tat\u00a0:** Comme neuf, avec de vraies photos pour illustrer la pi\u00e8ce que vous recevrez.<\/p>\n<p>**Pourquoi choisir cet interrupteur de couvercle\u00a0?**<\/p>\n<p>&#8211; **Garantit un bon fonctionnement\u00a0:** Id\u00e9al pour r\u00e9soudre les probl\u00e8mes caus\u00e9s par un interrupteur de couvercle d\u00e9fectueux, tels que les probl\u00e8mes de veille\/r\u00e9veil.<\/p>\n<p>&#8211; **Remplacement direct\u00a0:** Installation facile, aucune modification ni r\u00e9glage n\u00e9cessaire.<\/p>\n<p>&#8211; **Livraison internationale\u00a0:** Disponible \u00e0 l&rsquo;achat et \u00e0 la livraison dans le monde entier, en particulier en Europe.<br \/>\nVeuillez noter qu&rsquo;aucune instruction d&rsquo;installation n&rsquo;est fournie. Si vous avez besoin d&rsquo;aide pour l&rsquo;installation, n&rsquo;h\u00e9sitez pas \u00e0 nous contacter. Notre \u00e9quipe d\u00e9di\u00e9e est l\u00e0 pour vous aider \u00e0 assurer un remplacement sans probl\u00e8me.<\/p>\n<p>**Important\u00a0:** Les photos de cette annonce montrent l&rsquo;interrupteur de couvercle exact que vous recevrez. Chaque composant est inspect\u00e9 pour garantir sa qualit\u00e9 afin de garantir votre enti\u00e8re satisfaction.<\/p>\n","protected":false},"excerpt":{"rendered":"<p>Interrupteur de couvercle pour Lenovo Thinkpad X40 \u2013 Remplacement d&rsquo;origine. Assurez le bon fonctionnement du couvercle de votre ordinateur portable gr\u00e2ce \u00e0 cet interrupteur de haute qualit\u00e9. Id\u00e9al pour remplacer un interrupteur d\u00e9fectueux ou endommag\u00e9.<\/p>\n","protected":false},"featured_media":15118,"template":"","meta":[],"product_brand":[],"product_cat":[63],"product_tag":[62],"class_list":{"0":"post-15078","1":"product","2":"type-product","3":"status-publish","4":"has-post-thumbnail","6":"product_cat-motherboards-board-parts","7":"product_tag-lenovo","9":"first","10":"instock","11":"taxable","12":"shipping-taxable","13":"purchasable","14":"product-type-simple"},"_links":{"self":[{"href":"https:\/\/boreait.com\/fr\/wp-json\/wp\/v2\/product\/15078","targetHints":{"allow":["GET"]}}],"collection":[{"href":"https:\/\/boreait.com\/fr\/wp-json\/wp\/v2\/product"}],"about":[{"href":"https:\/\/boreait.com\/fr\/wp-json\/wp\/v2\/types\/product"}],"wp:featuredmedia":[{"embeddable":true,"href":"https:\/\/boreait.com\/fr\/wp-json\/wp\/v2\/media\/15118"}],"wp:attachment":[{"href":"https:\/\/boreait.com\/fr\/wp-json\/wp\/v2\/media?parent=15078"}],"wp:term":[{"taxonomy":"product_brand","embeddable":true,"href":"https:\/\/boreait.com\/fr\/wp-json\/wp\/v2\/product_brand?post=15078"},{"taxonomy":"product_cat","embeddable":true,"href":"https:\/\/boreait.com\/fr\/wp-json\/wp\/v2\/product_cat?post=15078"},{"taxonomy":"product_tag","embeddable":true,"href":"https:\/\/boreait.com\/fr\/wp-json\/wp\/v2\/product_tag?post=15078"}],"curies":[{"name":"wp","href":"https:\/\/api.w.org\/{rel}","templated":true}]}}