{"id":15077,"date":"2025-09-16T15:46:07","date_gmt":"2025-09-16T13:46:07","guid":{"rendered":"https:\/\/boreait.com\/fr\/?post_type=product&#038;p=15077"},"modified":"2026-02-06T11:07:07","modified_gmt":"2026-02-06T10:07:07","slug":"haut-parleur-pour-ordinateur-portable-lenovo-thinkpad-x40-piece-de-rechange-dorigine","status":"publish","type":"product","link":"https:\/\/boreait.com\/fr\/produit\/haut-parleur-pour-ordinateur-portable-lenovo-thinkpad-x40-piece-de-rechange-dorigine\/","title":{"rendered":"Haut-parleur pour ordinateur portable Lenovo Thinkpad X40 \u2013 Pi\u00e8ce de rechange d&rsquo;origine"},"content":{"rendered":"<p>Haut-parleur pour ordinateur portable Lenovo Thinkpad X40<\/p>\n<p>Am\u00e9liorez ou r\u00e9parez votre Lenovo Thinkpad X40 avec ce haut-parleur de remplacement d&rsquo;origine. Con\u00e7u pour remplacer des haut-parleurs d\u00e9fectueux ou endommag\u00e9s, ce haut-parleur garantit une restauration audio compl\u00e8te.<\/p>\n<p>**Caract\u00e9ristiques du produit\u00a0:**<\/p>\n<p>&#8211; **Compatibilit\u00e9\u00a0:** Sp\u00e9cialement con\u00e7u pour le mod\u00e8le d&rsquo;ordinateur portable Lenovo Thinkpad X40.<\/p>\n<p>&#8211; **Qualit\u00e9\u00a0:** Pi\u00e8ce de rechange d&rsquo;origine pour garantir des performances et une qualit\u00e9 sonore fiables.<\/p>\n<p>&#8211; **\u00c9tat\u00a0:** Comme neuf, avec de vraies photos pour illustrer la pi\u00e8ce exacte que vous recevrez.<\/p>\n<p>**Pourquoi choisir ce haut-parleur\u00a0?**<\/p>\n<p>&#8211; **Restaure la fonctionnalit\u00e9 audio\u00a0:** Id\u00e9al pour r\u00e9soudre les probl\u00e8mes audio caus\u00e9s par des haut-parleurs d\u00e9fectueux.<\/p>\n<p>&#8211; **Remplacement direct\u00a0:** Aucune modification ni r\u00e9glage requis\u00a0: installez-le et profitez d&rsquo;un son am\u00e9lior\u00e9.<\/p>\n<p>&#8211; **Livraison internationale\u00a0:** Disponible \u00e0 l&rsquo;achat et \u00e0 la livraison dans le monde entier, en particulier en Europe.<\/p>\n<p>Veuillez noter que les instructions d&rsquo;installation ne sont pas fournies. Si vous avez besoin d&rsquo;aide pour l&rsquo;installation, n&rsquo;h\u00e9sitez pas \u00e0 nous contacter. Notre \u00e9quipe d\u00e9di\u00e9e est l\u00e0 pour vous aider \u00e0 assurer un remplacement sans probl\u00e8me.<\/p>\n<p>**Important\u00a0:** Les photos de cette annonce montrent l&rsquo;enceinte exacte que vous recevrez. La qualit\u00e9 de chaque composant est contr\u00f4l\u00e9e pour garantir votre enti\u00e8re satisfaction.<\/p>\n","protected":false},"excerpt":{"rendered":"<p>Haut-parleur pour ordinateur portable Lenovo Thinkpad X40 \u2013 Remplacement d&rsquo;origine. Am\u00e9liorez votre exp\u00e9rience audio avec ce haut-parleur de haute qualit\u00e9, sp\u00e9cialement con\u00e7u pour le Lenovo Thinkpad X40. Id\u00e9al pour remplacer des haut-parleurs endommag\u00e9s ou d\u00e9fectueux, il garantit des performances sonores optimales.<\/p>\n","protected":false},"featured_media":15117,"template":"","meta":[],"product_brand":[],"product_cat":[54],"product_tag":[62],"class_list":{"0":"post-15077","1":"product","2":"type-product","3":"status-publish","4":"has-post-thumbnail","6":"product_cat-laptop-speakers","7":"product_tag-lenovo","9":"first","10":"instock","11":"taxable","12":"shipping-taxable","13":"purchasable","14":"product-type-simple"},"_links":{"self":[{"href":"https:\/\/boreait.com\/fr\/wp-json\/wp\/v2\/product\/15077","targetHints":{"allow":["GET"]}}],"collection":[{"href":"https:\/\/boreait.com\/fr\/wp-json\/wp\/v2\/product"}],"about":[{"href":"https:\/\/boreait.com\/fr\/wp-json\/wp\/v2\/types\/product"}],"wp:featuredmedia":[{"embeddable":true,"href":"https:\/\/boreait.com\/fr\/wp-json\/wp\/v2\/media\/15117"}],"wp:attachment":[{"href":"https:\/\/boreait.com\/fr\/wp-json\/wp\/v2\/media?parent=15077"}],"wp:term":[{"taxonomy":"product_brand","embeddable":true,"href":"https:\/\/boreait.com\/fr\/wp-json\/wp\/v2\/product_brand?post=15077"},{"taxonomy":"product_cat","embeddable":true,"href":"https:\/\/boreait.com\/fr\/wp-json\/wp\/v2\/product_cat?post=15077"},{"taxonomy":"product_tag","embeddable":true,"href":"https:\/\/boreait.com\/fr\/wp-json\/wp\/v2\/product_tag?post=15077"}],"curies":[{"name":"wp","href":"https:\/\/api.w.org\/{rel}","templated":true}]}}