{"id":15074,"date":"2025-09-16T15:46:06","date_gmt":"2025-09-16T13:46:06","guid":{"rendered":"https:\/\/boreait.com\/fr\/?post_type=product&#038;p=15074"},"modified":"2026-02-06T11:06:35","modified_gmt":"2026-02-06T10:06:35","slug":"kit-dantennes-pour-lenovo-thinkpad-x40-antennes-de-remplacement-pour-connectivite-sans-fil","status":"publish","type":"product","link":"https:\/\/boreait.com\/fr\/produit\/kit-dantennes-pour-lenovo-thinkpad-x40-antennes-de-remplacement-pour-connectivite-sans-fil\/","title":{"rendered":"Kit d&rsquo;antennes pour Lenovo Thinkpad X40 \u2013 Antennes de remplacement pour connectivit\u00e9 sans fil"},"content":{"rendered":"<p>Kit d&rsquo;antennes pour Lenovo Thinkpad X40<\/p>\n<p>Am\u00e9liorez la connectivit\u00e9 sans fil de votre Lenovo Thinkpad X40 gr\u00e2ce \u00e0 ce kit d&rsquo;antennes. Que vous souhaitiez remplacer des antennes endommag\u00e9es ou am\u00e9liorer la r\u00e9ception Wi-Fi, ce kit garantit des performances fiables.<\/p>\n<p>**Caract\u00e9ristiques du produit\u00a0:**<\/p>\n<p>&#8211; **Compatibilit\u00e9\u00a0:** Sp\u00e9cialement con\u00e7u pour le mod\u00e8le d&rsquo;ordinateur portable Lenovo Thinkpad X40.<\/p>\n<p>&#8211; **Fonctionnalit\u00e9\u00a0:** Inclut des antennes pour am\u00e9liorer la r\u00e9ception du signal Wi-Fi.<\/p>\n<p>&#8211; **Qualit\u00e9\u00a0:** Pi\u00e8ces de rechange d&rsquo;origine pour des performances optimales.<\/p>\n<p>&#8211; **\u00c9tat\u00a0:** Comme neuf, avec photos r\u00e9elles fournies pour plus de transparence.<\/p>\n<p>**Pourquoi choisir ce kit d&rsquo;antennes\u00a0?**<\/p>\n<p>&#8211; **Connectivit\u00e9 am\u00e9lior\u00e9e\u00a0:** Am\u00e9liore la puissance et la fiabilit\u00e9 du signal Wi-Fi.<\/p>\n<p>&#8211; **Installation facile\u00a0:** Remplacement direct pour une mise \u00e0 niveau ou une r\u00e9paration sans tracas.<\/p>\n<p>&#8211; **Livraison internationale\u00a0:** Disponible \u00e0 l&rsquo;achat et \u00e0 la livraison dans le monde entier.<br \/>\nVeuillez noter qu&rsquo;aucune instruction d&rsquo;installation n&rsquo;est fournie. Si vous avez besoin d&rsquo;aide pour l&rsquo;installation, n&rsquo;h\u00e9sitez pas \u00e0 nous contacter. Nous sommes l\u00e0 pour garantir le bon d\u00e9roulement de votre remplacement.<\/p>\n<p>**Important\u00a0:** Les photos de cette annonce illustrent l&rsquo;antenne exacte que vous recevrez. Chaque composant est minutieusement inspect\u00e9 pour garantir sa conformit\u00e9 \u00e0 nos normes de qualit\u00e9.<\/p>\n","protected":false},"excerpt":{"rendered":"<p>Kit d&rsquo;antennes pour Lenovo Thinkpad X40 \u2013 Antennes de remplacement con\u00e7ues pour une connectivit\u00e9 sans fil optimale. Restaurez ou am\u00e9liorez la r\u00e9ception Wi-Fi de votre ordinateur portable gr\u00e2ce \u00e0 ce kit d&rsquo;antennes d&rsquo;origine.<\/p>\n","protected":false},"featured_media":15108,"template":"","meta":[],"product_brand":[],"product_cat":[56],"product_tag":[62],"class_list":{"0":"post-15074","1":"product","2":"type-product","3":"status-publish","4":"has-post-thumbnail","6":"product_cat-cables","7":"product_tag-lenovo","9":"first","10":"instock","11":"taxable","12":"shipping-taxable","13":"purchasable","14":"product-type-simple"},"_links":{"self":[{"href":"https:\/\/boreait.com\/fr\/wp-json\/wp\/v2\/product\/15074","targetHints":{"allow":["GET"]}}],"collection":[{"href":"https:\/\/boreait.com\/fr\/wp-json\/wp\/v2\/product"}],"about":[{"href":"https:\/\/boreait.com\/fr\/wp-json\/wp\/v2\/types\/product"}],"wp:featuredmedia":[{"embeddable":true,"href":"https:\/\/boreait.com\/fr\/wp-json\/wp\/v2\/media\/15108"}],"wp:attachment":[{"href":"https:\/\/boreait.com\/fr\/wp-json\/wp\/v2\/media?parent=15074"}],"wp:term":[{"taxonomy":"product_brand","embeddable":true,"href":"https:\/\/boreait.com\/fr\/wp-json\/wp\/v2\/product_brand?post=15074"},{"taxonomy":"product_cat","embeddable":true,"href":"https:\/\/boreait.com\/fr\/wp-json\/wp\/v2\/product_cat?post=15074"},{"taxonomy":"product_tag","embeddable":true,"href":"https:\/\/boreait.com\/fr\/wp-json\/wp\/v2\/product_tag?post=15074"}],"curies":[{"name":"wp","href":"https:\/\/api.w.org\/{rel}","templated":true}]}}