{"id":15064,"date":"2025-09-16T15:45:39","date_gmt":"2025-09-16T13:45:39","guid":{"rendered":"https:\/\/boreait.com\/fr\/?post_type=product&#038;p=15064"},"modified":"2026-02-06T11:06:18","modified_gmt":"2026-02-06T10:06:18","slug":"charnieres-pour-ordinateur-portable-lenovo-thinkpad-x40-pieces-de-rechange-dorigine-pour-support-decran","status":"publish","type":"product","link":"https:\/\/boreait.com\/fr\/produit\/charnieres-pour-ordinateur-portable-lenovo-thinkpad-x40-pieces-de-rechange-dorigine-pour-support-decran\/","title":{"rendered":"Charni\u00e8res pour ordinateur portable Lenovo ThinkPad X40 \u2013 Pi\u00e8ces de rechange d&rsquo;origine pour support d&rsquo;\u00e9cran"},"content":{"rendered":"<p>Charni\u00e8res pour ordinateur portable Lenovo ThinkPad X40<\/p>\n<p>Remplacez les charni\u00e8res endommag\u00e9es ou us\u00e9es de votre Lenovo ThinkPad X40 par ce kit de charni\u00e8res d&rsquo;origine. Ces pi\u00e8ces de rechange de haute qualit\u00e9 sont con\u00e7ues pour offrir un support ferme et fiable \u00e0 l&rsquo;\u00e9cran de votre ordinateur portable, garantissant un fonctionnement fluide et stable.<\/p>\n<p>**Caract\u00e9ristiques du produit\u00a0:**<\/p>\n<p>&#8211; **Compatibilit\u00e9\u00a0:** Sp\u00e9cialement con\u00e7u pour le mod\u00e8le d&rsquo;ordinateur portable Lenovo ThinkPad X40.<\/p>\n<p>&#8211; **Qualit\u00e9\u00a0:** Pi\u00e8ces de rechange d&rsquo;origine pour des performances et une durabilit\u00e9 fiables.<\/p>\n<p>&#8211; **\u00c9tat\u00a0:** Comme neuf, avec de vraies photos pour illustrer les pi\u00e8ces que vous recevrez.<\/p>\n<p>**Pourquoi choisir ce kit de charni\u00e8res\u00a0?**<\/p>\n<p>&#8211; **Stabilit\u00e9 de l&rsquo;\u00e9cran\u00a0:** Id\u00e9al pour r\u00e9soudre les probl\u00e8mes d&rsquo;\u00e9crans d&rsquo;ordinateurs portables instables ou instables.<\/p>\n<p>&#8211; **Remplacement direct\u00a0:** Aucune modification ni r\u00e9glage requis\u00a0: installez-le et profitez d&rsquo;un meilleur support d&rsquo;\u00e9cran.<\/p>\n<p>&#8211; **Livraison internationale\u00a0:** Disponible \u00e0 l&rsquo;achat et \u00e0 la livraison dans le monde entier, en particulier en Europe.<br \/>\nVeuillez noter qu&rsquo;aucune instruction d&rsquo;installation n&rsquo;est fournie. Si vous avez besoin d&rsquo;aide pour l&rsquo;installation, n&rsquo;h\u00e9sitez pas \u00e0 nous contacter. Notre \u00e9quipe d\u00e9di\u00e9e est l\u00e0 pour vous aider \u00e0 assurer un remplacement sans probl\u00e8me.<\/p>\n<p>**Important\u00a0:** Les photos de cette annonce montrent le jeu de charni\u00e8res exact que vous recevrez. La qualit\u00e9 de chaque composant est contr\u00f4l\u00e9e pour garantir votre enti\u00e8re satisfaction.<\/p>\n","protected":false},"excerpt":{"rendered":"<p>Charni\u00e8res pour ordinateur portable Lenovo ThinkPad X40 \u2013 Charni\u00e8res de remplacement d&rsquo;origine pour Lenovo ThinkPad X40. Assurez-vous que l&rsquo;\u00e9cran de votre ordinateur portable reste bien en place gr\u00e2ce \u00e0 ce jeu de charni\u00e8res de haute qualit\u00e9. Id\u00e9al pour remplacer les charni\u00e8res endommag\u00e9es ou us\u00e9es.<\/p>\n","protected":false},"featured_media":15107,"template":"","meta":[],"product_brand":[],"product_cat":[55],"product_tag":[62],"class_list":{"0":"post-15064","1":"product","2":"type-product","3":"status-publish","4":"has-post-thumbnail","6":"product_cat-screen-hinge","7":"product_tag-lenovo","9":"first","10":"instock","11":"taxable","12":"shipping-taxable","13":"purchasable","14":"product-type-simple"},"_links":{"self":[{"href":"https:\/\/boreait.com\/fr\/wp-json\/wp\/v2\/product\/15064","targetHints":{"allow":["GET"]}}],"collection":[{"href":"https:\/\/boreait.com\/fr\/wp-json\/wp\/v2\/product"}],"about":[{"href":"https:\/\/boreait.com\/fr\/wp-json\/wp\/v2\/types\/product"}],"wp:featuredmedia":[{"embeddable":true,"href":"https:\/\/boreait.com\/fr\/wp-json\/wp\/v2\/media\/15107"}],"wp:attachment":[{"href":"https:\/\/boreait.com\/fr\/wp-json\/wp\/v2\/media?parent=15064"}],"wp:term":[{"taxonomy":"product_brand","embeddable":true,"href":"https:\/\/boreait.com\/fr\/wp-json\/wp\/v2\/product_brand?post=15064"},{"taxonomy":"product_cat","embeddable":true,"href":"https:\/\/boreait.com\/fr\/wp-json\/wp\/v2\/product_cat?post=15064"},{"taxonomy":"product_tag","embeddable":true,"href":"https:\/\/boreait.com\/fr\/wp-json\/wp\/v2\/product_tag?post=15064"}],"curies":[{"name":"wp","href":"https:\/\/api.w.org\/{rel}","templated":true}]}}