{"id":15051,"date":"2025-09-16T15:45:15","date_gmt":"2025-09-16T13:45:15","guid":{"rendered":"https:\/\/boreait.com\/fr\/?post_type=product&#038;p=15051"},"modified":"2025-09-16T15:46:44","modified_gmt":"2025-09-16T13:46:44","slug":"disque-dur-pour-ordinateur-portable-asus-k52j-320-go-wd-scorpio-blue-disque-dur-de-remplacement-dorigine","status":"publish","type":"product","link":"https:\/\/boreait.com\/fr\/produit\/disque-dur-pour-ordinateur-portable-asus-k52j-320-go-wd-scorpio-blue-disque-dur-de-remplacement-dorigine\/","title":{"rendered":"Disque dur pour ordinateur portable Asus K52J 320 Go WD Scorpio Blue \u2013 Disque dur de remplacement d&rsquo;origine"},"content":{"rendered":"<p>100 % SANT\u00c9<\/p>\n<p>Disque dur WD Scorpio Blue 320 Go pour ordinateur portable Asus K52J<\/p>\n<p>Am\u00e9liorez ou remplacez le stockage de votre ordinateur portable Asus K52J par ce disque dur WD Scorpio Blue 320 Go d&rsquo;origine. R\u00e9put\u00e9 pour sa fiabilit\u00e9 et ses performances, ce disque dur offre une capacit\u00e9 de stockage importante pour tous vos fichiers, applications et contenus multim\u00e9dias.<\/p>\n<p>**Caract\u00e9ristiques du produit\u00a0:**<\/p>\n<p>&#8211; **Compatibilit\u00e9\u00a0:** Sp\u00e9cialement con\u00e7u pour le mod\u00e8le d&rsquo;ordinateur portable Asus K52J.<\/p>\n<p>&#8211; **Capacit\u00e9\u00a0:** 320 Go d&rsquo;espace de stockage pour vos fichiers, applications et contenus multim\u00e9dias.<\/p>\n<p>&#8211; **Marque\u00a0:** WD (Western Digital) Scorpio Blue \u2013 r\u00e9put\u00e9 pour sa fiabilit\u00e9 et ses performances \u00e9lev\u00e9es.<\/p>\n<p>&#8211; **\u00c9tat\u00a0:** Comme neuf, avec de vraies photos pour illustrer le disque dur que vous recevrez. <\/p>\n<p>**Pourquoi choisir ce disque dur\u00a0?**<\/p>\n<p>&#8211; **Performances am\u00e9lior\u00e9es\u00a0:** Am\u00e9liorez les performances de votre ordinateur portable gr\u00e2ce \u00e0 un disque dur fiable et rapide.<\/p>\n<p>&#8211; **Stockage important\u00a0:** Sa capacit\u00e9 de 320\u00a0Go est id\u00e9ale pour stocker des documents, des photos, des vid\u00e9os et bien plus encore.<\/p>\n<p>&#8211; **Installation facile\u00a0:** Remplacement direct sans modification\u00a0: il suffit de l&rsquo;installer et de commencer \u00e0 l&rsquo;utiliser.<\/p>\n<p>&#8211; **Livraison internationale\u00a0:** Disponible \u00e0 l&rsquo;achat et \u00e0 la livraison dans le monde entier, en particulier en Europe.<\/p>\n<p>Veuillez noter que les instructions d&rsquo;installation ne sont pas fournies. Si vous avez besoin d&rsquo;aide pour l&rsquo;installation, n&rsquo;h\u00e9sitez pas \u00e0 nous contacter. Notre \u00e9quipe d\u00e9di\u00e9e est l\u00e0 pour vous aider \u00e0 assurer un remplacement fluide.<\/p>\n<p>**Important\u00a0:** Les photos de cette annonce montrent le disque dur exact que vous recevrez. La qualit\u00e9 de chaque composant est contr\u00f4l\u00e9e pour garantir votre enti\u00e8re satisfaction.<\/p>\n","protected":false},"excerpt":{"rendered":"<p>100 % SANT\u00c9<\/p>\n<p>Disque dur WD Scorpio Blue 320 Go pour ordinateur portable Asus K52J \u2013 Remplacement d&rsquo;origine. Am\u00e9liorez ou remplacez le stockage de votre ordinateur portable Asus K52J avec ce disque dur WD Scorpio Blue 320 Go de haute qualit\u00e9. Performances fiables et capacit\u00e9 de stockage importante pour vos fichiers et applications.<\/p>\n","protected":false},"featured_media":15093,"template":"","meta":[],"product_brand":[],"product_cat":[85,67],"product_tag":[66],"class_list":{"0":"post-15051","1":"product","2":"type-product","3":"status-publish","4":"has-post-thumbnail","6":"product_cat-2-5-hdd","7":"product_cat-ssd-hdd-drives","8":"product_tag-asus","10":"first","11":"instock","12":"taxable","13":"shipping-taxable","14":"purchasable","15":"product-type-simple"},"_links":{"self":[{"href":"https:\/\/boreait.com\/fr\/wp-json\/wp\/v2\/product\/15051","targetHints":{"allow":["GET"]}}],"collection":[{"href":"https:\/\/boreait.com\/fr\/wp-json\/wp\/v2\/product"}],"about":[{"href":"https:\/\/boreait.com\/fr\/wp-json\/wp\/v2\/types\/product"}],"wp:featuredmedia":[{"embeddable":true,"href":"https:\/\/boreait.com\/fr\/wp-json\/wp\/v2\/media\/15093"}],"wp:attachment":[{"href":"https:\/\/boreait.com\/fr\/wp-json\/wp\/v2\/media?parent=15051"}],"wp:term":[{"taxonomy":"product_brand","embeddable":true,"href":"https:\/\/boreait.com\/fr\/wp-json\/wp\/v2\/product_brand?post=15051"},{"taxonomy":"product_cat","embeddable":true,"href":"https:\/\/boreait.com\/fr\/wp-json\/wp\/v2\/product_cat?post=15051"},{"taxonomy":"product_tag","embeddable":true,"href":"https:\/\/boreait.com\/fr\/wp-json\/wp\/v2\/product_tag?post=15051"}],"curies":[{"name":"wp","href":"https:\/\/api.w.org\/{rel}","templated":true}]}}