{"id":15027,"date":"2025-09-16T15:44:23","date_gmt":"2025-09-16T13:44:23","guid":{"rendered":"https:\/\/boreait.com\/fr\/?post_type=product&#038;p=15027"},"modified":"2025-09-16T15:45:48","modified_gmt":"2025-09-16T13:45:48","slug":"clavier-fujitsu-siemens-esprimo-mobile-d9500-m9400-v5515-piece-de-rechange-dorigine-qualite-superieure","status":"publish","type":"product","link":"https:\/\/boreait.com\/fr\/produit\/clavier-fujitsu-siemens-esprimo-mobile-d9500-m9400-v5515-piece-de-rechange-dorigine-qualite-superieure\/","title":{"rendered":"Clavier Fujitsu Siemens Esprimo Mobile D9500 M9400 V5515 \u2013 Pi\u00e8ce de rechange d&rsquo;origine | Qualit\u00e9 sup\u00e9rieure"},"content":{"rendered":"<p>Clavier Fujitsu Siemens Esprimo Mobile D9500 M9400 V5515<\/p>\n<p>Redonnez un nouveau souffle \u00e0 votre Fujitsu Siemens Esprimo Mobile D9500 M9400 V5515 avec ce clavier de remplacement d&rsquo;origine. Id\u00e9al pour remplacer un clavier d\u00e9fectueux ou us\u00e9, ce clavier de haute qualit\u00e9 garantit des performances fiables et une exp\u00e9rience de frappe fluide.<\/p>\n<p>**Caract\u00e9ristiques du produit\u00a0:**<\/p>\n<p>&#8211; **Compatibilit\u00e9\u00a0:** Sp\u00e9cialement con\u00e7u pour le mod\u00e8le d&rsquo;ordinateur portable Fujitsu Siemens Esprimo Mobile D9500 M9400 V5515.<\/p>\n<p>&#8211; **Qualit\u00e9\u00a0:** Pi\u00e8ce de rechange d&rsquo;origine garantissant durabilit\u00e9 et fonctionnalit\u00e9.<\/p>\n<p>&#8211; **\u00c9tat\u00a0:** Comme neuf, avec photos r\u00e9elles fournies pour pr\u00e9senter le clavier exact que vous recevrez.<\/p>\n<p>&#8211; **Disposition\u00a0:** Disposition nordique\u00a0&#8211; \u00e9galement compatible avec d&rsquo;autres pays\/langues\/dispositions.<\/p>\n<p>**Pourquoi choisir ce clavier\u00a0?**<\/p>\n<p>&#8211; **Restaure la fonctionnalit\u00e9 de frappe\u00a0:** Id\u00e9al pour r\u00e9soudre les probl\u00e8mes de clavier non r\u00e9actif ou endommag\u00e9.<\/p>\n<p>&#8211; **Remplacement direct\u00a0:** Remplacez facilement votre ancien clavier sans aucune modification.<\/p>\n<p>&#8211; **Livraison internationale\u00a0:** Disponible \u00e0 l&rsquo;achat et \u00e0 la livraison dans le monde entier, en particulier en Europe.<\/p>\n<p>Veuillez noter que les instructions d&rsquo;installation ne sont pas fournies. Si vous avez besoin d&rsquo;aide pour l&rsquo;installation, n&rsquo;h\u00e9sitez pas \u00e0 nous contacter. Notre \u00e9quipe est l\u00e0 pour assurer un remplacement fluide.<\/p>\n<p>**Important\u00a0:** Les photos de cette annonce montrent le clavier exact que vous recevrez. Chaque unit\u00e9 est soigneusement inspect\u00e9e afin de garantir qu&rsquo;elle r\u00e9pond \u00e0 nos normes de qualit\u00e9 \u00e9lev\u00e9es.<\/p>\n","protected":false},"excerpt":{"rendered":"<p>Clavier Fujitsu Siemens Esprimo Mobile D9500 M9400 V5515 \u2013 Remplacement d&rsquo;origine. Retrouvez toutes les fonctionnalit\u00e9s de votre Fujitsu Siemens Esprimo Mobile D9500 M9400 V5515 gr\u00e2ce \u00e0 ce clavier de haute qualit\u00e9. Id\u00e9al pour remplacer un clavier us\u00e9 ou endommag\u00e9, il garantit une frappe fluide et une grande durabilit\u00e9.<\/p>\n","protected":false},"featured_media":15067,"template":"","meta":[],"product_brand":[],"product_cat":[71],"product_tag":[64],"class_list":{"0":"post-15027","1":"product","2":"type-product","3":"status-publish","4":"has-post-thumbnail","6":"product_cat-laptop-keyboard","7":"product_tag-fujitsu","9":"first","10":"instock","11":"taxable","12":"shipping-taxable","13":"purchasable","14":"product-type-simple"},"_links":{"self":[{"href":"https:\/\/boreait.com\/fr\/wp-json\/wp\/v2\/product\/15027","targetHints":{"allow":["GET"]}}],"collection":[{"href":"https:\/\/boreait.com\/fr\/wp-json\/wp\/v2\/product"}],"about":[{"href":"https:\/\/boreait.com\/fr\/wp-json\/wp\/v2\/types\/product"}],"wp:featuredmedia":[{"embeddable":true,"href":"https:\/\/boreait.com\/fr\/wp-json\/wp\/v2\/media\/15067"}],"wp:attachment":[{"href":"https:\/\/boreait.com\/fr\/wp-json\/wp\/v2\/media?parent=15027"}],"wp:term":[{"taxonomy":"product_brand","embeddable":true,"href":"https:\/\/boreait.com\/fr\/wp-json\/wp\/v2\/product_brand?post=15027"},{"taxonomy":"product_cat","embeddable":true,"href":"https:\/\/boreait.com\/fr\/wp-json\/wp\/v2\/product_cat?post=15027"},{"taxonomy":"product_tag","embeddable":true,"href":"https:\/\/boreait.com\/fr\/wp-json\/wp\/v2\/product_tag?post=15027"}],"curies":[{"name":"wp","href":"https:\/\/api.w.org\/{rel}","templated":true}]}}