{"id":15025,"date":"2025-09-16T15:44:23","date_gmt":"2025-09-16T13:44:23","guid":{"rendered":"https:\/\/boreait.com\/fr\/?post_type=product&#038;p=15025"},"modified":"2026-02-06T09:13:41","modified_gmt":"2026-02-06T08:13:41","slug":"repose-poignets-fujitsu-siemens-esprimo-mobile-v5515-piece-de-rechange-dorigine-haute-qualite","status":"publish","type":"product","link":"https:\/\/boreait.com\/fr\/produit\/repose-poignets-fujitsu-siemens-esprimo-mobile-v5515-piece-de-rechange-dorigine-haute-qualite\/","title":{"rendered":"Repose-poignets Fujitsu Siemens Esprimo Mobile V5515 \u2013 Pi\u00e8ce de rechange d&rsquo;origine, haute qualit\u00e9"},"content":{"rendered":"<p>Repose-poignets Fujitsu Siemens Esprimo Mobile V5515<\/p>\n<p>Redonnez un nouveau souffle \u00e0 votre Fujitsu Siemens Esprimo Mobile V5515 avec ce repose-poignets de rechange d&rsquo;origine. Con\u00e7u pour remplacer un repose-poignets us\u00e9 ou endommag\u00e9, ce repose-poignets restaurera l&rsquo;esth\u00e9tique et la fonctionnalit\u00e9 de votre ordinateur portable.<\/p>\n<p>**Caract\u00e9ristiques du produit\u00a0:**<\/p>\n<p>&#8211; **Compatibilit\u00e9\u00a0:** Sp\u00e9cialement con\u00e7u pour le mod\u00e8le d&rsquo;ordinateur portable Fujitsu Siemens Esprimo Mobile V5515.<\/p>\n<p>&#8211; **\u00c9tat\u00a0:** Comme neuf, avec de vraies photos fournies pour montrer la pi\u00e8ce exacte que vous recevrez.<\/p>\n<p>&#8211; **Qualit\u00e9\u00a0:** Pi\u00e8ce de rechange d&rsquo;origine pour un ajustement parfait et des performances fiables.<\/p>\n<p>**Pourquoi choisir ce repose-poignets\u00a0?**<\/p>\n<p>&#8211; **Restaure l&rsquo;esth\u00e9tique\u00a0:** Id\u00e9al pour remplacer un repose-poignets us\u00e9 ou endommag\u00e9, il offre \u00e0 votre ordinateur portable un aspect neuf et professionnel.<\/p>\n<p>&#8211; **Construction robuste\u00a0:** Fabriqu\u00e9 selon les sp\u00e9cifications d&rsquo;origine, garantissant long\u00e9vit\u00e9 et durabilit\u00e9.<br \/>\nInstallation facile\u00a0: Con\u00e7u pour un remplacement direct, il simplifie l&rsquo;installation.<\/p>\n<p>Important\u00a0: Les photos de cette annonce montrent le repose-poignets exact que vous recevrez. Pour toute question ou assistance \u00e0 l&rsquo;installation, n&rsquo;h\u00e9sitez pas \u00e0 nous contacter. Nous sommes l\u00e0 pour vous aider \u00e0 remplacer votre appareil sans probl\u00e8me et \u00e0 vous satisfaire pleinement.<\/p>\n<p>Remarque\u00a0: Les instructions d&rsquo;installation ne sont pas incluses, mais notre \u00e9quipe d&rsquo;assistance est disponible pour r\u00e9pondre \u00e0 toutes vos questions ou vous apporter une aide suppl\u00e9mentaire.<\/p>\n","protected":false},"excerpt":{"rendered":"<p>Repose-poignets Fujitsu Siemens Esprimo Mobile V5515 \u2013 Pi\u00e8ce de rechange d&rsquo;origine. Am\u00e9liorez l&rsquo;apparence et les fonctionnalit\u00e9s de votre Fujitsu Siemens Esprimo Mobile V5515 avec ce repose-poignets de haute qualit\u00e9. Id\u00e9al pour remplacer un repose-poignets us\u00e9 ou endommag\u00e9, il lui conf\u00e8re un aspect neuf et professionnel.<\/p>\n","protected":false},"featured_media":15057,"template":"","meta":[],"product_brand":[],"product_cat":[52],"product_tag":[64],"class_list":{"0":"post-15025","1":"product","2":"type-product","3":"status-publish","4":"has-post-thumbnail","6":"product_cat-laptop-housing","7":"product_tag-fujitsu","9":"first","10":"instock","11":"taxable","12":"shipping-taxable","13":"purchasable","14":"product-type-simple"},"_links":{"self":[{"href":"https:\/\/boreait.com\/fr\/wp-json\/wp\/v2\/product\/15025","targetHints":{"allow":["GET"]}}],"collection":[{"href":"https:\/\/boreait.com\/fr\/wp-json\/wp\/v2\/product"}],"about":[{"href":"https:\/\/boreait.com\/fr\/wp-json\/wp\/v2\/types\/product"}],"wp:featuredmedia":[{"embeddable":true,"href":"https:\/\/boreait.com\/fr\/wp-json\/wp\/v2\/media\/15057"}],"wp:attachment":[{"href":"https:\/\/boreait.com\/fr\/wp-json\/wp\/v2\/media?parent=15025"}],"wp:term":[{"taxonomy":"product_brand","embeddable":true,"href":"https:\/\/boreait.com\/fr\/wp-json\/wp\/v2\/product_brand?post=15025"},{"taxonomy":"product_cat","embeddable":true,"href":"https:\/\/boreait.com\/fr\/wp-json\/wp\/v2\/product_cat?post=15025"},{"taxonomy":"product_tag","embeddable":true,"href":"https:\/\/boreait.com\/fr\/wp-json\/wp\/v2\/product_tag?post=15025"}],"curies":[{"name":"wp","href":"https:\/\/api.w.org\/{rel}","templated":true}]}}