{"id":15023,"date":"2025-09-16T15:44:22","date_gmt":"2025-09-16T13:44:22","guid":{"rendered":"https:\/\/boreait.com\/fr\/?post_type=product&#038;p=15023"},"modified":"2026-02-06T09:13:26","modified_gmt":"2026-02-06T08:13:26","slug":"graveur-dvd-fujitsu-lifebook-ah531-lecteur-optique-de-remplacement-dorigine","status":"publish","type":"product","link":"https:\/\/boreait.com\/fr\/produit\/graveur-dvd-fujitsu-lifebook-ah531-lecteur-optique-de-remplacement-dorigine\/","title":{"rendered":"Graveur DVD Fujitsu LifeBook AH531 \u2013 Lecteur optique de remplacement d&rsquo;origine"},"content":{"rendered":"<p>Graveur DVD Fujitsu LifeBook AH531<\/p>\n<p>Am\u00e9liorez les fonctionnalit\u00e9s de votre ordinateur portable Fujitsu LifeBook AH531 avec ce graveur DVD de remplacement d&rsquo;origine. Que vous souhaitiez mettre \u00e0 niveau ou remplacer un lecteur optique d\u00e9fectueux, cet appareil est con\u00e7u pour r\u00e9pondre efficacement \u00e0 vos besoins.<\/p>\n<p>**Caract\u00e9ristiques du produit\u00a0:**<\/p>\n<p>&#8211; **Compatibilit\u00e9\u00a0:** Sp\u00e9cialement con\u00e7u pour le mod\u00e8le Fujitsu LifeBook AH531.<\/p>\n<p>&#8211; **Qualit\u00e9\u00a0:** Pi\u00e8ce de rechange d&rsquo;origine pour des performances fiables.<\/p>\n<p>&#8211; **Fonctionnalit\u00e9\u00a0:** Permet la gravure et la lecture de disques en toute simplicit\u00e9.<\/p>\n<p>&#8211; **\u00c9tat\u00a0:** Comme neuf, avec de vraies photos pour illustrer la pi\u00e8ce que vous recevrez.<\/p>\n<p>**Pourquoi choisir ce graveur DVD\u00a0?**<\/p>\n<p>&#8211; **Performances optimales\u00a0:** Profitez de capacit\u00e9s de gravure et de lecture de DVD fluides.<\/p>\n<p>&#8211; **Remplacement direct\u00a0:** Installez-le en toute confiance, garantissant compatibilit\u00e9 et fonctionnalit\u00e9.<\/p>\n<p>&#8211; **Livraison internationale\u00a0:** Disponible \u00e0 l&rsquo;achat et \u00e0 la livraison dans le monde entier.<br \/>\nVeuillez noter qu&rsquo;aucune instruction d&rsquo;installation n&rsquo;est fournie. Pour toute question ou assistance concernant l&rsquo;installation, n&rsquo;h\u00e9sitez pas \u00e0 contacter notre \u00e9quipe.<\/p>\n<p>**Important\u00a0:** Les photos de cette annonce illustrent le graveur DVD que vous recevrez. Chaque unit\u00e9 est soigneusement inspect\u00e9e afin de garantir son respect des normes de qualit\u00e9 et votre enti\u00e8re satisfaction.<\/p>\n","protected":false},"excerpt":{"rendered":"<p>Graveur DVD Fujitsu LifeBook AH531 \u2013 Remplacement d&rsquo;origine. Am\u00e9liorez ou remplacez le graveur DVD de votre ordinateur portable Fujitsu LifeBook AH531 par ce lecteur optique fiable. Assurez une gravure et une lecture fluides gr\u00e2ce \u00e0 cette pi\u00e8ce de rechange de haute qualit\u00e9.<\/p>\n","protected":false},"featured_media":15055,"template":"","meta":[],"product_brand":[],"product_cat":[63],"product_tag":[64],"class_list":{"0":"post-15023","1":"product","2":"type-product","3":"status-publish","4":"has-post-thumbnail","6":"product_cat-motherboards-board-parts","7":"product_tag-fujitsu","9":"first","10":"instock","11":"taxable","12":"shipping-taxable","13":"purchasable","14":"product-type-simple"},"_links":{"self":[{"href":"https:\/\/boreait.com\/fr\/wp-json\/wp\/v2\/product\/15023","targetHints":{"allow":["GET"]}}],"collection":[{"href":"https:\/\/boreait.com\/fr\/wp-json\/wp\/v2\/product"}],"about":[{"href":"https:\/\/boreait.com\/fr\/wp-json\/wp\/v2\/types\/product"}],"wp:featuredmedia":[{"embeddable":true,"href":"https:\/\/boreait.com\/fr\/wp-json\/wp\/v2\/media\/15055"}],"wp:attachment":[{"href":"https:\/\/boreait.com\/fr\/wp-json\/wp\/v2\/media?parent=15023"}],"wp:term":[{"taxonomy":"product_brand","embeddable":true,"href":"https:\/\/boreait.com\/fr\/wp-json\/wp\/v2\/product_brand?post=15023"},{"taxonomy":"product_cat","embeddable":true,"href":"https:\/\/boreait.com\/fr\/wp-json\/wp\/v2\/product_cat?post=15023"},{"taxonomy":"product_tag","embeddable":true,"href":"https:\/\/boreait.com\/fr\/wp-json\/wp\/v2\/product_tag?post=15023"}],"curies":[{"name":"wp","href":"https:\/\/api.w.org\/{rel}","templated":true}]}}