{"id":15008,"date":"2025-09-16T15:43:56","date_gmt":"2025-09-16T13:43:56","guid":{"rendered":"https:\/\/boreait.com\/fr\/?post_type=product&#038;p=15008"},"modified":"2025-09-16T15:44:44","modified_gmt":"2025-09-16T13:44:44","slug":"clavier-fujitsu-lifebook-a530-ah530-a531-ah531-nh751-piece-de-rechange-dorigine","status":"publish","type":"product","link":"https:\/\/boreait.com\/fr\/produit\/clavier-fujitsu-lifebook-a530-ah530-a531-ah531-nh751-piece-de-rechange-dorigine\/","title":{"rendered":"Clavier Fujitsu Lifebook A530 AH530 A531 AH531 NH751 &#8211; Pi\u00e8ce de rechange d&rsquo;origine"},"content":{"rendered":"<p>Clavier Fujitsu Lifebook A530 AH530 A531 AH531 NH751 \u2013 Remplacement d&rsquo;origine<\/p>\n<p>Restaurez toutes les fonctionnalit\u00e9s de votre ordinateur portable Fujitsu Lifebook A530 AH530 A531 AH531 NH751 gr\u00e2ce \u00e0 ce clavier de remplacement d&rsquo;origine. Que votre clavier actuel soit endommag\u00e9 ou ne r\u00e9ponde plus, ce remplacement de haute qualit\u00e9 est con\u00e7u pour restaurer les performances optimales de votre ordinateur portable.<\/p>\n<p>**Caract\u00e9ristiques du produit\u00a0:**<\/p>\n<p>&#8211; **Compatibilit\u00e9\u00a0:** Sp\u00e9cialement con\u00e7u pour le mod\u00e8le d&rsquo;ordinateur portable Fujitsu Lifebook A530 AH530 A531 AH531 NH751.<\/p>\n<p>&#8211; **Qualit\u00e9\u00a0:** Pi\u00e8ce d&rsquo;origine Fujitsu pour des performances fiables et une durabilit\u00e9 accrue.<\/p>\n<p>&#8211; **\u00c9tat\u00a0:** Comme neuf, avec des photos r\u00e9elles pour illustrer le clavier que vous recevrez.<\/p>\n<p>&#8211; **Installation facile\u00a0:** Con\u00e7u pour un remplacement simple, il est facile \u00e0 installer et \u00e0 utiliser.<\/p>\n<p>-**Disposition\u00a0:** Disposition nordique\u00a0<span class=\"il\">\u00a0&#8211; \u00e9galement compatible avec d&rsquo;autres pays\/langues\/<span class=\"il\">dispositions<\/span>.<\/p>\n<p>**Pourquoi choisir ce clavier\u00a0?**<\/p>\n<p>&#8211; **Remplacement fiable\u00a0:** Id\u00e9al pour remplacer un clavier d\u00e9fectueux ou endommag\u00e9.<\/p>\n<p>&#8211; **Haute qualit\u00e9\u00a0:** Fabriqu\u00e9 selon les normes les plus strictes pour garantir des performances durables.<\/p>\n<p>&#8211; **Livraison internationale\u00a0:** Disponible \u00e0 l&rsquo;achat et \u00e0 la livraison dans le monde entier, en particulier en Europe.<\/p>\n<p>Veuillez noter que les instructions d&rsquo;installation ne sont pas fournies. Si vous avez besoin d&rsquo;aide pour l&rsquo;installation, n&rsquo;h\u00e9sitez pas \u00e0 nous contacter. Notre \u00e9quipe d\u00e9di\u00e9e est l\u00e0 pour vous aider \u00e0 assurer un remplacement fluide.<\/p>\n<p>**Important\u00a0:** Les photos de cette annonce montrent le clavier exact que vous recevrez. La qualit\u00e9 de chaque composant est inspect\u00e9e pour garantir votre enti\u00e8re satisfaction.<\/p>\n","protected":false},"excerpt":{"rendered":"<p>Clavier Fujitsu Lifebook A530 AH530 A531 AH531 NH751 \u2013 Remplacement d&rsquo;origine. Remplacez votre clavier endommag\u00e9 ou non fonctionnel par ce clavier Fujitsu Lifebook A530 AH530 A531 AH531 NH751 d&rsquo;origine, de haute qualit\u00e9. Facile \u00e0 installer et con\u00e7u pour des performances optimales.<\/p>\n","protected":false},"featured_media":15036,"template":"","meta":[],"product_brand":[],"product_cat":[71],"product_tag":[64],"class_list":{"0":"post-15008","1":"product","2":"type-product","3":"status-publish","4":"has-post-thumbnail","6":"product_cat-laptop-keyboard","7":"product_tag-fujitsu","9":"first","10":"instock","11":"taxable","12":"shipping-taxable","13":"purchasable","14":"product-type-simple"},"_links":{"self":[{"href":"https:\/\/boreait.com\/fr\/wp-json\/wp\/v2\/product\/15008","targetHints":{"allow":["GET"]}}],"collection":[{"href":"https:\/\/boreait.com\/fr\/wp-json\/wp\/v2\/product"}],"about":[{"href":"https:\/\/boreait.com\/fr\/wp-json\/wp\/v2\/types\/product"}],"wp:featuredmedia":[{"embeddable":true,"href":"https:\/\/boreait.com\/fr\/wp-json\/wp\/v2\/media\/15036"}],"wp:attachment":[{"href":"https:\/\/boreait.com\/fr\/wp-json\/wp\/v2\/media?parent=15008"}],"wp:term":[{"taxonomy":"product_brand","embeddable":true,"href":"https:\/\/boreait.com\/fr\/wp-json\/wp\/v2\/product_brand?post=15008"},{"taxonomy":"product_cat","embeddable":true,"href":"https:\/\/boreait.com\/fr\/wp-json\/wp\/v2\/product_cat?post=15008"},{"taxonomy":"product_tag","embeddable":true,"href":"https:\/\/boreait.com\/fr\/wp-json\/wp\/v2\/product_tag?post=15008"}],"curies":[{"name":"wp","href":"https:\/\/api.w.org\/{rel}","templated":true}]}}