{"id":14969,"date":"2025-09-15T17:24:22","date_gmt":"2025-09-15T15:24:22","guid":{"rendered":"https:\/\/boreait.com\/fr\/?post_type=product&#038;p=14969"},"modified":"2026-02-04T10:45:37","modified_gmt":"2026-02-04T09:45:37","slug":"camera-pour-ordinateur-portable-asus-k52j-pieces-de-rechange-dorigine-pour-mise-a-niveau-de-la-webcam-hd","status":"publish","type":"product","link":"https:\/\/boreait.com\/fr\/produit\/camera-pour-ordinateur-portable-asus-k52j-pieces-de-rechange-dorigine-pour-mise-a-niveau-de-la-webcam-hd\/","title":{"rendered":"Cam\u00e9ra pour ordinateur portable Asus K52J \u2013 Pi\u00e8ces de rechange d&rsquo;origine pour mise \u00e0 niveau de la webcam HD"},"content":{"rendered":"<p>Cam\u00e9ra pour ordinateur portable Asus K52J<\/p>\n<p>Redonnez un nouveau souffle \u00e0 votre Asus K52J avec cette cam\u00e9ra de remplacement d&rsquo;origine. Con\u00e7ue pour remplacer une webcam d\u00e9fectueuse ou obsol\u00e8te, cette cam\u00e9ra de haute qualit\u00e9 garantit le retour \u00e0 la pleine fonctionnalit\u00e9 de votre ordinateur portable.<\/p>\n<p>**Caract\u00e9ristiques du produit\u00a0:**<\/p>\n<p>&#8211; **Compatibilit\u00e9\u00a0:** Sp\u00e9cialement con\u00e7ue pour le mod\u00e8le d&rsquo;ordinateur portable Asus K52J.<\/p>\n<p>&#8211; **Type\u00a0:** Webcam HD pour une qualit\u00e9 vid\u00e9o claire et fiable.<\/p>\n<p>&#8211; **Qualit\u00e9\u00a0:** Pi\u00e8ce de rechange Asus d&rsquo;origine pour des performances optimales.<\/p>\n<p>&#8211; **\u00c9tat\u00a0:** Comme neuf, avec de vraies photos fournies pour montrer la cam\u00e9ra exacte que vous recevrez.<\/p>\n<p>**Pourquoi choisir cette cam\u00e9ra\u00a0?**<\/p>\n<p>&#8211; **Qualit\u00e9 vid\u00e9o am\u00e9lior\u00e9e\u00a0:** Id\u00e9ale pour am\u00e9liorer la clart\u00e9 et les performances vid\u00e9o lors des appels, des r\u00e9unions et du streaming.<\/p>\n<p>&#8211; **Remplacement direct\u00a0:** Installation facile, aucune modification n\u00e9cessaire\u00a0: il suffit de remplacer l&rsquo;ancienne cam\u00e9ra pour profiter d&rsquo;une vid\u00e9o am\u00e9lior\u00e9e.<br \/>\nLivraison internationale\u00a0:** Disponible \u00e0 l&rsquo;achat et \u00e0 la livraison dans le monde entier, y compris en Europe.<\/p>\n<p>Veuillez noter que les instructions d&rsquo;installation ne sont pas incluses. Si vous avez besoin d&rsquo;aide pour l&rsquo;installation, n&rsquo;h\u00e9sitez pas \u00e0 nous contacter. Notre \u00e9quipe est l\u00e0 pour vous aider \u00e0 garantir une installation fluide.<\/p>\n<p>Important\u00a0:** Les photos de cette annonce repr\u00e9sentent la cam\u00e9ra que vous recevrez. Chaque appareil est soigneusement inspect\u00e9 afin de garantir sa conformit\u00e9 \u00e0 nos normes de qualit\u00e9.<\/p>\n","protected":false},"excerpt":{"rendered":"<p>Cam\u00e9ra pour ordinateur portable Asus K52J \u2013 Remplacement d&rsquo;origine. Am\u00e9liorez votre Asus K52J avec cette cam\u00e9ra de haute qualit\u00e9. Id\u00e9ale pour restaurer ou am\u00e9liorer les fonctionnalit\u00e9s de votre webcam, cette pi\u00e8ce garantit des vid\u00e9os nettes et des performances fiables.<\/p>\n","protected":false},"featured_media":15021,"template":"","meta":[],"product_brand":[],"product_cat":[59],"product_tag":[66],"class_list":{"0":"post-14969","1":"product","2":"type-product","3":"status-publish","4":"has-post-thumbnail","6":"product_cat-laptop-camera","7":"product_tag-asus","9":"first","10":"instock","11":"taxable","12":"shipping-taxable","13":"purchasable","14":"product-type-simple"},"_links":{"self":[{"href":"https:\/\/boreait.com\/fr\/wp-json\/wp\/v2\/product\/14969","targetHints":{"allow":["GET"]}}],"collection":[{"href":"https:\/\/boreait.com\/fr\/wp-json\/wp\/v2\/product"}],"about":[{"href":"https:\/\/boreait.com\/fr\/wp-json\/wp\/v2\/types\/product"}],"wp:featuredmedia":[{"embeddable":true,"href":"https:\/\/boreait.com\/fr\/wp-json\/wp\/v2\/media\/15021"}],"wp:attachment":[{"href":"https:\/\/boreait.com\/fr\/wp-json\/wp\/v2\/media?parent=14969"}],"wp:term":[{"taxonomy":"product_brand","embeddable":true,"href":"https:\/\/boreait.com\/fr\/wp-json\/wp\/v2\/product_brand?post=14969"},{"taxonomy":"product_cat","embeddable":true,"href":"https:\/\/boreait.com\/fr\/wp-json\/wp\/v2\/product_cat?post=14969"},{"taxonomy":"product_tag","embeddable":true,"href":"https:\/\/boreait.com\/fr\/wp-json\/wp\/v2\/product_tag?post=14969"}],"curies":[{"name":"wp","href":"https:\/\/api.w.org\/{rel}","templated":true}]}}