{"id":14947,"date":"2025-09-15T17:22:50","date_gmt":"2025-09-15T15:22:50","guid":{"rendered":"https:\/\/boreait.com\/fr\/?post_type=product&#038;p=14947"},"modified":"2026-02-04T09:07:14","modified_gmt":"2026-02-04T08:07:14","slug":"charnieres-pour-ordinateur-portable-asus-k52j-pieces-de-rechange-dorigine-pour-des-performances-durables","status":"publish","type":"product","link":"https:\/\/boreait.com\/fr\/produit\/charnieres-pour-ordinateur-portable-asus-k52j-pieces-de-rechange-dorigine-pour-des-performances-durables\/","title":{"rendered":"Charni\u00e8res pour ordinateur portable Asus K52J \u2013 Pi\u00e8ces de rechange d&rsquo;origine pour des performances durables"},"content":{"rendered":"<p>Charni\u00e8res pour ordinateur portable Asus K52J<\/p>\n<p>Redonnez un nouveau souffle \u00e0 votre ordinateur portable Asus K52J avec ces charni\u00e8res de rechange d&rsquo;origine. Ces charni\u00e8res sont essentielles pour pr\u00e9server la durabilit\u00e9 et la fonctionnalit\u00e9 de l&rsquo;\u00e9cran de votre ordinateur portable, surtout si vos charni\u00e8res actuelles sont cass\u00e9es, desserr\u00e9es ou d\u00e9fectueuses.<\/p>\n<p>**Caract\u00e9ristiques du produit\u00a0:**<\/p>\n<p>&#8211; **Compatibilit\u00e9\u00a0:** Sp\u00e9cialement con\u00e7u pour le mod\u00e8le d&rsquo;ordinateur portable Asus K52J.<\/p>\n<p>&#8211; **Qualit\u00e9\u00a0:** Les pi\u00e8ces de rechange d&rsquo;origine garantissent durabilit\u00e9 et fluidit\u00e9 de l&rsquo;\u00e9cran.<\/p>\n<p>&#8211; **\u00c9tat\u00a0:** Comme neuf, avec de vraies photos montrant les charni\u00e8res exactes que vous recevrez.<\/p>\n<p>**Pourquoi choisir ces charni\u00e8res\u00a0?**<\/p>\n<p>&#8211; **Performances fiables\u00a0:** Charni\u00e8res de haute qualit\u00e9 qui restaurent les fonctionnalit\u00e9s de l&rsquo;\u00e9cran de votre ordinateur portable.<\/p>\n<p>&#8211; **Remplacement direct\u00a0:** Con\u00e7u pour un ajustement parfait sans aucune modification.<\/p>\n<p>&#8211; **Livraison internationale\u00a0:** Disponible \u00e0 l&rsquo;achat et \u00e0 la livraison dans le monde entier, en particulier en Europe.<br \/>\nVeuillez noter que les instructions d&rsquo;installation ne sont pas incluses. Pour toute assistance concernant l&rsquo;installation, n&rsquo;h\u00e9sitez pas \u00e0 nous contacter. Notre \u00e9quipe d&rsquo;assistance est l\u00e0 pour vous garantir un remplacement sans probl\u00e8me.<\/p>\n<p>**Important\u00a0:** Les photos de cette annonce montrent les charni\u00e8res exactes que vous recevrez. Chaque charni\u00e8re est inspect\u00e9e pour garantir sa qualit\u00e9 afin de garantir votre satisfaction.<\/p>\n","protected":false},"excerpt":{"rendered":"<p>Charni\u00e8res pour ordinateur portable Asus K52J \u2013 Remplacement d&rsquo;origine. Restaurez les fonctionnalit\u00e9s de votre ordinateur portable gr\u00e2ce \u00e0 ces charni\u00e8res de haute qualit\u00e9, sp\u00e9cialement con\u00e7ues pour le mod\u00e8le Asus K52J. Id\u00e9ales pour r\u00e9parer les charni\u00e8res cass\u00e9es ou desserr\u00e9es, elles garantissent un mouvement d&rsquo;\u00e9cran fluide et fiable.<\/p>\n","protected":false},"featured_media":15003,"template":"","meta":[],"product_brand":[],"product_cat":[55],"product_tag":[66],"class_list":{"0":"post-14947","1":"product","2":"type-product","3":"status-publish","4":"has-post-thumbnail","6":"product_cat-screen-hinge","7":"product_tag-asus","9":"first","10":"instock","11":"taxable","12":"shipping-taxable","13":"purchasable","14":"product-type-simple"},"_links":{"self":[{"href":"https:\/\/boreait.com\/fr\/wp-json\/wp\/v2\/product\/14947","targetHints":{"allow":["GET"]}}],"collection":[{"href":"https:\/\/boreait.com\/fr\/wp-json\/wp\/v2\/product"}],"about":[{"href":"https:\/\/boreait.com\/fr\/wp-json\/wp\/v2\/types\/product"}],"wp:featuredmedia":[{"embeddable":true,"href":"https:\/\/boreait.com\/fr\/wp-json\/wp\/v2\/media\/15003"}],"wp:attachment":[{"href":"https:\/\/boreait.com\/fr\/wp-json\/wp\/v2\/media?parent=14947"}],"wp:term":[{"taxonomy":"product_brand","embeddable":true,"href":"https:\/\/boreait.com\/fr\/wp-json\/wp\/v2\/product_brand?post=14947"},{"taxonomy":"product_cat","embeddable":true,"href":"https:\/\/boreait.com\/fr\/wp-json\/wp\/v2\/product_cat?post=14947"},{"taxonomy":"product_tag","embeddable":true,"href":"https:\/\/boreait.com\/fr\/wp-json\/wp\/v2\/product_tag?post=14947"}],"curies":[{"name":"wp","href":"https:\/\/api.w.org\/{rel}","templated":true}]}}