{"id":14945,"date":"2025-09-15T17:22:49","date_gmt":"2025-09-15T15:22:49","guid":{"rendered":"https:\/\/boreait.com\/fr\/?post_type=product&#038;p=14945"},"modified":"2025-09-16T15:43:42","modified_gmt":"2025-09-16T13:43:42","slug":"carte-dinterface-usb-asus-k52j-piece-de-rechange-dorigine-carte-dinterface-de-haute-qualite","status":"publish","type":"product","link":"https:\/\/boreait.com\/fr\/produit\/carte-dinterface-usb-asus-k52j-piece-de-rechange-dorigine-carte-dinterface-de-haute-qualite\/","title":{"rendered":"Carte d&rsquo;interface USB Asus K52J \u2013 Pi\u00e8ce de rechange d&rsquo;origine | Carte d&rsquo;interface de haute qualit\u00e9"},"content":{"rendered":"<p>Carte E\/S USB Asus K52J<\/p>\n<p>Redonnez vie \u00e0 la connectivit\u00e9 de votre ordinateur portable Asus K52J gr\u00e2ce \u00e0 cette carte E\/S USB de remplacement d&rsquo;origine. Con\u00e7ue pour remplacer une carte E\/S d\u00e9fectueuse ou endommag\u00e9e, elle garantit le bon fonctionnement des ports USB et autres fonctions d&rsquo;entr\u00e9e\/sortie de votre ordinateur portable.<\/p>\n<p>**Caract\u00e9ristiques du produit\u00a0:**<\/p>\n<p>&#8211; **Compatibilit\u00e9\u00a0:** Sp\u00e9cialement con\u00e7ue pour le mod\u00e8le d&rsquo;ordinateur portable Asus K52J.<\/p>\n<p>&#8211; **Fonctionnalit\u00e9\u00a0:** R\u00e9tablit la connectivit\u00e9 USB et autres fonctions d&rsquo;E\/S, garantissant le bon fonctionnement des p\u00e9riph\u00e9riques.<\/p>\n<p>&#8211; **Qualit\u00e9\u00a0:** Pi\u00e8ce de rechange d&rsquo;origine garantissant fiabilit\u00e9 et performances.<\/p>\n<p>&#8211; **\u00c9tat\u00a0:** Comme neuf, avec des photos r\u00e9elles pour montrer la carte exacte que vous recevrez.<\/p>\n<p>**Pourquoi choisir cette carte E\/S USB\u00a0?**<\/p>\n<p>&#8211; **R\u00e9tablit la connectivit\u00e9\u00a0:** Id\u00e9al pour r\u00e9soudre les probl\u00e8mes de ports USB ou autres fonctions d&rsquo;E\/S. **Remplacement direct**\u00a0: Con\u00e7ue comme pi\u00e8ce de rechange directe, aucune modification n&rsquo;est n\u00e9cessaire.<\/p>\n<p>**Livraison internationale**\u00a0: Disponible \u00e0 l&rsquo;achat et \u00e0 la livraison dans le monde entier, en particulier en Europe.<\/p>\n<p>Veuillez noter que les instructions d&rsquo;installation ne sont pas incluses. Si vous avez besoin d&rsquo;aide pour l&rsquo;installation, n&rsquo;h\u00e9sitez pas \u00e0 nous contacter. Notre \u00e9quipe est l\u00e0 pour vous aider \u00e0 effectuer le remplacement en toute simplicit\u00e9.<\/p>\n<p>**Important**\u00a0: Les photos de cette annonce montrent la carte d&rsquo;E\/S USB que vous recevrez. La qualit\u00e9 de chaque composant est contr\u00f4l\u00e9e afin de garantir votre enti\u00e8re satisfaction.<\/p>\n","protected":false},"excerpt":{"rendered":"<p>Carte E\/S USB Asus K52J \u2013 Pi\u00e8ce de rechange d&rsquo;origine. Retrouvez toutes les fonctionnalit\u00e9s de votre ordinateur portable Asus K52J gr\u00e2ce \u00e0 cette carte E\/S USB de haute qualit\u00e9. Id\u00e9ale pour remplacer une carte endommag\u00e9e ou d\u00e9fectueuse, elle garantit une connectivit\u00e9 et des performances optimales.<\/p>\n","protected":false},"featured_media":15001,"template":"","meta":[],"product_brand":[],"product_cat":[63],"product_tag":[66],"class_list":{"0":"post-14945","1":"product","2":"type-product","3":"status-publish","4":"has-post-thumbnail","6":"product_cat-motherboards-board-parts","7":"product_tag-asus","9":"first","10":"instock","11":"taxable","12":"shipping-taxable","13":"purchasable","14":"product-type-simple"},"_links":{"self":[{"href":"https:\/\/boreait.com\/fr\/wp-json\/wp\/v2\/product\/14945","targetHints":{"allow":["GET"]}}],"collection":[{"href":"https:\/\/boreait.com\/fr\/wp-json\/wp\/v2\/product"}],"about":[{"href":"https:\/\/boreait.com\/fr\/wp-json\/wp\/v2\/types\/product"}],"wp:featuredmedia":[{"embeddable":true,"href":"https:\/\/boreait.com\/fr\/wp-json\/wp\/v2\/media\/15001"}],"wp:attachment":[{"href":"https:\/\/boreait.com\/fr\/wp-json\/wp\/v2\/media?parent=14945"}],"wp:term":[{"taxonomy":"product_brand","embeddable":true,"href":"https:\/\/boreait.com\/fr\/wp-json\/wp\/v2\/product_brand?post=14945"},{"taxonomy":"product_cat","embeddable":true,"href":"https:\/\/boreait.com\/fr\/wp-json\/wp\/v2\/product_cat?post=14945"},{"taxonomy":"product_tag","embeddable":true,"href":"https:\/\/boreait.com\/fr\/wp-json\/wp\/v2\/product_tag?post=14945"}],"curies":[{"name":"wp","href":"https:\/\/api.w.org\/{rel}","templated":true}]}}