{"id":14934,"date":"2025-09-15T17:22:21","date_gmt":"2025-09-15T15:22:21","guid":{"rendered":"https:\/\/boreait.com\/fr\/?post_type=product&#038;p=14934"},"modified":"2025-09-16T15:43:27","modified_gmt":"2025-09-16T13:43:27","slug":"clavier-dordinateur-portable-asus-k52j-clavier-de-remplacement-dorigine-clavier-de-haute-qualite-pour-asus-k52j","status":"publish","type":"product","link":"https:\/\/boreait.com\/fr\/produit\/clavier-dordinateur-portable-asus-k52j-clavier-de-remplacement-dorigine-clavier-de-haute-qualite-pour-asus-k52j\/","title":{"rendered":"Clavier d&rsquo;ordinateur portable Asus K52J \u2013 Clavier de remplacement d&rsquo;origine | Clavier de haute qualit\u00e9 pour Asus K52J"},"content":{"rendered":"<p>Clavier pour ordinateur portable Asus K52J<\/p>\n<p>Redonnez un nouveau souffle \u00e0 votre ordinateur portable Asus K52J avec ce clavier de remplacement d&rsquo;origine. Id\u00e9al pour remplacer un clavier endommag\u00e9 ou non fonctionnel, ce clavier de haute qualit\u00e9 garantit un ajustement parfait et restaure la fonctionnalit\u00e9 de frappe de votre ordinateur portable \u00e0 son niveau d&rsquo;origine.<\/p>\n<p>**Caract\u00e9ristiques du produit\u00a0:**<\/p>\n<p>&#8211; **Compatibilit\u00e9\u00a0:** Sp\u00e9cialement con\u00e7u pour le mod\u00e8le d&rsquo;ordinateur portable Asus K52J.<\/p>\n<p>&#8211; **Qualit\u00e9\u00a0:** Pi\u00e8ce de rechange Asus d&rsquo;origine pour garantir des performances fiables et une durabilit\u00e9 accrue.<\/p>\n<p>&#8211; **\u00c9tat\u00a0:** Comme neuf, avec de vraies photos pour illustrer le clavier que vous recevrez.<\/p>\n<p>&#8211; **Disposition\u00a0:** Disposition nordique\u00a0&#8211; \u00e9galement compatible avec d&rsquo;autres pays\/langues\/<span class=\"il\">dispositions<\/span>.<\/p>\n<p>**Pourquoi choisir ce clavier\u00a0?**<\/p>\n<p>&#8211; **R\u00e9tablit la fonctionnalit\u00e9 de frappe\u00a0:** Id\u00e9al pour r\u00e9soudre les probl\u00e8mes caus\u00e9s par des claviers d\u00e9fectueux ou us\u00e9s. Remplacement sans faille\u00a0:** Installation facile, aucune modification n\u00e9cessaire\u00a0; profitez d&rsquo;une frappe fluide une fois install\u00e9.<br \/>\nLivraison internationale\u00a0:** Disponible \u00e0 l&rsquo;achat et \u00e0 la livraison dans le monde entier, en particulier en Europe.<\/p>\n<p>Veuillez noter que les instructions d&rsquo;installation ne sont pas fournies. Si vous avez besoin d&rsquo;aide pour l&rsquo;installation, n&rsquo;h\u00e9sitez pas \u00e0 nous contacter. Notre \u00e9quipe d\u00e9di\u00e9e est l\u00e0 pour vous aider \u00e0 assurer un remplacement sans probl\u00e8me.<\/p>\n<p>Important\u00a0:** Les photos de cette annonce montrent le clavier exact que vous recevrez. La qualit\u00e9 de chaque composant est contr\u00f4l\u00e9e afin de garantir votre enti\u00e8re satisfaction.<\/p>\n","protected":false},"excerpt":{"rendered":"<p>Clavier d&rsquo;ordinateur portable Asus K52J \u2013 Remplacement d&rsquo;origine. Remplacez votre clavier d\u00e9fectueux ou us\u00e9 par ce clavier Asus K52J d&rsquo;origine de haute qualit\u00e9. Con\u00e7u pour une adaptation parfaite et une fonctionnalit\u00e9 optimale, il restaure les performances de frappe de votre ordinateur portable \u00e0 leur niveau d&rsquo;origine.<\/p>\n","protected":false},"featured_media":14996,"template":"","meta":[],"product_brand":[],"product_cat":[71],"product_tag":[66],"class_list":{"0":"post-14934","1":"product","2":"type-product","3":"status-publish","4":"has-post-thumbnail","6":"product_cat-laptop-keyboard","7":"product_tag-asus","9":"first","10":"instock","11":"taxable","12":"shipping-taxable","13":"purchasable","14":"product-type-simple"},"_links":{"self":[{"href":"https:\/\/boreait.com\/fr\/wp-json\/wp\/v2\/product\/14934","targetHints":{"allow":["GET"]}}],"collection":[{"href":"https:\/\/boreait.com\/fr\/wp-json\/wp\/v2\/product"}],"about":[{"href":"https:\/\/boreait.com\/fr\/wp-json\/wp\/v2\/types\/product"}],"wp:featuredmedia":[{"embeddable":true,"href":"https:\/\/boreait.com\/fr\/wp-json\/wp\/v2\/media\/14996"}],"wp:attachment":[{"href":"https:\/\/boreait.com\/fr\/wp-json\/wp\/v2\/media?parent=14934"}],"wp:term":[{"taxonomy":"product_brand","embeddable":true,"href":"https:\/\/boreait.com\/fr\/wp-json\/wp\/v2\/product_brand?post=14934"},{"taxonomy":"product_cat","embeddable":true,"href":"https:\/\/boreait.com\/fr\/wp-json\/wp\/v2\/product_cat?post=14934"},{"taxonomy":"product_tag","embeddable":true,"href":"https:\/\/boreait.com\/fr\/wp-json\/wp\/v2\/product_tag?post=14934"}],"curies":[{"name":"wp","href":"https:\/\/api.w.org\/{rel}","templated":true}]}}