{"id":14932,"date":"2025-09-15T17:22:21","date_gmt":"2025-09-15T15:22:21","guid":{"rendered":"https:\/\/boreait.com\/fr\/?post_type=product&#038;p=14932"},"modified":"2025-09-16T15:43:19","modified_gmt":"2025-09-16T13:43:19","slug":"coque-inferieure-de-remplacement-pour-ordinateur-portable-asus-k52j-dorigine-coque-robuste-et-durable-2","status":"publish","type":"product","link":"https:\/\/boreait.com\/fr\/produit\/coque-inferieure-de-remplacement-pour-ordinateur-portable-asus-k52j-dorigine-coque-robuste-et-durable-2\/","title":{"rendered":"Coque inf\u00e9rieure de remplacement pour ordinateur portable Asus K52J d&rsquo;origine\u00a0\u2013 Coque robuste et durable"},"content":{"rendered":"<p>Restaurez l&rsquo;apparence et les fonctionnalit\u00e9s d&rsquo;origine de votre ordinateur portable Asus K52J gr\u00e2ce \u00e0 ce cache inf\u00e9rieur de remplacement d&rsquo;origine. Con\u00e7u pour la durabilit\u00e9 et la compatibilit\u00e9, ce cache inf\u00e9rieur authentique garantit un ajustement parfait et des performances fiables.<\/p>\n<p>Principales caract\u00e9ristiques\u00a0:<\/p>\n<p>&#8211; Pi\u00e8ce de rechange Asus d&rsquo;origine\u00a0: Compatibilit\u00e9 et fiabilit\u00e9 garanties avec une pi\u00e8ce de rechange authentique.<\/p>\n<p>&#8211; Installation facile\u00a0: Remplacez le cache inf\u00e9rieur de votre ordinateur portable sans effort gr\u00e2ce \u00e0 une installation simple.<\/p>\n<p>&#8211; Construction durable\u00a0: Con\u00e7ue pour r\u00e9sister \u00e0 une utilisation r\u00e9guli\u00e8re, elle offre long\u00e9vit\u00e9 et fiabilit\u00e9.<\/p>\n<p>&#8211; Ajustement parfait\u00a0: Con\u00e7u sp\u00e9cifiquement pour les mod\u00e8les Asus K52J, il assure un ajustement parfait.<\/p>\n<p>Am\u00e9liorez votre ordinateur portable Asus K52J d\u00e8s aujourd&rsquo;hui avec ce cache inf\u00e9rieur de remplacement d&rsquo;origine. Achetez en toute confiance, sachant que vous investissez dans une pi\u00e8ce de rechange de qualit\u00e9 pour votre appareil. Pour toute question ou besoin d&rsquo;aide, n&rsquo;h\u00e9sitez pas \u00e0 nous contacter. Nous sommes l\u00e0 pour vous aider \u00e0 am\u00e9liorer l&rsquo;apparence et les fonctionnalit\u00e9s de votre ordinateur portable.<\/p>\n","protected":false},"excerpt":{"rendered":"<p>Remplacez le cache inf\u00e9rieur us\u00e9 de votre Asus K52J par cette pi\u00e8ce de rechange d&rsquo;origine. Durable et facile \u00e0 installer, elle redonne \u00e0 votre ordinateur portable son aspect et ses fonctionnalit\u00e9s d&rsquo;origine. Compatible avec les mod\u00e8les Asus K52J.<\/p>\n","protected":false},"featured_media":14993,"template":"","meta":[],"product_brand":[],"product_cat":[52],"product_tag":[66],"class_list":{"0":"post-14932","1":"product","2":"type-product","3":"status-publish","4":"has-post-thumbnail","6":"product_cat-laptop-housing","7":"product_tag-asus","9":"first","10":"instock","11":"taxable","12":"shipping-taxable","13":"purchasable","14":"product-type-simple"},"_links":{"self":[{"href":"https:\/\/boreait.com\/fr\/wp-json\/wp\/v2\/product\/14932","targetHints":{"allow":["GET"]}}],"collection":[{"href":"https:\/\/boreait.com\/fr\/wp-json\/wp\/v2\/product"}],"about":[{"href":"https:\/\/boreait.com\/fr\/wp-json\/wp\/v2\/types\/product"}],"wp:featuredmedia":[{"embeddable":true,"href":"https:\/\/boreait.com\/fr\/wp-json\/wp\/v2\/media\/14993"}],"wp:attachment":[{"href":"https:\/\/boreait.com\/fr\/wp-json\/wp\/v2\/media?parent=14932"}],"wp:term":[{"taxonomy":"product_brand","embeddable":true,"href":"https:\/\/boreait.com\/fr\/wp-json\/wp\/v2\/product_brand?post=14932"},{"taxonomy":"product_cat","embeddable":true,"href":"https:\/\/boreait.com\/fr\/wp-json\/wp\/v2\/product_cat?post=14932"},{"taxonomy":"product_tag","embeddable":true,"href":"https:\/\/boreait.com\/fr\/wp-json\/wp\/v2\/product_tag?post=14932"}],"curies":[{"name":"wp","href":"https:\/\/api.w.org\/{rel}","templated":true}]}}