{"id":14920,"date":"2025-09-15T17:21:55","date_gmt":"2025-09-15T15:21:55","guid":{"rendered":"https:\/\/boreait.com\/fr\/?post_type=product&#038;p=14920"},"modified":"2026-02-04T09:06:05","modified_gmt":"2026-02-04T08:06:05","slug":"cache-disque-dur-fujitsu-lifebook-ah531-piece-dorigine-cp515946-01","status":"publish","type":"product","link":"https:\/\/boreait.com\/fr\/produit\/cache-disque-dur-fujitsu-lifebook-ah531-piece-dorigine-cp515946-01\/","title":{"rendered":"Cache disque dur Fujitsu LifeBook AH531, pi\u00e8ce d&rsquo;origine CP515946-01"},"content":{"rendered":"<p>Am\u00e9liorez la durabilit\u00e9 et l&rsquo;esth\u00e9tique de votre Fujitsu LifeBook AH531 avec ce cache disque dur d&rsquo;origine. Con\u00e7ue avec pr\u00e9cision, cette pi\u00e8ce pour ordinateur portable (r\u00e9f\u00e9rence CP515946-01) garantit un ajustement parfait et des performances fiables. Les photos r\u00e9elles illustrent le produit exact que vous recevrez, vous garantissant ainsi une livraison sans surprise.<\/p>\n<p>Rehaussez l&rsquo;esth\u00e9tique de votre ordinateur portable en toute simplicit\u00e9 en rempla\u00e7ant votre cache disque dur us\u00e9 ou endommag\u00e9 par ce composant de haute qualit\u00e9. L&rsquo;installation est un jeu d&rsquo;enfant pour les personnes habitu\u00e9es \u00e0 l&rsquo;entretien des ordinateurs portables. Pour toute question ou assistance concernant le produit, n&rsquo;h\u00e9sitez pas \u00e0 nous contacter pour un support personnalis\u00e9.<\/p>\n<p>Investissez dans la long\u00e9vit\u00e9 de votre appareil avec ce cache disque dur haut de gamme sp\u00e9cialement con\u00e7u pour le Fujitsu LifeBook AH531. Ne faites aucun compromis sur la qualit\u00e9 pour le remplacement des pi\u00e8ces essentielles de votre ordinateur portable. Faites confiance \u00e0 ce produit d&rsquo;origine pour redonner \u00e0 votre ordinateur portable toute sa splendeur, tant en termes de fonctionnalit\u00e9s que d&rsquo;esth\u00e9tique.<\/p>\n","protected":false},"excerpt":{"rendered":"<p>Sublimez votre Fujitsu LifeBook AH531 avec ce cache disque dur d&rsquo;origine (r\u00e9f\u00e9rence CP515946-01). Fabriqu\u00e9 avec pr\u00e9cision, ce cache disque dur authentique garantit un ajustement parfait. D\u00e9couvrez les photos pour un aper\u00e7u plus d\u00e9taill\u00e9. Besoin d&rsquo;aide\u00a0? N&rsquo;h\u00e9sitez pas \u00e0 me contacter. Am\u00e9liorez l&rsquo;esth\u00e9tique et les fonctionnalit\u00e9s de votre ordinateur portable avec cette pi\u00e8ce de rechange de qualit\u00e9.<\/p>\n","protected":false},"featured_media":14987,"template":"","meta":[],"product_brand":[],"product_cat":[52],"product_tag":[64],"class_list":{"0":"post-14920","1":"product","2":"type-product","3":"status-publish","4":"has-post-thumbnail","6":"product_cat-laptop-housing","7":"product_tag-fujitsu","9":"first","10":"instock","11":"taxable","12":"shipping-taxable","13":"purchasable","14":"product-type-simple"},"_links":{"self":[{"href":"https:\/\/boreait.com\/fr\/wp-json\/wp\/v2\/product\/14920","targetHints":{"allow":["GET"]}}],"collection":[{"href":"https:\/\/boreait.com\/fr\/wp-json\/wp\/v2\/product"}],"about":[{"href":"https:\/\/boreait.com\/fr\/wp-json\/wp\/v2\/types\/product"}],"wp:featuredmedia":[{"embeddable":true,"href":"https:\/\/boreait.com\/fr\/wp-json\/wp\/v2\/media\/14987"}],"wp:attachment":[{"href":"https:\/\/boreait.com\/fr\/wp-json\/wp\/v2\/media?parent=14920"}],"wp:term":[{"taxonomy":"product_brand","embeddable":true,"href":"https:\/\/boreait.com\/fr\/wp-json\/wp\/v2\/product_brand?post=14920"},{"taxonomy":"product_cat","embeddable":true,"href":"https:\/\/boreait.com\/fr\/wp-json\/wp\/v2\/product_cat?post=14920"},{"taxonomy":"product_tag","embeddable":true,"href":"https:\/\/boreait.com\/fr\/wp-json\/wp\/v2\/product_tag?post=14920"}],"curies":[{"name":"wp","href":"https:\/\/api.w.org\/{rel}","templated":true}]}}