{"id":14915,"date":"2025-09-15T17:21:31","date_gmt":"2025-09-15T15:21:31","guid":{"rendered":"https:\/\/boreait.com\/fr\/?post_type=product&#038;p=14915"},"modified":"2025-09-16T15:42:49","modified_gmt":"2025-09-16T13:42:49","slug":"fujitsu-lifebook-a531-processeur-intel-pentium-22-ghz-sr07t-piece-dorigine","status":"publish","type":"product","link":"https:\/\/boreait.com\/fr\/produit\/fujitsu-lifebook-a531-processeur-intel-pentium-22-ghz-sr07t-piece-dorigine\/","title":{"rendered":"Fujitsu Lifebook A531 Processeur Intel Pentium 2,2 GHz SR07T Pi\u00e8ce d&rsquo;origine"},"content":{"rendered":"<p>Am\u00e9liorez votre Fujitsu Lifebook A531 avec le processeur Intel Pentium 2,2 GHz haut de gamme. Cette pi\u00e8ce d&rsquo;origine, portant la r\u00e9f\u00e9rence SR07T, est un concentr\u00e9 de puissance en termes de vitesse et d&rsquo;efficacit\u00e9 de traitement. Dites adieu aux latences et aux ralentissements\u00a0: ce processeur propulsera votre exp\u00e9rience informatique \u00e0 un niveau sup\u00e9rieur.<\/p>\n<p>Profitez d&rsquo;un multit\u00e2che fluide et de performances fluides comme jamais auparavant avec ce processeur Intel Pentium. Que vous soyez un professionnel ayant besoin d&rsquo;une puissance de traitement \u00e9lev\u00e9e pour vos t\u00e2ches professionnelles ou un joueur recherchant une exp\u00e9rience de jeu sans latence, ce processeur est parfait pour tous vos besoins.<\/p>\n<p>Gr\u00e2ce \u00e0 sa fr\u00e9quence d&rsquo;horloge \u00e9lev\u00e9e et \u00e0 sa technologie avanc\u00e9e, ce processeur garantit \u00e0 votre Fujitsu Lifebook A531 un fonctionnement optimal. Optez pour cette pi\u00e8ce d&rsquo;origine et constatez une am\u00e9lioration significative des performances globales de votre ordinateur portable. Ne vous contentez de rien de moins pour l&rsquo;efficacit\u00e9 de votre appareil\u00a0: choisissez le processeur Intel Pentium 2,2 GHz pour une vitesse et une fiabilit\u00e9 in\u00e9gal\u00e9es.<\/p>\n","protected":false},"excerpt":{"rendered":"<p>Lib\u00e9rez la puissance de votre Fujitsu Lifebook A531 gr\u00e2ce \u00e0 ce processeur Intel Pentium authentique cadenc\u00e9 \u00e0 2,2 GHz. Am\u00e9liorez les performances de votre ordinateur portable gr\u00e2ce \u00e0 ce processeur de haute qualit\u00e9, con\u00e7u pour optimiser votre exp\u00e9rience informatique. Tirez le meilleur parti de votre appareil gr\u00e2ce \u00e0 cette pi\u00e8ce d&rsquo;origine portant la r\u00e9f\u00e9rence SR07T.<\/p>\n","protected":false},"featured_media":14986,"template":"","meta":[],"product_brand":[],"product_cat":[75],"product_tag":[103],"class_list":{"0":"post-14915","1":"product","2":"type-product","3":"status-publish","4":"has-post-thumbnail","6":"product_cat-processors-cpu","7":"product_tag-intel","9":"first","10":"instock","11":"taxable","12":"shipping-taxable","13":"purchasable","14":"product-type-simple"},"_links":{"self":[{"href":"https:\/\/boreait.com\/fr\/wp-json\/wp\/v2\/product\/14915","targetHints":{"allow":["GET"]}}],"collection":[{"href":"https:\/\/boreait.com\/fr\/wp-json\/wp\/v2\/product"}],"about":[{"href":"https:\/\/boreait.com\/fr\/wp-json\/wp\/v2\/types\/product"}],"wp:featuredmedia":[{"embeddable":true,"href":"https:\/\/boreait.com\/fr\/wp-json\/wp\/v2\/media\/14986"}],"wp:attachment":[{"href":"https:\/\/boreait.com\/fr\/wp-json\/wp\/v2\/media?parent=14915"}],"wp:term":[{"taxonomy":"product_brand","embeddable":true,"href":"https:\/\/boreait.com\/fr\/wp-json\/wp\/v2\/product_brand?post=14915"},{"taxonomy":"product_cat","embeddable":true,"href":"https:\/\/boreait.com\/fr\/wp-json\/wp\/v2\/product_cat?post=14915"},{"taxonomy":"product_tag","embeddable":true,"href":"https:\/\/boreait.com\/fr\/wp-json\/wp\/v2\/product_tag?post=14915"}],"curies":[{"name":"wp","href":"https:\/\/api.w.org\/{rel}","templated":true}]}}