{"id":14914,"date":"2025-09-15T17:21:30","date_gmt":"2025-09-15T15:21:30","guid":{"rendered":"https:\/\/boreait.com\/fr\/?post_type=product&#038;p=14914"},"modified":"2026-02-04T09:05:38","modified_gmt":"2026-02-04T08:05:38","slug":"panneau-de-porte-de-remplacement-pour-fujitsu-lifebook-ah531-ah512-cp515947-01","status":"publish","type":"product","link":"https:\/\/boreait.com\/fr\/produit\/panneau-de-porte-de-remplacement-pour-fujitsu-lifebook-ah531-ah512-cp515947-01\/","title":{"rendered":"Panneau de porte de remplacement pour Fujitsu LifeBook AH531 AH512 CP515947-01"},"content":{"rendered":"<p>Envie de donner un nouveau look \u00e0 votre Fujitsu LifeBook AH531 ou AH512\u00a0? Am\u00e9liorez votre ordinateur portable avec ce panneau de porte de protection de base de haute qualit\u00e9. Con\u00e7u pour s&rsquo;adapter parfaitement et conserver le design d&rsquo;origine, ce panneau de porte de protection de base est id\u00e9al pour remplacer une pi\u00e8ce us\u00e9e ou endommag\u00e9e.<\/p>\n<p>Sp\u00e9cialement con\u00e7ue pour les mod\u00e8les Fujitsu LifeBook AH531, AH512 et A531, cette pi\u00e8ce de rechange (r\u00e9f\u00e9rence\u00a0: CP515947-01) garantit un ajustement parfait et une installation facile. Les photos r\u00e9elles fournies vous donnent une id\u00e9e pr\u00e9cise de ce \u00e0 quoi vous pouvez vous attendre, vous assurant ainsi de recevoir exactement ce que vous voyez.<\/p>\n<p>Veuillez noter que je ne fournis pas d&rsquo;instructions pour le remplacement de la pi\u00e8ce. Cependant, si vous avez besoin d&rsquo;aide ou si vous avez des questions sur le produit, n&rsquo;h\u00e9sitez pas \u00e0 me contacter. Redonnez une nouvelle jeunesse \u00e0 votre ordinateur portable avec ce panneau de porte de protection de base de remplacement et profitez \u00e0 nouveau d&rsquo;un appareil modernis\u00e9 et \u00e9l\u00e9gant.<\/p>\n","protected":false},"excerpt":{"rendered":"<p>Am\u00e9liorez votre Fujitsu LifeBook AH531, AH512 ou A531 avec ce panneau de porte de remplacement (r\u00e9f\u00e9rence\u00a0: CP515947-01). Produit authentique avec photos r\u00e9elles. Besoin d&rsquo;aide pour l&rsquo;installation\u00a0? Contactez-moi pour obtenir de l&rsquo;aide. Am\u00e9liorez votre ordinateur portable sans effort\u00a0!<\/p>\n","protected":false},"featured_media":14984,"template":"","meta":[],"product_brand":[],"product_cat":[52],"product_tag":[64],"class_list":{"0":"post-14914","1":"product","2":"type-product","3":"status-publish","4":"has-post-thumbnail","6":"product_cat-laptop-housing","7":"product_tag-fujitsu","9":"first","10":"instock","11":"taxable","12":"shipping-taxable","13":"purchasable","14":"product-type-simple"},"_links":{"self":[{"href":"https:\/\/boreait.com\/fr\/wp-json\/wp\/v2\/product\/14914","targetHints":{"allow":["GET"]}}],"collection":[{"href":"https:\/\/boreait.com\/fr\/wp-json\/wp\/v2\/product"}],"about":[{"href":"https:\/\/boreait.com\/fr\/wp-json\/wp\/v2\/types\/product"}],"wp:featuredmedia":[{"embeddable":true,"href":"https:\/\/boreait.com\/fr\/wp-json\/wp\/v2\/media\/14984"}],"wp:attachment":[{"href":"https:\/\/boreait.com\/fr\/wp-json\/wp\/v2\/media?parent=14914"}],"wp:term":[{"taxonomy":"product_brand","embeddable":true,"href":"https:\/\/boreait.com\/fr\/wp-json\/wp\/v2\/product_brand?post=14914"},{"taxonomy":"product_cat","embeddable":true,"href":"https:\/\/boreait.com\/fr\/wp-json\/wp\/v2\/product_cat?post=14914"},{"taxonomy":"product_tag","embeddable":true,"href":"https:\/\/boreait.com\/fr\/wp-json\/wp\/v2\/product_tag?post=14914"}],"curies":[{"name":"wp","href":"https:\/\/api.w.org\/{rel}","templated":true}]}}