{"id":14906,"date":"2025-09-15T17:21:00","date_gmt":"2025-09-15T15:21:00","guid":{"rendered":"https:\/\/boreait.com\/fr\/?post_type=product&#038;p=14906"},"modified":"2025-09-15T17:25:29","modified_gmt":"2025-09-15T15:25:29","slug":"boitier-inferieur-de-la-carte-mere-fujitsu-lifebook-ah531-cp518111-01-dorigine","status":"publish","type":"product","link":"https:\/\/boreait.com\/fr\/produit\/boitier-inferieur-de-la-carte-mere-fujitsu-lifebook-ah531-cp518111-01-dorigine\/","title":{"rendered":"Bo\u00eetier inf\u00e9rieur de la carte m\u00e8re Fujitsu LifeBook AH531 CP518111-01 d&rsquo;origine"},"content":{"rendered":"<p>Con\u00e7u sp\u00e9cialement pour la carte m\u00e8re du Fujitsu LifeBook AH531, ce bo\u00eetier inf\u00e9rieur d&rsquo;origine est une pi\u00e8ce de rechange haut de gamme (r\u00e9f\u00e9rence CP518111-01). Con\u00e7u pour s&rsquo;adapter parfaitement \u00e0 votre appareil, ce bo\u00eetier garantit une installation facile et sans tracas.<\/p>\n<p>Fabriqu\u00e9 \u00e0 partir de mat\u00e9riaux de haute qualit\u00e9, ce bo\u00eetier inf\u00e9rieur garantit durabilit\u00e9 et long\u00e9vit\u00e9, offrant une protection optimale aux composants internes de votre ordinateur portable. Son design \u00e9l\u00e9gant et sa fabrication soign\u00e9e pr\u00e9servent l&rsquo;esth\u00e9tique de votre appareil, lui conf\u00e9rant un aspect neuf et soign\u00e9.<\/p>\n<p>Gr\u00e2ce aux photos r\u00e9elles du produit, vous avez une id\u00e9e pr\u00e9cise de ce \u00e0 quoi vous attendre, garantissant transparence et confiance lors de votre achat. Bien que les instructions de remplacement ne soient pas incluses, soyez assur\u00e9 que nous sommes \u00e0 votre disposition par message. Besoin d&rsquo;aide ou de questions\u00a0? N&rsquo;h\u00e9sitez pas \u00e0 nous contacter, nous serons ravis de vous aider.<\/p>\n<p>Am\u00e9liorez votre Fujitsu LifeBook AH531 avec ce bo\u00eetier inf\u00e9rieur d&rsquo;origine et profitez d&rsquo;une int\u00e9gration parfaite qui am\u00e9liore \u00e0 la fois la fonctionnalit\u00e9 et l&rsquo;esth\u00e9tique. Faites confiance \u00e0 la qualit\u00e9 et \u00e0 la pr\u00e9cision de cette pi\u00e8ce de rechange pour garder votre appareil prot\u00e9g\u00e9 et \u00e0 son meilleur.<\/p>\n","protected":false},"excerpt":{"rendered":"<p>Am\u00e9liorez votre Fujitsu LifeBook AH531 avec ce bo\u00eetier inf\u00e9rieur de carte m\u00e8re d&rsquo;origine (r\u00e9f\u00e9rence\u00a0: CP518111-01). Fabriqu\u00e9 avec pr\u00e9cision pour un ajustement parfait, ce bo\u00eetier est indispensable pour votre appareil. D\u00e9couvrez les photos pour un aper\u00e7u plus d\u00e9taill\u00e9. Besoin d&rsquo;aide pour l&rsquo;installation\u00a0? Contactez-moi pour une assistance experte. Donnez un nouveau look \u00e0 votre ordinateur portable d\u00e8s aujourd&rsquo;hui\u00a0!<\/p>\n","protected":false},"featured_media":14979,"template":"","meta":[],"product_brand":[],"product_cat":[52],"product_tag":[64],"class_list":{"0":"post-14906","1":"product","2":"type-product","3":"status-publish","4":"has-post-thumbnail","6":"product_cat-laptop-housing","7":"product_tag-fujitsu","9":"first","10":"instock","11":"taxable","12":"shipping-taxable","13":"purchasable","14":"product-type-simple"},"_links":{"self":[{"href":"https:\/\/boreait.com\/fr\/wp-json\/wp\/v2\/product\/14906","targetHints":{"allow":["GET"]}}],"collection":[{"href":"https:\/\/boreait.com\/fr\/wp-json\/wp\/v2\/product"}],"about":[{"href":"https:\/\/boreait.com\/fr\/wp-json\/wp\/v2\/types\/product"}],"wp:featuredmedia":[{"embeddable":true,"href":"https:\/\/boreait.com\/fr\/wp-json\/wp\/v2\/media\/14979"}],"wp:attachment":[{"href":"https:\/\/boreait.com\/fr\/wp-json\/wp\/v2\/media?parent=14906"}],"wp:term":[{"taxonomy":"product_brand","embeddable":true,"href":"https:\/\/boreait.com\/fr\/wp-json\/wp\/v2\/product_brand?post=14906"},{"taxonomy":"product_cat","embeddable":true,"href":"https:\/\/boreait.com\/fr\/wp-json\/wp\/v2\/product_cat?post=14906"},{"taxonomy":"product_tag","embeddable":true,"href":"https:\/\/boreait.com\/fr\/wp-json\/wp\/v2\/product_tag?post=14906"}],"curies":[{"name":"wp","href":"https:\/\/api.w.org\/{rel}","templated":true}]}}