{"id":14905,"date":"2025-09-15T17:21:00","date_gmt":"2025-09-15T15:21:00","guid":{"rendered":"https:\/\/boreait.com\/fr\/?post_type=product&#038;p=14905"},"modified":"2025-09-15T17:25:12","modified_gmt":"2025-09-15T15:25:12","slug":"couvercle-superieur-de-lecran-lcd-de-remplacement-pour-fujitsu-lifebook-a531-ah512-ah531-cp515924-01","status":"publish","type":"product","link":"https:\/\/boreait.com\/fr\/produit\/couvercle-superieur-de-lecran-lcd-de-remplacement-pour-fujitsu-lifebook-a531-ah512-ah531-cp515924-01\/","title":{"rendered":"Couvercle sup\u00e9rieur de l&rsquo;\u00e9cran LCD de remplacement pour Fujitsu Lifebook A531 AH512 AH531 CP515924-01"},"content":{"rendered":"<p>Transformez votre Fujitsu Lifebook A531 AH512 AH531 avec ce cache sup\u00e9rieur LCD de remplacement de haute qualit\u00e9. Con\u00e7u avec pr\u00e9cision, ce cache (r\u00e9f\u00e9rence\u00a0: CP515924-01) garantit un ajustement parfait et une durabilit\u00e9 sup\u00e9rieure. Les photos r\u00e9elles t\u00e9moignent de son design \u00e9l\u00e9gant et de sa fabrication pr\u00e9cise.<\/p>\n<p>Installation facile, m\u00eame si les instructions ne sont pas fournies. Pour toute question ou besoin d&rsquo;aide, n&rsquo;h\u00e9sitez pas \u00e0 nous contacter. Am\u00e9liorez l&rsquo;esth\u00e9tique de votre appareil tout en prot\u00e9geant l&rsquo;\u00e9cran LCD gr\u00e2ce \u00e0 ce cache sup\u00e9rieur.<\/p>\n<p>Con\u00e7u pour ceux qui appr\u00e9cient le style et la fonctionnalit\u00e9, ce cache de remplacement est indispensable pour tous ceux qui souhaitent moderniser leur Fujitsu Lifebook. Sublimez l&rsquo;apparence de votre appareil et assurez sa long\u00e9vit\u00e9 gr\u00e2ce \u00e0 ce cache sup\u00e9rieur LCD de remplacement. Modernisez votre ordinateur portable sans effort et profitez d&rsquo;un look rafra\u00eechi gr\u00e2ce \u00e0 cette housse de qualit\u00e9 sup\u00e9rieure.<\/p>\n","protected":false},"excerpt":{"rendered":"<p>Am\u00e9liorez votre Fujitsu Lifebook A531 AH512 AH531 avec ce cache LCD de remplacement. Fabriqu\u00e9 avec pr\u00e9cision (r\u00e9f\u00e9rence CP515924-01), ce cache assure un ajustement parfait. De vraies photos vous garantissent un r\u00e9sultat impeccable. Besoin d&rsquo;aide\u00a0? Contactez-moi pour un conseil d&rsquo;expert. Sublimez l&rsquo;esth\u00e9tique de votre ordinateur portable d\u00e8s maintenant\u00a0!<\/p>\n","protected":false},"featured_media":14977,"template":"","meta":[],"product_brand":[],"product_cat":[52],"product_tag":[64],"class_list":{"0":"post-14905","1":"product","2":"type-product","3":"status-publish","4":"has-post-thumbnail","6":"product_cat-laptop-housing","7":"product_tag-fujitsu","9":"first","10":"instock","11":"taxable","12":"shipping-taxable","13":"purchasable","14":"product-type-simple"},"_links":{"self":[{"href":"https:\/\/boreait.com\/fr\/wp-json\/wp\/v2\/product\/14905","targetHints":{"allow":["GET"]}}],"collection":[{"href":"https:\/\/boreait.com\/fr\/wp-json\/wp\/v2\/product"}],"about":[{"href":"https:\/\/boreait.com\/fr\/wp-json\/wp\/v2\/types\/product"}],"wp:featuredmedia":[{"embeddable":true,"href":"https:\/\/boreait.com\/fr\/wp-json\/wp\/v2\/media\/14977"}],"wp:attachment":[{"href":"https:\/\/boreait.com\/fr\/wp-json\/wp\/v2\/media?parent=14905"}],"wp:term":[{"taxonomy":"product_brand","embeddable":true,"href":"https:\/\/boreait.com\/fr\/wp-json\/wp\/v2\/product_brand?post=14905"},{"taxonomy":"product_cat","embeddable":true,"href":"https:\/\/boreait.com\/fr\/wp-json\/wp\/v2\/product_cat?post=14905"},{"taxonomy":"product_tag","embeddable":true,"href":"https:\/\/boreait.com\/fr\/wp-json\/wp\/v2\/product_tag?post=14905"}],"curies":[{"name":"wp","href":"https:\/\/api.w.org\/{rel}","templated":true}]}}