{"id":14903,"date":"2025-09-15T17:20:59","date_gmt":"2025-09-15T15:20:59","guid":{"rendered":"https:\/\/boreait.com\/fr\/?post_type=product&#038;p=14903"},"modified":"2026-02-04T08:57:58","modified_gmt":"2026-02-04T07:57:58","slug":"memoire-pour-ordinateur-portable-sk-hynix-pc3l-12800s-ddr3l-4-go-hmt451s6afr8a-pb-1rx8","status":"publish","type":"product","link":"https:\/\/boreait.com\/fr\/produit\/memoire-pour-ordinateur-portable-sk-hynix-pc3l-12800s-ddr3l-4-go-hmt451s6afr8a-pb-1rx8\/","title":{"rendered":"M\u00e9moire pour ordinateur portable SK Hynix PC3L-12800S DDR3L 4 Go HMT451S6AFR8A-PB 1Rx8"},"content":{"rendered":"<p>Am\u00e9liorez les performances de votre ordinateur portable avec cette RAM DDR3L SK Hynix PC3L-12800S de 4 Go de haute qualit\u00e9. Boostez la vitesse et les capacit\u00e9s multit\u00e2ches de votre appareil sans effort gr\u00e2ce \u00e0 ce module de m\u00e9moire 1Rx8 fiable. Le HMT451S6AFR8A-PB garantit un fonctionnement fluide et une efficacit\u00e9 accrue pour vos besoins informatiques quotidiens.<\/p>\n<p>Oubliez les performances lentes et les temps de chargement interminables\u00a0: cette RAM est la solution id\u00e9ale pour une exp\u00e9rience utilisateur plus fluide et plus r\u00e9active. Que vous soyez \u00e9tudiant, professionnel ou joueur, cette mise \u00e0 niveau de m\u00e9moire propulsera votre productivit\u00e9 et vos loisirs au niveau sup\u00e9rieur.<\/p>\n<p>Nous fournissons de vraies photos du produit pour que vous sachiez exactement ce que vous obtenez. Veuillez noter que nous ne fournissons pas d&rsquo;instructions pour le remplacement des pi\u00e8ces. Cependant, si vous avez des questions ou besoin d&rsquo;aide concernant la compatibilit\u00e9 ou l&rsquo;installation, n&rsquo;h\u00e9sitez pas \u00e0 nous contacter. Am\u00e9liorez votre ordinateur portable d\u00e8s maintenant avec cette RAM DDR3L SK Hynix haut de gamme et profitez d&rsquo;une exp\u00e9rience informatique plus rapide et plus efficace.<\/p>\n","protected":false},"excerpt":{"rendered":"<p>Am\u00e9liorez les performances de votre ordinateur portable avec cette m\u00e9moire DDR3L SK Hynix 4 Go de haute qualit\u00e9. Gagnez en vitesse et en efficacit\u00e9 pour un multit\u00e2che fluide. Produit authentique pr\u00e9sent\u00e9 en photos. Besoin d&rsquo;aide apr\u00e8s l&rsquo;achat\u00a0? Contactez-moi pour une assistance experte. Am\u00e9liorez votre exp\u00e9rience informatique d\u00e8s aujourd&rsquo;hui\u00a0!<\/p>\n","protected":false},"featured_media":14972,"template":"","meta":[],"product_brand":[],"product_cat":[73,72],"product_tag":[92],"class_list":{"0":"post-14903","1":"product","2":"type-product","3":"status-publish","4":"has-post-thumbnail","6":"product_cat-ddr3-ddr3l","7":"product_cat-ram-memory","8":"product_tag-hynix","10":"first","11":"instock","12":"taxable","13":"shipping-taxable","14":"purchasable","15":"product-type-simple"},"_links":{"self":[{"href":"https:\/\/boreait.com\/fr\/wp-json\/wp\/v2\/product\/14903","targetHints":{"allow":["GET"]}}],"collection":[{"href":"https:\/\/boreait.com\/fr\/wp-json\/wp\/v2\/product"}],"about":[{"href":"https:\/\/boreait.com\/fr\/wp-json\/wp\/v2\/types\/product"}],"wp:featuredmedia":[{"embeddable":true,"href":"https:\/\/boreait.com\/fr\/wp-json\/wp\/v2\/media\/14972"}],"wp:attachment":[{"href":"https:\/\/boreait.com\/fr\/wp-json\/wp\/v2\/media?parent=14903"}],"wp:term":[{"taxonomy":"product_brand","embeddable":true,"href":"https:\/\/boreait.com\/fr\/wp-json\/wp\/v2\/product_brand?post=14903"},{"taxonomy":"product_cat","embeddable":true,"href":"https:\/\/boreait.com\/fr\/wp-json\/wp\/v2\/product_cat?post=14903"},{"taxonomy":"product_tag","embeddable":true,"href":"https:\/\/boreait.com\/fr\/wp-json\/wp\/v2\/product_tag?post=14903"}],"curies":[{"name":"wp","href":"https:\/\/api.w.org\/{rel}","templated":true}]}}