{"id":14892,"date":"2025-09-15T17:20:31","date_gmt":"2025-09-15T15:20:31","guid":{"rendered":"https:\/\/boreait.com\/fr\/?post_type=product&#038;p=14892"},"modified":"2026-02-04T08:57:11","modified_gmt":"2026-02-04T07:57:11","slug":"cache-de-charniere-du-bouton-dalimentation-du-fujitsu-lifebook-a531-ah512-cp515938-01","status":"publish","type":"product","link":"https:\/\/boreait.com\/fr\/produit\/cache-de-charniere-du-bouton-dalimentation-du-fujitsu-lifebook-a531-ah512-cp515938-01\/","title":{"rendered":"Cache de charni\u00e8re du bouton d&rsquo;alimentation du Fujitsu Lifebook A531 AH512 CP515938-01"},"content":{"rendered":"<p>Envie de donner un nouveau look \u00e0 votre Fujitsu Lifebook A531 AH512 A531\u00a0? Ce cache-charni\u00e8re pour bouton d&rsquo;alimentation est la solution id\u00e9ale. Fabriqu\u00e9e avec soin, cette pi\u00e8ce d&rsquo;origine (r\u00e9f\u00e9rence\u00a0: CP515938-01) est con\u00e7ue pour remplacer parfaitement votre cache-charni\u00e8re usag\u00e9 ou endommag\u00e9.<\/p>\n<p>Am\u00e9liorez l&rsquo;esth\u00e9tique de votre ordinateur portable avec ce cache-charni\u00e8re \u00e9l\u00e9gant et durable. Gr\u00e2ce aux photos r\u00e9elles disponibles, vous pouvez voir exactement ce que vous obtenez avant d&rsquo;acheter.<\/p>\n<p>Veuillez noter que je ne fournis pas d&rsquo;instructions pour le remplacement des pi\u00e8ces. Cependant, si vous avez besoin d&rsquo;aide ou si vous avez des questions concernant le produit, n&rsquo;h\u00e9sitez pas \u00e0 m&rsquo;envoyer un message.<\/p>\n<p>Am\u00e9liorez l&rsquo;apparence et les fonctionnalit\u00e9s de votre ordinateur portable avec ce cache-charni\u00e8re pour bouton d&rsquo;alimentation. Procurez-vous le v\u00f4tre d\u00e8s aujourd&rsquo;hui et offrez \u00e0 votre Fujitsu Lifebook une nouvelle version \u00e9l\u00e9gante.<\/p>\n","protected":false},"excerpt":{"rendered":"<p>Sublimez votre Fujitsu Lifebook A531 AH512 A531 avec ce cache de charni\u00e8re pour bouton d&rsquo;alimentation. Fabriqu\u00e9 \u00e0 la perfection, r\u00e9f\u00e9rence CP515938-01. De vraies photos pour des attentes r\u00e9alistes. Besoin d&rsquo;aide pour l&rsquo;installation\u00a0? Envoyez-moi un message. Sublimez votre ordinateur portable avec cette \u00e9l\u00e9gante mise \u00e0 niveau.<\/p>\n","protected":false},"featured_media":14964,"template":"","meta":[],"product_brand":[],"product_cat":[52],"product_tag":[64],"class_list":{"0":"post-14892","1":"product","2":"type-product","3":"status-publish","4":"has-post-thumbnail","6":"product_cat-laptop-housing","7":"product_tag-fujitsu","9":"first","10":"instock","11":"taxable","12":"shipping-taxable","13":"purchasable","14":"product-type-simple"},"_links":{"self":[{"href":"https:\/\/boreait.com\/fr\/wp-json\/wp\/v2\/product\/14892","targetHints":{"allow":["GET"]}}],"collection":[{"href":"https:\/\/boreait.com\/fr\/wp-json\/wp\/v2\/product"}],"about":[{"href":"https:\/\/boreait.com\/fr\/wp-json\/wp\/v2\/types\/product"}],"wp:featuredmedia":[{"embeddable":true,"href":"https:\/\/boreait.com\/fr\/wp-json\/wp\/v2\/media\/14964"}],"wp:attachment":[{"href":"https:\/\/boreait.com\/fr\/wp-json\/wp\/v2\/media?parent=14892"}],"wp:term":[{"taxonomy":"product_brand","embeddable":true,"href":"https:\/\/boreait.com\/fr\/wp-json\/wp\/v2\/product_brand?post=14892"},{"taxonomy":"product_cat","embeddable":true,"href":"https:\/\/boreait.com\/fr\/wp-json\/wp\/v2\/product_cat?post=14892"},{"taxonomy":"product_tag","embeddable":true,"href":"https:\/\/boreait.com\/fr\/wp-json\/wp\/v2\/product_tag?post=14892"}],"curies":[{"name":"wp","href":"https:\/\/api.w.org\/{rel}","templated":true}]}}