{"id":14891,"date":"2025-09-15T17:20:31","date_gmt":"2025-09-15T15:20:31","guid":{"rendered":"https:\/\/boreait.com\/fr\/?post_type=product&#038;p=14891"},"modified":"2025-09-15T17:23:47","modified_gmt":"2025-09-15T15:23:47","slug":"boitier-inferieur-de-carte-mere-dorigine-fujitsu-lifebook-ah531-cp518109-01","status":"publish","type":"product","link":"https:\/\/boreait.com\/fr\/produit\/boitier-inferieur-de-carte-mere-dorigine-fujitsu-lifebook-ah531-cp518109-01\/","title":{"rendered":"Bo\u00eetier inf\u00e9rieur de carte m\u00e8re d&rsquo;origine Fujitsu LifeBook AH531 CP518109-01"},"content":{"rendered":"<p>Transformez la carte m\u00e8re de votre Fujitsu LifeBook AH531 avec ce bo\u00eetier inf\u00e9rieur de remplacement d&rsquo;origine. Con\u00e7u sp\u00e9cifiquement pour votre ordinateur portable, ce bo\u00eetier inf\u00e9rieur (r\u00e9f\u00e9rence\u00a0: CP518109-01) assure un ajustement parfait et des performances optimales. Fabriqu\u00e9 avec pr\u00e9cision et des mat\u00e9riaux de qualit\u00e9, il garantit durabilit\u00e9 et long\u00e9vit\u00e9 \u00e0 votre appareil.<\/p>\n<p>Avec de vraies photos pour plus d&rsquo;authenticit\u00e9, vous pouvez \u00eatre s\u00fbr d&rsquo;obtenir exactement ce que vous voyez. Mettez \u00e0 niveau votre ordinateur portable en toute simplicit\u00e9 et en toute confiance, sachant que cette pi\u00e8ce d&rsquo;origine pr\u00e9servera l&rsquo;int\u00e9grit\u00e9 de votre carte m\u00e8re Fujitsu LifeBook AH531.<\/p>\n<p>Veuillez noter que je ne fournis pas d&rsquo;instructions pour le remplacement des pi\u00e8ces. Cependant, si vous avez besoin d&rsquo;aide ou si vous avez des questions sur le produit, n&rsquo;h\u00e9sitez pas \u00e0 me contacter. Redonnez une seconde vie \u00e0 votre ordinateur portable avec ce bo\u00eetier inf\u00e9rieur de remplacement d&rsquo;origine\u00a0: la solution id\u00e9ale pour lui redonner son \u00e9clat d&rsquo;antan.<\/p>\n","protected":false},"excerpt":{"rendered":"<p>Am\u00e9liorez la durabilit\u00e9 et l&rsquo;esth\u00e9tique de votre Fujitsu LifeBook AH531 avec ce bo\u00eetier inf\u00e9rieur de carte m\u00e8re d&rsquo;origine. Fabriqu\u00e9 avec pr\u00e9cision (r\u00e9f\u00e9rence CP518109-01), ce bo\u00eetier assure un ajustement parfait et des performances durables. D\u00e9couvrez les photos pour un aper\u00e7u plus d\u00e9taill\u00e9. Besoin d&rsquo;aide\u00a0? N&rsquo;h\u00e9sitez pas \u00e0 me contacter pour toute question ou assistance. Mettez \u00e0 niveau votre ordinateur portable en toute simplicit\u00e9\u00a0!<\/p>\n","protected":false},"featured_media":14959,"template":"","meta":[],"product_brand":[],"product_cat":[52],"product_tag":[64],"class_list":{"0":"post-14891","1":"product","2":"type-product","3":"status-publish","4":"has-post-thumbnail","6":"product_cat-laptop-housing","7":"product_tag-fujitsu","9":"first","10":"instock","11":"taxable","12":"shipping-taxable","13":"purchasable","14":"product-type-simple"},"_links":{"self":[{"href":"https:\/\/boreait.com\/fr\/wp-json\/wp\/v2\/product\/14891","targetHints":{"allow":["GET"]}}],"collection":[{"href":"https:\/\/boreait.com\/fr\/wp-json\/wp\/v2\/product"}],"about":[{"href":"https:\/\/boreait.com\/fr\/wp-json\/wp\/v2\/types\/product"}],"wp:featuredmedia":[{"embeddable":true,"href":"https:\/\/boreait.com\/fr\/wp-json\/wp\/v2\/media\/14959"}],"wp:attachment":[{"href":"https:\/\/boreait.com\/fr\/wp-json\/wp\/v2\/media?parent=14891"}],"wp:term":[{"taxonomy":"product_brand","embeddable":true,"href":"https:\/\/boreait.com\/fr\/wp-json\/wp\/v2\/product_brand?post=14891"},{"taxonomy":"product_cat","embeddable":true,"href":"https:\/\/boreait.com\/fr\/wp-json\/wp\/v2\/product_cat?post=14891"},{"taxonomy":"product_tag","embeddable":true,"href":"https:\/\/boreait.com\/fr\/wp-json\/wp\/v2\/product_tag?post=14891"}],"curies":[{"name":"wp","href":"https:\/\/api.w.org\/{rel}","templated":true}]}}