{"id":14890,"date":"2025-09-15T17:20:31","date_gmt":"2025-09-15T15:20:31","guid":{"rendered":"https:\/\/boreait.com\/fr\/?post_type=product&#038;p=14890"},"modified":"2025-09-15T17:23:33","modified_gmt":"2025-09-15T15:23:33","slug":"veritable-processeur-fujitsu-lifebook-ah531-intel-core-i3-2350-230-ghz-sr0dn","status":"publish","type":"product","link":"https:\/\/boreait.com\/fr\/produit\/veritable-processeur-fujitsu-lifebook-ah531-intel-core-i3-2350-230-ghz-sr0dn\/","title":{"rendered":"V\u00e9ritable processeur Fujitsu Lifebook AH531 Intel Core i3-2350 2,30 GHz SR0DN"},"content":{"rendered":"<p>Am\u00e9liorez les performances de votre Fujitsu Lifebook AH531 avec le processeur Intel Core i3-2350 2,30 GHz (r\u00e9f\u00e9rence SR0DN). Ce processeur authentique vous garantit une exp\u00e9rience informatique fluide, une vitesse et une efficacit\u00e9 accrues. Pr\u00e9sent\u00e9 avec de vraies photos pour une authenticit\u00e9 optimale, ce processeur est un choix fiable pour ceux qui recherchent des performances accrues.<\/p>\n<p>Veuillez noter que je ne fournis pas d&rsquo;instructions pour le remplacement des pi\u00e8ces. Cependant, si vous avez besoin d&rsquo;aide ou si vous avez des questions concernant le produit, n&rsquo;h\u00e9sitez pas \u00e0 m&rsquo;envoyer un message. Investissez dans ce processeur haut de gamme pour exploiter tout le potentiel de votre appareil et profiter d&rsquo;un fonctionnement plus rapide et plus fluide. Am\u00e9liorez votre exp\u00e9rience informatique avec le processeur Intel Core i3-2350 2,30 GHz du Fujitsu Lifebook AH531 et b\u00e9n\u00e9ficiez de performances am\u00e9lior\u00e9es comme jamais auparavant.<\/p>\n","protected":false},"excerpt":{"rendered":"<p>Lib\u00e9rez la puissance de votre Fujitsu Lifebook AH531 avec ce processeur Intel Core i3-2350 \u00e0 2,30 GHz. Optimisez vos performances gr\u00e2ce \u00e0 la r\u00e9f\u00e9rence SR0DN, pour une exp\u00e9rience fluide. Photos authentiques garanties. Besoin d&rsquo;aide pour l&rsquo;installation\u00a0? Contactez-moi pour une assistance experte. Am\u00e9liorez votre exp\u00e9rience informatique d\u00e8s aujourd&rsquo;hui.<\/p>\n","protected":false},"featured_media":14958,"template":"","meta":[],"product_brand":[],"product_cat":[75],"product_tag":[64],"class_list":{"0":"post-14890","1":"product","2":"type-product","3":"status-publish","4":"has-post-thumbnail","6":"product_cat-processors-cpu","7":"product_tag-fujitsu","9":"first","10":"instock","11":"taxable","12":"shipping-taxable","13":"purchasable","14":"product-type-simple"},"_links":{"self":[{"href":"https:\/\/boreait.com\/fr\/wp-json\/wp\/v2\/product\/14890","targetHints":{"allow":["GET"]}}],"collection":[{"href":"https:\/\/boreait.com\/fr\/wp-json\/wp\/v2\/product"}],"about":[{"href":"https:\/\/boreait.com\/fr\/wp-json\/wp\/v2\/types\/product"}],"wp:featuredmedia":[{"embeddable":true,"href":"https:\/\/boreait.com\/fr\/wp-json\/wp\/v2\/media\/14958"}],"wp:attachment":[{"href":"https:\/\/boreait.com\/fr\/wp-json\/wp\/v2\/media?parent=14890"}],"wp:term":[{"taxonomy":"product_brand","embeddable":true,"href":"https:\/\/boreait.com\/fr\/wp-json\/wp\/v2\/product_brand?post=14890"},{"taxonomy":"product_cat","embeddable":true,"href":"https:\/\/boreait.com\/fr\/wp-json\/wp\/v2\/product_cat?post=14890"},{"taxonomy":"product_tag","embeddable":true,"href":"https:\/\/boreait.com\/fr\/wp-json\/wp\/v2\/product_tag?post=14890"}],"curies":[{"name":"wp","href":"https:\/\/api.w.org\/{rel}","templated":true}]}}